{"id":808,"date":"2018-05-26T09:57:42","date_gmt":"2018-05-26T09:57:42","guid":{"rendered":"http:\/\/sonido13.com\/?page_id=808"},"modified":"2020-05-10T15:46:36","modified_gmt":"2020-05-10T15:46:36","slug":"maestro-arturo-soriano-y-la-escritura-musical-sonido-13","status":"publish","type":"page","link":"https:\/\/sonido13.com\/index.php\/maestro-arturo-soriano-y-la-escritura-musical-sonido-13\/","title":{"rendered":"MAESTRO ARTURO SORIANO Y LA ESCRITURA MUSICAL SONIDO 13"},"content":{"rendered":"<p>En el a\u00f1o de 1995 comenzaba a dar mi servicio social en materia de M\u00fasica, con la especialidad en Teclado Electr\u00f3nico y Flauta Dulce, asign\u00e1ndoseme para ello la Escuela Secundaria T\u00e9cnica No. 38, en la provincia de Ocotl\u00e1n, estado de Oaxaca.<br \/>\nEl curso por m\u00ed impartido estaba basado en su totalidad en el sistema de escritura musical propuesto por el Maestro Juli\u00e1n Carrillo, a base de n\u00fameros, es decir, escribir la m\u00fasica con n\u00fameros en lugar de las conocidas notas musicales en el pentagrama.<br \/>\nLa eficacia de este sistema no se hizo esperar, pues en menos de un mes de iniciado el curso todos mis alumnos interpretaban ya diversas melod\u00edas con sus respectivos instrumentos, aventajando de esta manera al resto del alumnado que trataba de entender el lenguaje musical con notas y pentagramas.<br \/>\nEn respuesta a tan extraordinario resultado fui llamado por el director del plantel para darme la noticia de que mi curso terminaba en ese momento y que la documentaci\u00f3n que justificaba el cumplimiento del servicio social ser\u00eda firmada sin problema alguno, \u201ccomo si realmente lo hubiera llevado a cabo\u201d, como si hubiera durado los seis meses que estipula el reglamento de la Universidad de Oaxaca, y que podr\u00eda ocupar ese tiempo en otras actividades.<br \/>\nSorprendido le pregunt\u00e9 el por qu\u00e9 de esa decisi\u00f3n pues los resultados saltaban a la vista y eran excelentes, y al insistir en una respuesta al fin me dijo que el maestro titular de m\u00fasica de la escuela se hab\u00eda quejado con \u00e9l por que mis alumnos en muy poco tiempo hab\u00edan logrado mucho m\u00e1s avance que los suyos, y eso era ponerlo \u201cen evidencia\u201d y que lo mejor era dar por terminado el curso que estaba impartiendo y as\u00ed no habr\u00eda problema alguno.<br \/>\nEl director acat\u00f3 dicha petici\u00f3n y dej\u00e9 de asistir a impartir el curso.<\/p>\n<p>Arturo Soriano (Junio 2010)<\/p>\n","protected":false},"excerpt":{"rendered":"<p>En el a\u00f1o de 1995 comenzaba a dar mi servicio social en materia de M\u00fasica, con la especialidad en Teclado Electr\u00f3nico y Flauta Dulce, asign\u00e1ndoseme para ello la Escuela Secundaria T\u00e9cnica No. 38, en la provincia de Ocotl\u00e1n, estado de Oaxaca. El curso por m\u00ed impartido estaba basado en su totalidad en el sistema de [&hellip;]<\/p>\n","protected":false},"author":1,"featured_media":0,"parent":0,"menu_order":4,"comment_status":"closed","ping_status":"closed","template":"","meta":{"ocean_post_layout":"","ocean_both_sidebars_style":"","ocean_both_sidebars_content_width":0,"ocean_both_sidebars_sidebars_width":0,"ocean_sidebar":"","ocean_second_sidebar":"","ocean_disable_margins":"enable","ocean_add_body_class":"","ocean_shortcode_before_top_bar":"","ocean_shortcode_after_top_bar":"","ocean_shortcode_before_header":"","ocean_shortcode_after_header":"","ocean_has_shortcode":"","ocean_shortcode_after_title":"","ocean_shortcode_before_footer_widgets":"","ocean_shortcode_after_footer_widgets":"","ocean_shortcode_before_footer_bottom":"","ocean_shortcode_after_footer_bottom":"","ocean_display_top_bar":"default","ocean_display_header":"default","ocean_header_style":"","ocean_center_header_left_menu":"","ocean_custom_header_template":"","ocean_custom_logo":0,"ocean_custom_retina_logo":0,"ocean_custom_logo_max_width":0,"ocean_custom_logo_tablet_max_width":0,"ocean_custom_logo_mobile_max_width":0,"ocean_custom_logo_max_height":0,"ocean_custom_logo_tablet_max_height":0,"ocean_custom_logo_mobile_max_height":0,"ocean_header_custom_menu":"","ocean_menu_typo_font_family":"","ocean_menu_typo_font_subset":"","ocean_menu_typo_font_size":0,"ocean_menu_typo_font_size_tablet":0,"ocean_menu_typo_font_size_mobile":0,"ocean_menu_typo_font_size_unit":"px","ocean_menu_typo_font_weight":"","ocean_menu_typo_font_weight_tablet":"","ocean_menu_typo_font_weight_mobile":"","ocean_menu_typo_transform":"","ocean_menu_typo_transform_tablet":"","ocean_menu_typo_transform_mobile":"","ocean_menu_typo_line_height":0,"ocean_menu_typo_line_height_tablet":0,"ocean_menu_typo_line_height_mobile":0,"ocean_menu_typo_line_height_unit":"","ocean_menu_typo_spacing":0,"ocean_menu_typo_spacing_tablet":0,"ocean_menu_typo_spacing_mobile":0,"ocean_menu_typo_spacing_unit":"","ocean_menu_link_color":"","ocean_menu_link_color_hover":"","ocean_menu_link_color_active":"","ocean_menu_link_background":"","ocean_menu_link_hover_background":"","ocean_menu_link_active_background":"","ocean_menu_social_links_bg":"","ocean_menu_social_hover_links_bg":"","ocean_menu_social_links_color":"","ocean_menu_social_hover_links_color":"","ocean_disable_title":"default","ocean_disable_heading":"default","ocean_post_title":"","ocean_post_subheading":"","ocean_post_title_style":"","ocean_post_title_background_color":"","ocean_post_title_background":0,"ocean_post_title_bg_image_position":"","ocean_post_title_bg_image_attachment":"","ocean_post_title_bg_image_repeat":"","ocean_post_title_bg_image_size":"","ocean_post_title_height":0,"ocean_post_title_bg_overlay":0.5,"ocean_post_title_bg_overlay_color":"","ocean_disable_breadcrumbs":"default","ocean_breadcrumbs_color":"","ocean_breadcrumbs_separator_color":"","ocean_breadcrumbs_links_color":"","ocean_breadcrumbs_links_hover_color":"","ocean_display_footer_widgets":"default","ocean_display_footer_bottom":"default","ocean_custom_footer_template":"","footnotes":""},"wf_page_folders":[5],"class_list":["post-808","page","type-page","status-publish","hentry","entry"],"_links":{"self":[{"href":"https:\/\/sonido13.com\/index.php\/wp-json\/wp\/v2\/pages\/808","targetHints":{"allow":["GET"]}}],"collection":[{"href":"https:\/\/sonido13.com\/index.php\/wp-json\/wp\/v2\/pages"}],"about":[{"href":"https:\/\/sonido13.com\/index.php\/wp-json\/wp\/v2\/types\/page"}],"author":[{"embeddable":true,"href":"https:\/\/sonido13.com\/index.php\/wp-json\/wp\/v2\/users\/1"}],"replies":[{"embeddable":true,"href":"https:\/\/sonido13.com\/index.php\/wp-json\/wp\/v2\/comments?post=808"}],"version-history":[{"count":1,"href":"https:\/\/sonido13.com\/index.php\/wp-json\/wp\/v2\/pages\/808\/revisions"}],"predecessor-version":[{"id":809,"href":"https:\/\/sonido13.com\/index.php\/wp-json\/wp\/v2\/pages\/808\/revisions\/809"}],"wp:attachment":[{"href":"https:\/\/sonido13.com\/index.php\/wp-json\/wp\/v2\/media?parent=808"}],"wp:term":[{"taxonomy":"wf_page_folders","embeddable":true,"href":"https:\/\/sonido13.com\/index.php\/wp-json\/wp\/v2\/wf_page_folders?post=808"}],"curies":[{"name":"wp","href":"https:\/\/api.w.org\/{rel}","templated":true}]}}