{"id":806,"date":"2018-05-26T09:56:49","date_gmt":"2018-05-26T09:56:49","guid":{"rendered":"http:\/\/sonido13.com\/?page_id=806"},"modified":"2020-05-09T20:22:23","modified_gmt":"2020-05-09T20:22:23","slug":"socicultur-ddf","status":"publish","type":"page","link":"https:\/\/sonido13.com\/index.php\/socicultur-ddf\/","title":{"rendered":"SOCICULTUR \u00a0\u00a0DDF"},"content":{"rendered":"<p>En el mes de octubre de 1991 se solicit\u00f3 formalmente al gobierno del Distrito Federal, cuyo titular era Manuel Camacho Sol\u00eds, la realizaci\u00f3n de una gira por los diferentes museos de la Ciudad de M\u00e9xico con el fin de llevar a cabo la difusi\u00f3n del Sonido 13 ya con el Arpa Microinterv\u00e1lica de 909 sonidos, siendo para entonces cuatro los int\u00e9rpretes que participar\u00edamos en dichos eventos, Esther L\u00f3pez Camargo, Rosa Calder\u00f3n Zavala, Fernando Garc\u00eda Hern\u00e1ndez y Armando Nava Loya.<br \/>\nPara ello se recurri\u00f3 a la Direcci\u00f3n de Acci\u00f3n Social, C\u00edvica y Cultural (SOCICULTUR), en donde fueron asignados los museos y las fechas para la presentaci\u00f3n de los recitales durante el mes de noviembre, quedando de la siguiente manera: Museo de Historia Natural, el d\u00eda 3; Museo de la Ciudad de M\u00e9xico, el d\u00eda 9; Museo de la Revoluci\u00f3n, el d\u00eda 17 y finalmente, el Centro Cultural Jos\u00e9 Mart\u00ed, para el d\u00eda 23.<br \/>\nNo era de asombrarse que la \u201cgira\u201d se desarrollara en un estruendoso fracaso, ya que, desde el primer recital, en el Museo de Historia Natural carecimos de todo, transporte (retardado y en p\u00e9simo estado), sin sonido, sin propaganda, ni un anuncio en el museo, etc., cuando todo esto fue ofrecido por las autoridades (\u00bf?) culturales del DDF.<br \/>\nY as\u00ed pasamos a la segunda presentaci\u00f3n en el Museo de la Ciudad de M\u00e9xico, en igualdad de condiciones, y la tercera, en el Museo de la Revoluci\u00f3n, ya para la cuarta presentaci\u00f3n la total falta de inter\u00e9s por parte de estos irresponsables de la cultura mexicana fue tal que hubo de cancelarse el recital programado para el Centro Cultural Jos\u00e9 Mart\u00ed.<br \/>\nMe atrevo a decir, sin temor a equivocarme, que la ignorancia e incultura de las autoridades culturales de M\u00e9xico permitieron programar esta \u201cgira\u201d por los museos de la Ciudad de M\u00e9xico, siendo que, muy oportunamente, ese \u201calguien\u201d de siempre meti\u00f3 la mano y boicote\u00f3, como es costumbre en ellos estas presentaciones de difusi\u00f3n de los logros que hasta la fecha sigue mostrando la obra de nuestro ilustre maestro Juli\u00e1n Carrillo.<\/p>\n<p>Armando Nava Loya (Sep. 2009)<\/p>\n","protected":false},"excerpt":{"rendered":"<p>En el mes de octubre de 1991 se solicit\u00f3 formalmente al gobierno del Distrito Federal, cuyo titular era Manuel Camacho Sol\u00eds, la realizaci\u00f3n de una gira por los diferentes museos de la Ciudad de M\u00e9xico con el fin de llevar a cabo la difusi\u00f3n del Sonido 13 ya con el Arpa Microinterv\u00e1lica de 909 sonidos, [&hellip;]<\/p>\n","protected":false},"author":1,"featured_media":0,"parent":0,"menu_order":3,"comment_status":"closed","ping_status":"closed","template":"","meta":{"ocean_post_layout":"","ocean_both_sidebars_style":"","ocean_both_sidebars_content_width":0,"ocean_both_sidebars_sidebars_width":0,"ocean_sidebar":"","ocean_second_sidebar":"","ocean_disable_margins":"enable","ocean_add_body_class":"","ocean_shortcode_before_top_bar":"","ocean_shortcode_after_top_bar":"","ocean_shortcode_before_header":"","ocean_shortcode_after_header":"","ocean_has_shortcode":"","ocean_shortcode_after_title":"","ocean_shortcode_before_footer_widgets":"","ocean_shortcode_after_footer_widgets":"","ocean_shortcode_before_footer_bottom":"","ocean_shortcode_after_footer_bottom":"","ocean_display_top_bar":"default","ocean_display_header":"default","ocean_header_style":"","ocean_center_header_left_menu":"","ocean_custom_header_template":"","ocean_custom_logo":0,"ocean_custom_retina_logo":0,"ocean_custom_logo_max_width":0,"ocean_custom_logo_tablet_max_width":0,"ocean_custom_logo_mobile_max_width":0,"ocean_custom_logo_max_height":0,"ocean_custom_logo_tablet_max_height":0,"ocean_custom_logo_mobile_max_height":0,"ocean_header_custom_menu":"","ocean_menu_typo_font_family":"","ocean_menu_typo_font_subset":"","ocean_menu_typo_font_size":0,"ocean_menu_typo_font_size_tablet":0,"ocean_menu_typo_font_size_mobile":0,"ocean_menu_typo_font_size_unit":"px","ocean_menu_typo_font_weight":"","ocean_menu_typo_font_weight_tablet":"","ocean_menu_typo_font_weight_mobile":"","ocean_menu_typo_transform":"","ocean_menu_typo_transform_tablet":"","ocean_menu_typo_transform_mobile":"","ocean_menu_typo_line_height":0,"ocean_menu_typo_line_height_tablet":0,"ocean_menu_typo_line_height_mobile":0,"ocean_menu_typo_line_height_unit":"","ocean_menu_typo_spacing":0,"ocean_menu_typo_spacing_tablet":0,"ocean_menu_typo_spacing_mobile":0,"ocean_menu_typo_spacing_unit":"","ocean_menu_link_color":"","ocean_menu_link_color_hover":"","ocean_menu_link_color_active":"","ocean_menu_link_background":"","ocean_menu_link_hover_background":"","ocean_menu_link_active_background":"","ocean_menu_social_links_bg":"","ocean_menu_social_hover_links_bg":"","ocean_menu_social_links_color":"","ocean_menu_social_hover_links_color":"","ocean_disable_title":"default","ocean_disable_heading":"default","ocean_post_title":"","ocean_post_subheading":"","ocean_post_title_style":"","ocean_post_title_background_color":"","ocean_post_title_background":0,"ocean_post_title_bg_image_position":"","ocean_post_title_bg_image_attachment":"","ocean_post_title_bg_image_repeat":"","ocean_post_title_bg_image_size":"","ocean_post_title_height":0,"ocean_post_title_bg_overlay":0.5,"ocean_post_title_bg_overlay_color":"","ocean_disable_breadcrumbs":"default","ocean_breadcrumbs_color":"","ocean_breadcrumbs_separator_color":"","ocean_breadcrumbs_links_color":"","ocean_breadcrumbs_links_hover_color":"","ocean_display_footer_widgets":"default","ocean_display_footer_bottom":"default","ocean_custom_footer_template":"","footnotes":""},"wf_page_folders":[5],"class_list":["post-806","page","type-page","status-publish","hentry","entry"],"_links":{"self":[{"href":"https:\/\/sonido13.com\/index.php\/wp-json\/wp\/v2\/pages\/806","targetHints":{"allow":["GET"]}}],"collection":[{"href":"https:\/\/sonido13.com\/index.php\/wp-json\/wp\/v2\/pages"}],"about":[{"href":"https:\/\/sonido13.com\/index.php\/wp-json\/wp\/v2\/types\/page"}],"author":[{"embeddable":true,"href":"https:\/\/sonido13.com\/index.php\/wp-json\/wp\/v2\/users\/1"}],"replies":[{"embeddable":true,"href":"https:\/\/sonido13.com\/index.php\/wp-json\/wp\/v2\/comments?post=806"}],"version-history":[{"count":1,"href":"https:\/\/sonido13.com\/index.php\/wp-json\/wp\/v2\/pages\/806\/revisions"}],"predecessor-version":[{"id":807,"href":"https:\/\/sonido13.com\/index.php\/wp-json\/wp\/v2\/pages\/806\/revisions\/807"}],"wp:attachment":[{"href":"https:\/\/sonido13.com\/index.php\/wp-json\/wp\/v2\/media?parent=806"}],"wp:term":[{"taxonomy":"wf_page_folders","embeddable":true,"href":"https:\/\/sonido13.com\/index.php\/wp-json\/wp\/v2\/wf_page_folders?post=806"}],"curies":[{"name":"wp","href":"https:\/\/api.w.org\/{rel}","templated":true}]}}