{"id":804,"date":"2018-05-26T09:55:55","date_gmt":"2018-05-26T09:55:55","guid":{"rendered":"http:\/\/sonido13.com\/?page_id=804"},"modified":"2020-05-09T20:30:22","modified_gmt":"2020-05-09T20:30:22","slug":"yo-mismo","status":"publish","type":"page","link":"https:\/\/sonido13.com\/index.php\/yo-mismo\/","title":{"rendered":"YO MISMO"},"content":{"rendered":"<p>La revoluci\u00f3n del Sonido 13 jam\u00e1s pudo esperar que hubiese tanto por descubrir en el campo de la m\u00fasica, hasta que, por singular fortuna, se la atac\u00f3.<br \/>\nPor esta raz\u00f3n, y muy sinceramente, agradezco a todos los impugnadores de mis teor\u00edas, tanto a los que formaron el llamado Grupo 9, como a los que aisladamente la combatieron; y asimismo, agradezco el gran servicio que se me hizo con el vac\u00edo que se form\u00f3 a mi alrededor en el ambiente musical de M\u00e9xico, pues gracias a ese maravilloso aislamiento pude reconcentrarme y ser YO \u00a0MISMO \u00a0y no un reflejo de ideas ajenas, de lo que no escapan frecuentemente ni los compositores m\u00e1s eminentes.<br \/>\nEn efecto, citar\u00e9 como comprobaci\u00f3n algunos casos, entre multitud que existen: en el tiempo lento \u00a0de la \u00a0Sinfon\u00eda incompleta \u00a0de Schubert hay un fragmento que es, nota por nota, igual a una de las melod\u00edas de la obertura \u00a0Fidelio \u00a0de \u00a0Beethoven; otro es el ritmo inicial de la \u00a0Sinfon\u00eda en Re mayor \u00a0de Brahms, que es id\u00e9ntico al que inicia el tema de la \u00a0Sinfon\u00eda Heroica \u00a0de Beethoven; en la \u00a0Scherezada \u00a0de Rimsky-Korsakoff existe una melod\u00eda igual a la de uno de los \u00a0Preludios \u00a0de Chopin, \u00a0y as\u00ed podr\u00eda seguir enumerando ejemplos.<br \/>\nEn cambio, en mi soledad, se produjo el milagro de que mis obras no fueran reminiscencias de otras, de manera especial\u00edsima en las del Sonido 13. . . Y as\u00ed tambi\u00e9n hall\u00e9 que ning\u00fan m\u00fasico del pasado o del presente encontr\u00f3, no s\u00f3lo en el campo meramente musical, sino a\u00fan en el cient\u00edfico, en sus relaciones con los sonidos, pues nadie pens\u00f3 en rectificar la ley cl\u00e1sica del \u201cnodo\u201d; nadie descubri\u00f3 los errores que existen en las leyes de los m\u00fasicos y de los f\u00edsicos en relaci\u00f3n con la escala de los arm\u00f3nicos, y as\u00ed multitud de rectificaciones t\u00e9cnicas publicadas ya en mis libros.<\/p>\n<p>Juli\u00e1n Carrillo (Marzo 1963)<\/p>\n","protected":false},"excerpt":{"rendered":"<p>La revoluci\u00f3n del Sonido 13 jam\u00e1s pudo esperar que hubiese tanto por descubrir en el campo de la m\u00fasica, hasta que, por singular fortuna, se la atac\u00f3. Por esta raz\u00f3n, y muy sinceramente, agradezco a todos los impugnadores de mis teor\u00edas, tanto a los que formaron el llamado Grupo 9, como a los que aisladamente [&hellip;]<\/p>\n","protected":false},"author":1,"featured_media":0,"parent":0,"menu_order":2,"comment_status":"closed","ping_status":"closed","template":"","meta":{"ocean_post_layout":"","ocean_both_sidebars_style":"","ocean_both_sidebars_content_width":0,"ocean_both_sidebars_sidebars_width":0,"ocean_sidebar":"","ocean_second_sidebar":"","ocean_disable_margins":"enable","ocean_add_body_class":"","ocean_shortcode_before_top_bar":"","ocean_shortcode_after_top_bar":"","ocean_shortcode_before_header":"","ocean_shortcode_after_header":"","ocean_has_shortcode":"","ocean_shortcode_after_title":"","ocean_shortcode_before_footer_widgets":"","ocean_shortcode_after_footer_widgets":"","ocean_shortcode_before_footer_bottom":"","ocean_shortcode_after_footer_bottom":"","ocean_display_top_bar":"default","ocean_display_header":"default","ocean_header_style":"","ocean_center_header_left_menu":"","ocean_custom_header_template":"","ocean_custom_logo":0,"ocean_custom_retina_logo":0,"ocean_custom_logo_max_width":0,"ocean_custom_logo_tablet_max_width":0,"ocean_custom_logo_mobile_max_width":0,"ocean_custom_logo_max_height":0,"ocean_custom_logo_tablet_max_height":0,"ocean_custom_logo_mobile_max_height":0,"ocean_header_custom_menu":"","ocean_menu_typo_font_family":"","ocean_menu_typo_font_subset":"","ocean_menu_typo_font_size":0,"ocean_menu_typo_font_size_tablet":0,"ocean_menu_typo_font_size_mobile":0,"ocean_menu_typo_font_size_unit":"px","ocean_menu_typo_font_weight":"","ocean_menu_typo_font_weight_tablet":"","ocean_menu_typo_font_weight_mobile":"","ocean_menu_typo_transform":"","ocean_menu_typo_transform_tablet":"","ocean_menu_typo_transform_mobile":"","ocean_menu_typo_line_height":0,"ocean_menu_typo_line_height_tablet":0,"ocean_menu_typo_line_height_mobile":0,"ocean_menu_typo_line_height_unit":"","ocean_menu_typo_spacing":0,"ocean_menu_typo_spacing_tablet":0,"ocean_menu_typo_spacing_mobile":0,"ocean_menu_typo_spacing_unit":"","ocean_menu_link_color":"","ocean_menu_link_color_hover":"","ocean_menu_link_color_active":"","ocean_menu_link_background":"","ocean_menu_link_hover_background":"","ocean_menu_link_active_background":"","ocean_menu_social_links_bg":"","ocean_menu_social_hover_links_bg":"","ocean_menu_social_links_color":"","ocean_menu_social_hover_links_color":"","ocean_disable_title":"default","ocean_disable_heading":"default","ocean_post_title":"","ocean_post_subheading":"","ocean_post_title_style":"","ocean_post_title_background_color":"","ocean_post_title_background":0,"ocean_post_title_bg_image_position":"","ocean_post_title_bg_image_attachment":"","ocean_post_title_bg_image_repeat":"","ocean_post_title_bg_image_size":"","ocean_post_title_height":0,"ocean_post_title_bg_overlay":0.5,"ocean_post_title_bg_overlay_color":"","ocean_disable_breadcrumbs":"default","ocean_breadcrumbs_color":"","ocean_breadcrumbs_separator_color":"","ocean_breadcrumbs_links_color":"","ocean_breadcrumbs_links_hover_color":"","ocean_display_footer_widgets":"default","ocean_display_footer_bottom":"default","ocean_custom_footer_template":"","footnotes":""},"wf_page_folders":[5],"class_list":["post-804","page","type-page","status-publish","hentry","entry"],"_links":{"self":[{"href":"https:\/\/sonido13.com\/index.php\/wp-json\/wp\/v2\/pages\/804","targetHints":{"allow":["GET"]}}],"collection":[{"href":"https:\/\/sonido13.com\/index.php\/wp-json\/wp\/v2\/pages"}],"about":[{"href":"https:\/\/sonido13.com\/index.php\/wp-json\/wp\/v2\/types\/page"}],"author":[{"embeddable":true,"href":"https:\/\/sonido13.com\/index.php\/wp-json\/wp\/v2\/users\/1"}],"replies":[{"embeddable":true,"href":"https:\/\/sonido13.com\/index.php\/wp-json\/wp\/v2\/comments?post=804"}],"version-history":[{"count":1,"href":"https:\/\/sonido13.com\/index.php\/wp-json\/wp\/v2\/pages\/804\/revisions"}],"predecessor-version":[{"id":805,"href":"https:\/\/sonido13.com\/index.php\/wp-json\/wp\/v2\/pages\/804\/revisions\/805"}],"wp:attachment":[{"href":"https:\/\/sonido13.com\/index.php\/wp-json\/wp\/v2\/media?parent=804"}],"wp:term":[{"taxonomy":"wf_page_folders","embeddable":true,"href":"https:\/\/sonido13.com\/index.php\/wp-json\/wp\/v2\/wf_page_folders?post=804"}],"curies":[{"name":"wp","href":"https:\/\/api.w.org\/{rel}","templated":true}]}}