{"id":802,"date":"2018-05-26T09:54:59","date_gmt":"2018-05-26T09:54:59","guid":{"rendered":"http:\/\/sonido13.com\/?page_id=802"},"modified":"2020-05-10T15:44:25","modified_gmt":"2020-05-10T15:44:25","slug":"jimena-gimenez-cacho","status":"publish","type":"page","link":"https:\/\/sonido13.com\/index.php\/jimena-gimenez-cacho\/","title":{"rendered":"JIMENA GIMENEZ CACHO"},"content":{"rendered":"<p>La excelsa violonchelista mexicana Jimena Gim\u00e9nez Cacho, despu\u00e9s de graduarse en Par\u00eds, Alemania y Espa\u00f1a inclina su inquietud art\u00edstica hacia los senderos del infinito musical del Sonido 13 y pone la muestra al mundo interpretando y grabando en disco la obra para violonchelo de Juli\u00e1n Carrillo, Seis casi sonatas, de estructura microtonal, es decir, en cuartos de tono, interpretando tambi\u00e9n el Concierto para violonchelo y orquesta que bajo la misma estructura musical escribiera Carrillo.<br \/>\nMuy pronto, todo ese entusiasmo, esa visi\u00f3n interpretativa, esa ilusi\u00f3n de tomar la bandera del Sonido 13 se vio opacada, minimizada, obstruida por la retrogradaci\u00f3n y el oscurantismo que rige la mentalidad tanto de las autoridades culturales como la de los maestros de las escuelas de m\u00fasica de nuestro pa\u00eds.<br \/>\nLa violonchelista expresa su dolor y la impotencia de no haber logrado sensibilizar a las autoridades culturales mexicanas sobre la trascendencia que tiene la obra y las aportaciones de Carrillo para la m\u00fasica de concierto del mundo, y a\u00f1ade:<br \/>\n\u201cEstoy cansada de buscar, tocar muchas puertas y s\u00f3lo tener como respuesta silencios y falta de inter\u00e9s. Es muy triste y absurdo. Es mucha ignorancia y, de plano, mala leche.<br \/>\nNo vale la pena ya seguir neceando en esta lucha desigual contra quienes manejan las instituciones culturales en el pa\u00eds.<br \/>\nSon 34 a\u00f1os de carrera y ya estoy harta, cansada de siempre tener que luchar contra todo y todos\u201d.<br \/>\nEn cuanto a la grabaci\u00f3n de las Seis casi sonatas \u00a0la artista expresa:<br \/>\n\u201cEste \u00e1lbum es para m\u00ed el esfuerzo de una vida; est\u00e1 dedicado a M\u00e9xico y a la gran sabidur\u00eda de su pueblo ind\u00edgena, ya que Carrillo fue ind\u00edgena. Lo entrego, pues, al p\u00fablico; se trata de un importante documento que forma parte de la historia olvidada del pa\u00eds, producto del apasionante experimento que bajo el nombre de Sonido 13 llevara a cabo Juli\u00e1n Carrillo, m\u00fasico visionario, inventor e ind\u00edgena cosmopolita\u201d.<br \/>\nTal es el trato que el gobierno mexicano contin\u00faa dando a quien lucha por M\u00e9xico. . .<\/p>\n<p>Armando Nava Loya (Noviembre 2008)<\/p>\n","protected":false},"excerpt":{"rendered":"<p>La excelsa violonchelista mexicana Jimena Gim\u00e9nez Cacho, despu\u00e9s de graduarse en Par\u00eds, Alemania y Espa\u00f1a inclina su inquietud art\u00edstica hacia los senderos del infinito musical del Sonido 13 y pone la muestra al mundo interpretando y grabando en disco la obra para violonchelo de Juli\u00e1n Carrillo, Seis casi sonatas, de estructura microtonal, es decir, en [&hellip;]<\/p>\n","protected":false},"author":1,"featured_media":0,"parent":0,"menu_order":1,"comment_status":"closed","ping_status":"closed","template":"","meta":{"ocean_post_layout":"","ocean_both_sidebars_style":"","ocean_both_sidebars_content_width":0,"ocean_both_sidebars_sidebars_width":0,"ocean_sidebar":"","ocean_second_sidebar":"","ocean_disable_margins":"enable","ocean_add_body_class":"","ocean_shortcode_before_top_bar":"","ocean_shortcode_after_top_bar":"","ocean_shortcode_before_header":"","ocean_shortcode_after_header":"","ocean_has_shortcode":"","ocean_shortcode_after_title":"","ocean_shortcode_before_footer_widgets":"","ocean_shortcode_after_footer_widgets":"","ocean_shortcode_before_footer_bottom":"","ocean_shortcode_after_footer_bottom":"","ocean_display_top_bar":"default","ocean_display_header":"default","ocean_header_style":"","ocean_center_header_left_menu":"","ocean_custom_header_template":"","ocean_custom_logo":0,"ocean_custom_retina_logo":0,"ocean_custom_logo_max_width":0,"ocean_custom_logo_tablet_max_width":0,"ocean_custom_logo_mobile_max_width":0,"ocean_custom_logo_max_height":0,"ocean_custom_logo_tablet_max_height":0,"ocean_custom_logo_mobile_max_height":0,"ocean_header_custom_menu":"","ocean_menu_typo_font_family":"","ocean_menu_typo_font_subset":"","ocean_menu_typo_font_size":0,"ocean_menu_typo_font_size_tablet":0,"ocean_menu_typo_font_size_mobile":0,"ocean_menu_typo_font_size_unit":"px","ocean_menu_typo_font_weight":"","ocean_menu_typo_font_weight_tablet":"","ocean_menu_typo_font_weight_mobile":"","ocean_menu_typo_transform":"","ocean_menu_typo_transform_tablet":"","ocean_menu_typo_transform_mobile":"","ocean_menu_typo_line_height":0,"ocean_menu_typo_line_height_tablet":0,"ocean_menu_typo_line_height_mobile":0,"ocean_menu_typo_line_height_unit":"","ocean_menu_typo_spacing":0,"ocean_menu_typo_spacing_tablet":0,"ocean_menu_typo_spacing_mobile":0,"ocean_menu_typo_spacing_unit":"","ocean_menu_link_color":"","ocean_menu_link_color_hover":"","ocean_menu_link_color_active":"","ocean_menu_link_background":"","ocean_menu_link_hover_background":"","ocean_menu_link_active_background":"","ocean_menu_social_links_bg":"","ocean_menu_social_hover_links_bg":"","ocean_menu_social_links_color":"","ocean_menu_social_hover_links_color":"","ocean_disable_title":"default","ocean_disable_heading":"default","ocean_post_title":"","ocean_post_subheading":"","ocean_post_title_style":"","ocean_post_title_background_color":"","ocean_post_title_background":0,"ocean_post_title_bg_image_position":"","ocean_post_title_bg_image_attachment":"","ocean_post_title_bg_image_repeat":"","ocean_post_title_bg_image_size":"","ocean_post_title_height":0,"ocean_post_title_bg_overlay":0.5,"ocean_post_title_bg_overlay_color":"","ocean_disable_breadcrumbs":"default","ocean_breadcrumbs_color":"","ocean_breadcrumbs_separator_color":"","ocean_breadcrumbs_links_color":"","ocean_breadcrumbs_links_hover_color":"","ocean_display_footer_widgets":"default","ocean_display_footer_bottom":"default","ocean_custom_footer_template":"","footnotes":""},"wf_page_folders":[5],"class_list":["post-802","page","type-page","status-publish","hentry","entry"],"_links":{"self":[{"href":"https:\/\/sonido13.com\/index.php\/wp-json\/wp\/v2\/pages\/802","targetHints":{"allow":["GET"]}}],"collection":[{"href":"https:\/\/sonido13.com\/index.php\/wp-json\/wp\/v2\/pages"}],"about":[{"href":"https:\/\/sonido13.com\/index.php\/wp-json\/wp\/v2\/types\/page"}],"author":[{"embeddable":true,"href":"https:\/\/sonido13.com\/index.php\/wp-json\/wp\/v2\/users\/1"}],"replies":[{"embeddable":true,"href":"https:\/\/sonido13.com\/index.php\/wp-json\/wp\/v2\/comments?post=802"}],"version-history":[{"count":1,"href":"https:\/\/sonido13.com\/index.php\/wp-json\/wp\/v2\/pages\/802\/revisions"}],"predecessor-version":[{"id":803,"href":"https:\/\/sonido13.com\/index.php\/wp-json\/wp\/v2\/pages\/802\/revisions\/803"}],"wp:attachment":[{"href":"https:\/\/sonido13.com\/index.php\/wp-json\/wp\/v2\/media?parent=802"}],"wp:term":[{"taxonomy":"wf_page_folders","embeddable":true,"href":"https:\/\/sonido13.com\/index.php\/wp-json\/wp\/v2\/wf_page_folders?post=802"}],"curies":[{"name":"wp","href":"https:\/\/api.w.org\/{rel}","templated":true}]}}