{"id":800,"date":"2018-05-26T09:54:09","date_gmt":"2018-05-26T09:54:09","guid":{"rendered":"http:\/\/sonido13.com\/?page_id=800"},"modified":"2020-05-10T15:44:57","modified_gmt":"2020-05-10T15:44:57","slug":"consejo-nacional-para-la-cultura-y-las-artes","status":"publish","type":"page","link":"https:\/\/sonido13.com\/index.php\/consejo-nacional-para-la-cultura-y-las-artes\/","title":{"rendered":"CONSEJO NACIONAL PARA LA CULTURA Y LAS ARTES"},"content":{"rendered":"<p>El d\u00eda 7 de diciembre de 1988, a unos cuantos d\u00edas de haber tomado posesi\u00f3n como Presidente de la Rep\u00fablica el Lic. Carlos Salinas de Gortari cre\u00f3 el Consejo Nacional para la Cultura y las Artes, manifestando: \u201cQueremos una sociedad viva, vibrante en b\u00fasqueda permanente de lo nuevo, en continuo encuentro con lo in\u00e9dito: no una sociedad uniforme y sin imaginaci\u00f3n. Deseamos que prevalezca la creatividad, no la repetici\u00f3n de lo ya hecho.\u201d<br \/>\nAnte estas declaraciones me present\u00e9 el d\u00eda 9 de diciembre en Palacio Nacional con un plan de trabajo basado en las labores de Juli\u00e1n Carrillo y Oscar Vargas para que M\u00e9xico pudiera salir del letargo cultural al que lo tienen sometido sus autoridades culturales y los intelectuales del sistema.<br \/>\nFue depositado como se me indic\u00f3, en el departamento de correspondencia con el folio No. 1278, indic\u00e1ndoseme que si en treinta d\u00edas no se me contestaba regresara para que se investigara por qu\u00e9 no se contest\u00f3. Ese mismo d\u00eda entregu\u00e9 una copia del proyecto a la secci\u00f3n de correspondencia dirigida al entonces Secretario de Educaci\u00f3n P\u00fablica Lic. Manuel Bartlett D\u00edaz.<br \/>\nPasaron los treinta d\u00edas y la contestaci\u00f3n de la Presidencia de la Rep\u00fablica no me lleg\u00f3. Acud\u00ed a la secci\u00f3n de correspondencia, expliqu\u00e9 mi situaci\u00f3n y me enviaron al departamento de aclaraciones, en donde revisaron una inmensa lista, en la que apareci\u00f3 mi nombre (el \u00fanico de toda la lista) subrayado con rojo, de lo cual no se me explic\u00f3 el motivo.<br \/>\nPens\u00e9 entonces que lo indicado era solicitar una audiencia con el Presidente, acudiendo de inmediato a solicitarla. Fui esa vez, otra vez, otra y otra y siempre se me neg\u00f3.<br \/>\nPretendiendo entrar de otra manera, llegu\u00e9 a la puerta por la que ingresa el Presidente cuando acude a Palacio Nacional, explicando a los soldados de la guardia el motivo de mi visita, la cual se convirti\u00f3 en una peque\u00f1a conferencia, ya que los soldados no daban cr\u00e9dito a lo que escuchaban y preguntaban y preguntaban, hasta que el jefe de la guardia, por iniciativa propia me condujo con el secretario particular del Presidente, quien despu\u00e9s de escucharme me llev\u00f3 al archivo confidencial del Lic. Salinas de Gortari, en donde se me mostr\u00f3 mi expediente, que llevaba el n\u00famero 19 marcado con la palabra \u201cIMPROCEDENTE\u201d.<br \/>\nDesde luego, la gente que controla el arte en M\u00e9xico es la misma que antes y despu\u00e9s de Salinas de Gortari.<\/p>\n<p>Armando Nava Loya (Septiembre 2008)<\/p>\n","protected":false},"excerpt":{"rendered":"<p>El d\u00eda 7 de diciembre de 1988, a unos cuantos d\u00edas de haber tomado posesi\u00f3n como Presidente de la Rep\u00fablica el Lic. Carlos Salinas de Gortari cre\u00f3 el Consejo Nacional para la Cultura y las Artes, manifestando: \u201cQueremos una sociedad viva, vibrante en b\u00fasqueda permanente de lo nuevo, en continuo encuentro con lo in\u00e9dito: no [&hellip;]<\/p>\n","protected":false},"author":1,"featured_media":0,"parent":0,"menu_order":9,"comment_status":"closed","ping_status":"closed","template":"","meta":{"ocean_post_layout":"","ocean_both_sidebars_style":"","ocean_both_sidebars_content_width":0,"ocean_both_sidebars_sidebars_width":0,"ocean_sidebar":"","ocean_second_sidebar":"","ocean_disable_margins":"enable","ocean_add_body_class":"","ocean_shortcode_before_top_bar":"","ocean_shortcode_after_top_bar":"","ocean_shortcode_before_header":"","ocean_shortcode_after_header":"","ocean_has_shortcode":"","ocean_shortcode_after_title":"","ocean_shortcode_before_footer_widgets":"","ocean_shortcode_after_footer_widgets":"","ocean_shortcode_before_footer_bottom":"","ocean_shortcode_after_footer_bottom":"","ocean_display_top_bar":"default","ocean_display_header":"default","ocean_header_style":"","ocean_center_header_left_menu":"","ocean_custom_header_template":"","ocean_custom_logo":0,"ocean_custom_retina_logo":0,"ocean_custom_logo_max_width":0,"ocean_custom_logo_tablet_max_width":0,"ocean_custom_logo_mobile_max_width":0,"ocean_custom_logo_max_height":0,"ocean_custom_logo_tablet_max_height":0,"ocean_custom_logo_mobile_max_height":0,"ocean_header_custom_menu":"","ocean_menu_typo_font_family":"","ocean_menu_typo_font_subset":"","ocean_menu_typo_font_size":0,"ocean_menu_typo_font_size_tablet":0,"ocean_menu_typo_font_size_mobile":0,"ocean_menu_typo_font_size_unit":"px","ocean_menu_typo_font_weight":"","ocean_menu_typo_font_weight_tablet":"","ocean_menu_typo_font_weight_mobile":"","ocean_menu_typo_transform":"","ocean_menu_typo_transform_tablet":"","ocean_menu_typo_transform_mobile":"","ocean_menu_typo_line_height":0,"ocean_menu_typo_line_height_tablet":0,"ocean_menu_typo_line_height_mobile":0,"ocean_menu_typo_line_height_unit":"","ocean_menu_typo_spacing":0,"ocean_menu_typo_spacing_tablet":0,"ocean_menu_typo_spacing_mobile":0,"ocean_menu_typo_spacing_unit":"","ocean_menu_link_color":"","ocean_menu_link_color_hover":"","ocean_menu_link_color_active":"","ocean_menu_link_background":"","ocean_menu_link_hover_background":"","ocean_menu_link_active_background":"","ocean_menu_social_links_bg":"","ocean_menu_social_hover_links_bg":"","ocean_menu_social_links_color":"","ocean_menu_social_hover_links_color":"","ocean_disable_title":"default","ocean_disable_heading":"default","ocean_post_title":"","ocean_post_subheading":"","ocean_post_title_style":"","ocean_post_title_background_color":"","ocean_post_title_background":0,"ocean_post_title_bg_image_position":"","ocean_post_title_bg_image_attachment":"","ocean_post_title_bg_image_repeat":"","ocean_post_title_bg_image_size":"","ocean_post_title_height":0,"ocean_post_title_bg_overlay":0.5,"ocean_post_title_bg_overlay_color":"","ocean_disable_breadcrumbs":"default","ocean_breadcrumbs_color":"","ocean_breadcrumbs_separator_color":"","ocean_breadcrumbs_links_color":"","ocean_breadcrumbs_links_hover_color":"","ocean_display_footer_widgets":"default","ocean_display_footer_bottom":"default","ocean_custom_footer_template":"","footnotes":""},"wf_page_folders":[5],"class_list":["post-800","page","type-page","status-publish","hentry","entry"],"_links":{"self":[{"href":"https:\/\/sonido13.com\/index.php\/wp-json\/wp\/v2\/pages\/800","targetHints":{"allow":["GET"]}}],"collection":[{"href":"https:\/\/sonido13.com\/index.php\/wp-json\/wp\/v2\/pages"}],"about":[{"href":"https:\/\/sonido13.com\/index.php\/wp-json\/wp\/v2\/types\/page"}],"author":[{"embeddable":true,"href":"https:\/\/sonido13.com\/index.php\/wp-json\/wp\/v2\/users\/1"}],"replies":[{"embeddable":true,"href":"https:\/\/sonido13.com\/index.php\/wp-json\/wp\/v2\/comments?post=800"}],"version-history":[{"count":1,"href":"https:\/\/sonido13.com\/index.php\/wp-json\/wp\/v2\/pages\/800\/revisions"}],"predecessor-version":[{"id":801,"href":"https:\/\/sonido13.com\/index.php\/wp-json\/wp\/v2\/pages\/800\/revisions\/801"}],"wp:attachment":[{"href":"https:\/\/sonido13.com\/index.php\/wp-json\/wp\/v2\/media?parent=800"}],"wp:term":[{"taxonomy":"wf_page_folders","embeddable":true,"href":"https:\/\/sonido13.com\/index.php\/wp-json\/wp\/v2\/wf_page_folders?post=800"}],"curies":[{"name":"wp","href":"https:\/\/api.w.org\/{rel}","templated":true}]}}