{"id":798,"date":"2018-05-26T09:53:15","date_gmt":"2018-05-26T09:53:15","guid":{"rendered":"http:\/\/sonido13.com\/?page_id=798"},"modified":"2020-05-10T15:34:50","modified_gmt":"2020-05-10T15:34:50","slug":"conferencias-canceladas","status":"publish","type":"page","link":"https:\/\/sonido13.com\/index.php\/conferencias-canceladas\/","title":{"rendered":"CONFERENCIAS CANCELADAS"},"content":{"rendered":"<p>Este tipo de intervenciones fue disminuyendo y aumentando la cantidad de estudiantes cada vez que iban a escuchar Sonido 13, a tal grado que un grupo de ellos asisti\u00f3 a una presentaci\u00f3n en el Planetario Luis Enrique Erro y, en vez de recurrir a los ataques que eran ya rutinarios, me hicieron una cordial invitaci\u00f3n para que fuera yo a dar una conferencia-audici\u00f3n sobre Sonido 13 al Conservatorio Nacional de M\u00fasica de M\u00e9xico. Este grupo era nada menos que la representaci\u00f3n de la Sociedad de Estudiantes de dicho plantel.<br \/>\nAcordamos desde luego, el programa a desarrollar, y se pens\u00f3 en realizar tres conferencias-audiciones en tres d\u00edas distintos, siendo en aquel tiempo la pianista mexicana, Mar\u00eda Teresa Rodr\u00edguez, heredera del odio chavista hacia Carrillo, directora del Conservatorio Nacional de M\u00fasica de M\u00e9xico.<br \/>\nEl d\u00eda del primer evento, que se hab\u00eda programado para la tarde llegamos mi compa\u00f1ero Fernando Garc\u00eda Hern\u00e1ndez y yo desde la ma\u00f1ana para preparar todo, y al llegar a la oficina de la Sociedad de Alumnos fuimos informados que por orden de la direcci\u00f3n general del Instituto Nacional de Bellas Artes se cancelaban las tres conferencias-audiciones, sin mayor comentario al respecto.<br \/>\nNo obstante ello, pensamos en ir a hacer una peque\u00f1a guardia al busto de Juli\u00e1n Carrillo que se encuentra en el pasillo principal del Auditorio Silvestre Revueltas, pues en todo el pasillo hay bustos de eminentes compositores de la historia, pero al llegar al busto de Carrillo fuimos v\u00edctimas de una desagradable sorpresa, ya que su rostro ten\u00eda pintado con gis blanco barbas y bigotes.<br \/>\nLamento much\u00edsimo que los alumnos de Carlos Ch\u00e1vez est\u00e9n tan cerrados de su mente y no se concreten a la paup\u00e9rrima ense\u00f1anza musical que imparten a sus alumnos, sino que llegan m\u00e1s lejos, a inculcar odio hacia un maestro de la talla de Juli\u00e1n Carrillo, que como ning\u00fan otro ha puesto el nombre de M\u00e9xico tan alto por los conocimientos que aporta al arte musical.<br \/>\nQu\u00e9 pena que ese odio contin\u00fae por medio de los descendientes musicales de Carlos Ch\u00e1vez.<\/p>\n<p>Armando Nava Loya (Septiembre 2008)<\/p>\n","protected":false},"excerpt":{"rendered":"<p>Este tipo de intervenciones fue disminuyendo y aumentando la cantidad de estudiantes cada vez que iban a escuchar Sonido 13, a tal grado que un grupo de ellos asisti\u00f3 a una presentaci\u00f3n en el Planetario Luis Enrique Erro y, en vez de recurrir a los ataques que eran ya rutinarios, me hicieron una cordial invitaci\u00f3n [&hellip;]<\/p>\n","protected":false},"author":1,"featured_media":0,"parent":0,"menu_order":10,"comment_status":"closed","ping_status":"closed","template":"","meta":{"ocean_post_layout":"","ocean_both_sidebars_style":"","ocean_both_sidebars_content_width":0,"ocean_both_sidebars_sidebars_width":0,"ocean_sidebar":"","ocean_second_sidebar":"","ocean_disable_margins":"enable","ocean_add_body_class":"","ocean_shortcode_before_top_bar":"","ocean_shortcode_after_top_bar":"","ocean_shortcode_before_header":"","ocean_shortcode_after_header":"","ocean_has_shortcode":"","ocean_shortcode_after_title":"","ocean_shortcode_before_footer_widgets":"","ocean_shortcode_after_footer_widgets":"","ocean_shortcode_before_footer_bottom":"","ocean_shortcode_after_footer_bottom":"","ocean_display_top_bar":"default","ocean_display_header":"default","ocean_header_style":"","ocean_center_header_left_menu":"","ocean_custom_header_template":"","ocean_custom_logo":0,"ocean_custom_retina_logo":0,"ocean_custom_logo_max_width":0,"ocean_custom_logo_tablet_max_width":0,"ocean_custom_logo_mobile_max_width":0,"ocean_custom_logo_max_height":0,"ocean_custom_logo_tablet_max_height":0,"ocean_custom_logo_mobile_max_height":0,"ocean_header_custom_menu":"","ocean_menu_typo_font_family":"","ocean_menu_typo_font_subset":"","ocean_menu_typo_font_size":0,"ocean_menu_typo_font_size_tablet":0,"ocean_menu_typo_font_size_mobile":0,"ocean_menu_typo_font_size_unit":"px","ocean_menu_typo_font_weight":"","ocean_menu_typo_font_weight_tablet":"","ocean_menu_typo_font_weight_mobile":"","ocean_menu_typo_transform":"","ocean_menu_typo_transform_tablet":"","ocean_menu_typo_transform_mobile":"","ocean_menu_typo_line_height":0,"ocean_menu_typo_line_height_tablet":0,"ocean_menu_typo_line_height_mobile":0,"ocean_menu_typo_line_height_unit":"","ocean_menu_typo_spacing":0,"ocean_menu_typo_spacing_tablet":0,"ocean_menu_typo_spacing_mobile":0,"ocean_menu_typo_spacing_unit":"","ocean_menu_link_color":"","ocean_menu_link_color_hover":"","ocean_menu_link_color_active":"","ocean_menu_link_background":"","ocean_menu_link_hover_background":"","ocean_menu_link_active_background":"","ocean_menu_social_links_bg":"","ocean_menu_social_hover_links_bg":"","ocean_menu_social_links_color":"","ocean_menu_social_hover_links_color":"","ocean_disable_title":"default","ocean_disable_heading":"default","ocean_post_title":"","ocean_post_subheading":"","ocean_post_title_style":"","ocean_post_title_background_color":"","ocean_post_title_background":0,"ocean_post_title_bg_image_position":"","ocean_post_title_bg_image_attachment":"","ocean_post_title_bg_image_repeat":"","ocean_post_title_bg_image_size":"","ocean_post_title_height":0,"ocean_post_title_bg_overlay":0.5,"ocean_post_title_bg_overlay_color":"","ocean_disable_breadcrumbs":"default","ocean_breadcrumbs_color":"","ocean_breadcrumbs_separator_color":"","ocean_breadcrumbs_links_color":"","ocean_breadcrumbs_links_hover_color":"","ocean_display_footer_widgets":"default","ocean_display_footer_bottom":"default","ocean_custom_footer_template":"","footnotes":""},"wf_page_folders":[5],"class_list":["post-798","page","type-page","status-publish","hentry","entry"],"_links":{"self":[{"href":"https:\/\/sonido13.com\/index.php\/wp-json\/wp\/v2\/pages\/798","targetHints":{"allow":["GET"]}}],"collection":[{"href":"https:\/\/sonido13.com\/index.php\/wp-json\/wp\/v2\/pages"}],"about":[{"href":"https:\/\/sonido13.com\/index.php\/wp-json\/wp\/v2\/types\/page"}],"author":[{"embeddable":true,"href":"https:\/\/sonido13.com\/index.php\/wp-json\/wp\/v2\/users\/1"}],"replies":[{"embeddable":true,"href":"https:\/\/sonido13.com\/index.php\/wp-json\/wp\/v2\/comments?post=798"}],"version-history":[{"count":1,"href":"https:\/\/sonido13.com\/index.php\/wp-json\/wp\/v2\/pages\/798\/revisions"}],"predecessor-version":[{"id":799,"href":"https:\/\/sonido13.com\/index.php\/wp-json\/wp\/v2\/pages\/798\/revisions\/799"}],"wp:attachment":[{"href":"https:\/\/sonido13.com\/index.php\/wp-json\/wp\/v2\/media?parent=798"}],"wp:term":[{"taxonomy":"wf_page_folders","embeddable":true,"href":"https:\/\/sonido13.com\/index.php\/wp-json\/wp\/v2\/wf_page_folders?post=798"}],"curies":[{"name":"wp","href":"https:\/\/api.w.org\/{rel}","templated":true}]}}