{"id":794,"date":"2018-05-26T09:51:42","date_gmt":"2018-05-26T09:51:42","guid":{"rendered":"http:\/\/sonido13.com\/?page_id=794"},"modified":"2020-05-10T15:35:33","modified_gmt":"2020-05-10T15:35:33","slug":"festivales-de-coros-y-bandas-a-c","status":"publish","type":"page","link":"https:\/\/sonido13.com\/index.php\/festivales-de-coros-y-bandas-a-c\/","title":{"rendered":"FESTIVALES DE COROS Y BANDAS A.C."},"content":{"rendered":"<p>Precisamente, de los espect\u00e1culos del planetario result\u00f3 la relaci\u00f3n musical con la asociaci\u00f3n llamada \u00ab\u00a0Festivales de Coros y Bandas A.C.\u00a0\u00bb, representada por el C.P. Juan Manuel Mendoza A., quien fuera el responsable de la realizaci\u00f3n del primer recital de Sonido 13 en la Catedral Metropolitana de M\u00e9xico.<br \/>\nEsta relaci\u00f3n musical, que comenz\u00f3 con el recital mencionado fue creciendo, hasta llegar a tener que actuar diariamente en distintos lugares de la Ciudad de M\u00e9xico, tales como audiciones did\u00e1cticas a nivel escolar, desde kindergarten hasta niveles universitarios, y recitales a nivel popular en los m\u00e1s diversos \u00e1mbitos sociales.<br \/>\nLas diarias actuaciones que ten\u00edamos que ofrecer se fueron cancelando de manera notable, una tras otra, no teniendo m\u00e1s opciones frente al C.P. Juan Manuel Mendoza A. me vi obligado a preguntarle sin m\u00e1s rodeos: \u00bfYa meti\u00f3 la mano aqu\u00ed Bellas Artes, verdad?<br \/>\nUn silencioso movimiento de cabeza de manera vertical me indicaba que efectivamente, Bellas Artes hab\u00eda metido la mano.<\/p>\n<p>Armando Nava Loya (Agosto 2008)<\/p>\n","protected":false},"excerpt":{"rendered":"<p>Precisamente, de los espect\u00e1culos del planetario result\u00f3 la relaci\u00f3n musical con la asociaci\u00f3n llamada \u00ab\u00a0Festivales de Coros y Bandas A.C.\u00a0\u00bb, representada por el C.P. Juan Manuel Mendoza A., quien fuera el responsable de la realizaci\u00f3n del primer recital de Sonido 13 en la Catedral Metropolitana de M\u00e9xico. Esta relaci\u00f3n musical, que comenz\u00f3 con el recital [&hellip;]<\/p>\n","protected":false},"author":1,"featured_media":0,"parent":0,"menu_order":17,"comment_status":"closed","ping_status":"closed","template":"","meta":{"ocean_post_layout":"","ocean_both_sidebars_style":"","ocean_both_sidebars_content_width":0,"ocean_both_sidebars_sidebars_width":0,"ocean_sidebar":"","ocean_second_sidebar":"","ocean_disable_margins":"enable","ocean_add_body_class":"","ocean_shortcode_before_top_bar":"","ocean_shortcode_after_top_bar":"","ocean_shortcode_before_header":"","ocean_shortcode_after_header":"","ocean_has_shortcode":"","ocean_shortcode_after_title":"","ocean_shortcode_before_footer_widgets":"","ocean_shortcode_after_footer_widgets":"","ocean_shortcode_before_footer_bottom":"","ocean_shortcode_after_footer_bottom":"","ocean_display_top_bar":"default","ocean_display_header":"default","ocean_header_style":"","ocean_center_header_left_menu":"","ocean_custom_header_template":"","ocean_custom_logo":0,"ocean_custom_retina_logo":0,"ocean_custom_logo_max_width":0,"ocean_custom_logo_tablet_max_width":0,"ocean_custom_logo_mobile_max_width":0,"ocean_custom_logo_max_height":0,"ocean_custom_logo_tablet_max_height":0,"ocean_custom_logo_mobile_max_height":0,"ocean_header_custom_menu":"","ocean_menu_typo_font_family":"","ocean_menu_typo_font_subset":"","ocean_menu_typo_font_size":0,"ocean_menu_typo_font_size_tablet":0,"ocean_menu_typo_font_size_mobile":0,"ocean_menu_typo_font_size_unit":"px","ocean_menu_typo_font_weight":"","ocean_menu_typo_font_weight_tablet":"","ocean_menu_typo_font_weight_mobile":"","ocean_menu_typo_transform":"","ocean_menu_typo_transform_tablet":"","ocean_menu_typo_transform_mobile":"","ocean_menu_typo_line_height":0,"ocean_menu_typo_line_height_tablet":0,"ocean_menu_typo_line_height_mobile":0,"ocean_menu_typo_line_height_unit":"","ocean_menu_typo_spacing":0,"ocean_menu_typo_spacing_tablet":0,"ocean_menu_typo_spacing_mobile":0,"ocean_menu_typo_spacing_unit":"","ocean_menu_link_color":"","ocean_menu_link_color_hover":"","ocean_menu_link_color_active":"","ocean_menu_link_background":"","ocean_menu_link_hover_background":"","ocean_menu_link_active_background":"","ocean_menu_social_links_bg":"","ocean_menu_social_hover_links_bg":"","ocean_menu_social_links_color":"","ocean_menu_social_hover_links_color":"","ocean_disable_title":"default","ocean_disable_heading":"default","ocean_post_title":"","ocean_post_subheading":"","ocean_post_title_style":"","ocean_post_title_background_color":"","ocean_post_title_background":0,"ocean_post_title_bg_image_position":"","ocean_post_title_bg_image_attachment":"","ocean_post_title_bg_image_repeat":"","ocean_post_title_bg_image_size":"","ocean_post_title_height":0,"ocean_post_title_bg_overlay":0.5,"ocean_post_title_bg_overlay_color":"","ocean_disable_breadcrumbs":"default","ocean_breadcrumbs_color":"","ocean_breadcrumbs_separator_color":"","ocean_breadcrumbs_links_color":"","ocean_breadcrumbs_links_hover_color":"","ocean_display_footer_widgets":"default","ocean_display_footer_bottom":"default","ocean_custom_footer_template":"","footnotes":""},"wf_page_folders":[5],"class_list":["post-794","page","type-page","status-publish","hentry","entry"],"_links":{"self":[{"href":"https:\/\/sonido13.com\/index.php\/wp-json\/wp\/v2\/pages\/794","targetHints":{"allow":["GET"]}}],"collection":[{"href":"https:\/\/sonido13.com\/index.php\/wp-json\/wp\/v2\/pages"}],"about":[{"href":"https:\/\/sonido13.com\/index.php\/wp-json\/wp\/v2\/types\/page"}],"author":[{"embeddable":true,"href":"https:\/\/sonido13.com\/index.php\/wp-json\/wp\/v2\/users\/1"}],"replies":[{"embeddable":true,"href":"https:\/\/sonido13.com\/index.php\/wp-json\/wp\/v2\/comments?post=794"}],"version-history":[{"count":1,"href":"https:\/\/sonido13.com\/index.php\/wp-json\/wp\/v2\/pages\/794\/revisions"}],"predecessor-version":[{"id":795,"href":"https:\/\/sonido13.com\/index.php\/wp-json\/wp\/v2\/pages\/794\/revisions\/795"}],"wp:attachment":[{"href":"https:\/\/sonido13.com\/index.php\/wp-json\/wp\/v2\/media?parent=794"}],"wp:term":[{"taxonomy":"wf_page_folders","embeddable":true,"href":"https:\/\/sonido13.com\/index.php\/wp-json\/wp\/v2\/wf_page_folders?post=794"}],"curies":[{"name":"wp","href":"https:\/\/api.w.org\/{rel}","templated":true}]}}