{"id":792,"date":"2018-05-26T09:50:50","date_gmt":"2018-05-26T09:50:50","guid":{"rendered":"http:\/\/sonido13.com\/?page_id=792"},"modified":"2020-05-10T15:35:20","modified_gmt":"2020-05-10T15:35:20","slug":"planetario-luis-enrique-erro","status":"publish","type":"page","link":"https:\/\/sonido13.com\/index.php\/planetario-luis-enrique-erro\/","title":{"rendered":"PLANETARIO LUIS ENRIQUE ERRO"},"content":{"rendered":"<p>Puedo decir, sin temor a equivocarme, que la \u00e9poca de mayor trascendencia en lo que a m\u00ed corresponde en la difusi\u00f3n del Sonido 13 ha sido el espect\u00e1culo de luz y sonido en el Planetario Luis Enrique Erro, ya que de las cinco temporadas en cinco a\u00f1os consecutivos, con diferentes compa\u00f1eros, se derivaron experiencias tanto negativas como positivas, interviniendo diferentes instituciones o asociaciones de \u00edndole oficial y privada.<br \/>\nLa primera temporada, en el a\u00f1o 1986, cuando se estrena el instrumento musical llamado \u00ab\u00a0Arpa Microinterv\u00e1lica\u00a0\u00bb, ideado y construido por el maestro Oscar Vargas Leal, \u00fanico instrumento en el mundo y primero que se construye en la historia capaz de producir 909 sonidos, contando con una asistencia que llen\u00f3 el planetario.<br \/>\nDurante la segunda, tercera y cuarta temporadas la asistencia era tal que ten\u00edamos que ofrecer dos funciones seguidas, ya que la gente se quedaba afuera, dando la segunda funci\u00f3n con gente sentada en los pasillos y escaleras del planetario para no tener que dar una tercera funci\u00f3n.<br \/>\nContamos entonces con publicidad y presencia en los recitales de Televisa, Canal 11, Imevisi\u00f3n (TV Azteca), diversos peri\u00f3dicos y personal enviado por Radio Educaci\u00f3n y Radio UNAM. Curiosamente, a la direcci\u00f3n del Instituto Polit\u00e9cnico Nacional jam\u00e1s le interes\u00f3 lo que suced\u00eda en el planetario, jam\u00e1s hubo representante alguno de las altas autoridades, hasta que, notando la considerable entrada de dinero en taquilla exigieron el control de la misma. . . entonces s\u00ed les interes\u00f3 la taquilla, solamente la taquilla.<br \/>\nAquello era una situaci\u00f3n que crec\u00eda desorbitadamente, hasta que vino la quinta temporada, y \u00ab\u00a0alguien\u00a0\u00bb, ese \u00ab\u00a0alguien\u00a0\u00bb que siempre decide lo que se hace y lo que no, decidi\u00f3 que para la quinta temporada no hubiera publicidad, quitaron la publicidad de la radio, no pasaron mensajes por televisi\u00f3n, los d\u00edas que ten\u00edamos funci\u00f3n apagaban las luces del exterior del planetario, se empez\u00f3 a descomponer el proyector, faltaban algunas cosas de la sala de proyecci\u00f3n, logrando con esto que di\u00e9ramos las funciones con una asistencia hasta de treinta personas cuando mucho y con los efectos del proyector limitados.<br \/>\nEsta situaci\u00f3n, claramente manejada por las retr\u00f3gradas autoridades de M\u00e9xico, que no permiten el progreso en la cultura del pa\u00eds al que sirven, hasta la fecha (2008), me oblig\u00f3 a presentar la renuncia del grupo y cancelar las funciones que se encontraban en puerta.<br \/>\nNo culpo, de ninguna manera, al director del Planetario Luis Enrique Erro en aqu\u00e9l tiempo, Ingeniero Miguel Gil Guzm\u00e1n de esta penosa situaci\u00f3n, ya que siempre hay \u00ab\u00a0alguien\u00a0\u00bb arriba de todos. Por el contrario, le env\u00edo mi m\u00e1s sincero reconocimiento, junto al maestro Luis Mor\u00edn, quien tuviera la responsabilidad t\u00e9cnica de la proyecci\u00f3n de los efectos visuales durante las cinco temporadas de luz y sonido por haber permitido que el Planetario Luis Enrique Erro fuera una verdadera trinchera del Sonido 13 durante cinco a\u00f1os.<\/p>\n<p>Armando Nava Loya (Agosto 2008)<\/p>\n","protected":false},"excerpt":{"rendered":"<p>Puedo decir, sin temor a equivocarme, que la \u00e9poca de mayor trascendencia en lo que a m\u00ed corresponde en la difusi\u00f3n del Sonido 13 ha sido el espect\u00e1culo de luz y sonido en el Planetario Luis Enrique Erro, ya que de las cinco temporadas en cinco a\u00f1os consecutivos, con diferentes compa\u00f1eros, se derivaron experiencias tanto [&hellip;]<\/p>\n","protected":false},"author":1,"featured_media":0,"parent":0,"menu_order":16,"comment_status":"closed","ping_status":"closed","template":"","meta":{"ocean_post_layout":"","ocean_both_sidebars_style":"","ocean_both_sidebars_content_width":0,"ocean_both_sidebars_sidebars_width":0,"ocean_sidebar":"","ocean_second_sidebar":"","ocean_disable_margins":"enable","ocean_add_body_class":"","ocean_shortcode_before_top_bar":"","ocean_shortcode_after_top_bar":"","ocean_shortcode_before_header":"","ocean_shortcode_after_header":"","ocean_has_shortcode":"","ocean_shortcode_after_title":"","ocean_shortcode_before_footer_widgets":"","ocean_shortcode_after_footer_widgets":"","ocean_shortcode_before_footer_bottom":"","ocean_shortcode_after_footer_bottom":"","ocean_display_top_bar":"default","ocean_display_header":"default","ocean_header_style":"","ocean_center_header_left_menu":"","ocean_custom_header_template":"","ocean_custom_logo":0,"ocean_custom_retina_logo":0,"ocean_custom_logo_max_width":0,"ocean_custom_logo_tablet_max_width":0,"ocean_custom_logo_mobile_max_width":0,"ocean_custom_logo_max_height":0,"ocean_custom_logo_tablet_max_height":0,"ocean_custom_logo_mobile_max_height":0,"ocean_header_custom_menu":"","ocean_menu_typo_font_family":"","ocean_menu_typo_font_subset":"","ocean_menu_typo_font_size":0,"ocean_menu_typo_font_size_tablet":0,"ocean_menu_typo_font_size_mobile":0,"ocean_menu_typo_font_size_unit":"px","ocean_menu_typo_font_weight":"","ocean_menu_typo_font_weight_tablet":"","ocean_menu_typo_font_weight_mobile":"","ocean_menu_typo_transform":"","ocean_menu_typo_transform_tablet":"","ocean_menu_typo_transform_mobile":"","ocean_menu_typo_line_height":0,"ocean_menu_typo_line_height_tablet":0,"ocean_menu_typo_line_height_mobile":0,"ocean_menu_typo_line_height_unit":"","ocean_menu_typo_spacing":0,"ocean_menu_typo_spacing_tablet":0,"ocean_menu_typo_spacing_mobile":0,"ocean_menu_typo_spacing_unit":"","ocean_menu_link_color":"","ocean_menu_link_color_hover":"","ocean_menu_link_color_active":"","ocean_menu_link_background":"","ocean_menu_link_hover_background":"","ocean_menu_link_active_background":"","ocean_menu_social_links_bg":"","ocean_menu_social_hover_links_bg":"","ocean_menu_social_links_color":"","ocean_menu_social_hover_links_color":"","ocean_disable_title":"default","ocean_disable_heading":"default","ocean_post_title":"","ocean_post_subheading":"","ocean_post_title_style":"","ocean_post_title_background_color":"","ocean_post_title_background":0,"ocean_post_title_bg_image_position":"","ocean_post_title_bg_image_attachment":"","ocean_post_title_bg_image_repeat":"","ocean_post_title_bg_image_size":"","ocean_post_title_height":0,"ocean_post_title_bg_overlay":0.5,"ocean_post_title_bg_overlay_color":"","ocean_disable_breadcrumbs":"default","ocean_breadcrumbs_color":"","ocean_breadcrumbs_separator_color":"","ocean_breadcrumbs_links_color":"","ocean_breadcrumbs_links_hover_color":"","ocean_display_footer_widgets":"default","ocean_display_footer_bottom":"default","ocean_custom_footer_template":"","footnotes":""},"wf_page_folders":[5],"class_list":["post-792","page","type-page","status-publish","hentry","entry"],"_links":{"self":[{"href":"https:\/\/sonido13.com\/index.php\/wp-json\/wp\/v2\/pages\/792","targetHints":{"allow":["GET"]}}],"collection":[{"href":"https:\/\/sonido13.com\/index.php\/wp-json\/wp\/v2\/pages"}],"about":[{"href":"https:\/\/sonido13.com\/index.php\/wp-json\/wp\/v2\/types\/page"}],"author":[{"embeddable":true,"href":"https:\/\/sonido13.com\/index.php\/wp-json\/wp\/v2\/users\/1"}],"replies":[{"embeddable":true,"href":"https:\/\/sonido13.com\/index.php\/wp-json\/wp\/v2\/comments?post=792"}],"version-history":[{"count":1,"href":"https:\/\/sonido13.com\/index.php\/wp-json\/wp\/v2\/pages\/792\/revisions"}],"predecessor-version":[{"id":793,"href":"https:\/\/sonido13.com\/index.php\/wp-json\/wp\/v2\/pages\/792\/revisions\/793"}],"wp:attachment":[{"href":"https:\/\/sonido13.com\/index.php\/wp-json\/wp\/v2\/media?parent=792"}],"wp:term":[{"taxonomy":"wf_page_folders","embeddable":true,"href":"https:\/\/sonido13.com\/index.php\/wp-json\/wp\/v2\/wf_page_folders?post=792"}],"curies":[{"name":"wp","href":"https:\/\/api.w.org\/{rel}","templated":true}]}}