{"id":790,"date":"2018-05-26T09:49:56","date_gmt":"2018-05-26T09:49:56","guid":{"rendered":"http:\/\/sonido13.com\/?page_id=790"},"modified":"2020-05-10T15:35:09","modified_gmt":"2020-05-10T15:35:09","slug":"nuevas-partituras","status":"publish","type":"page","link":"https:\/\/sonido13.com\/index.php\/nuevas-partituras\/","title":{"rendered":"NUEVAS PARTITURAS"},"content":{"rendered":"<p>Continuando en los a\u00f1os 80&rsquo;s y con Radio UNAM, hab\u00eda entonces un programa llamado \u00ab\u00a0Nuevas Partituras\u00a0\u00bb, presentado por el maestro Mario Kuri Aldana, teniendo tambi\u00e9n muchos a\u00f1os al aire presentando composiciones de autores j\u00f3venes.<br \/>\nTuve el gusto de conocer al maestro Kuri y de inmediato me propuso la realizaci\u00f3n de un homenaje al maestro Juli\u00e1n Carrillo con siete programas por Radio UNAM, y as\u00ed fue.<br \/>\nEn ese tiempo la difusi\u00f3n de la obra la hac\u00edamos el maestro Fernando Garc\u00eda Hern\u00e1ndez y Armando Nava Loya.<br \/>\nSe llev\u00f3 a cabo la transmisi\u00f3n de los siete programas dedicados al Sonido 13, siendo esta la \u00faltima programaci\u00f3n de la serie \u00ab\u00a0Nuevas Partituras\u00a0\u00bb. El programa desapareci\u00f3 de Radio UNAM y el maestro Mario Kuri Aldana fue llevado a un puesto de direcci\u00f3n musical al Consejo Nacional para la Cultura y las Artes.<br \/>\nYo no comprendo c\u00f3mo es que la direcci\u00f3n de Radio UNAM se ha portado de manera tan vil con Carrillo y su obra, y tienen la desverg\u00fcenza de haberle puesto a su sala de conciertos \u00ab\u00a0Sala Juli\u00e1n Carrillo\u00a0\u00bb.<\/p>\n<p>Armando Nava Loya (Julio 2008)<\/p>\n","protected":false},"excerpt":{"rendered":"<p>Continuando en los a\u00f1os 80&rsquo;s y con Radio UNAM, hab\u00eda entonces un programa llamado \u00ab\u00a0Nuevas Partituras\u00a0\u00bb, presentado por el maestro Mario Kuri Aldana, teniendo tambi\u00e9n muchos a\u00f1os al aire presentando composiciones de autores j\u00f3venes. Tuve el gusto de conocer al maestro Kuri y de inmediato me propuso la realizaci\u00f3n de un homenaje al maestro Juli\u00e1n [&hellip;]<\/p>\n","protected":false},"author":1,"featured_media":0,"parent":0,"menu_order":15,"comment_status":"closed","ping_status":"closed","template":"","meta":{"ocean_post_layout":"","ocean_both_sidebars_style":"","ocean_both_sidebars_content_width":0,"ocean_both_sidebars_sidebars_width":0,"ocean_sidebar":"","ocean_second_sidebar":"","ocean_disable_margins":"enable","ocean_add_body_class":"","ocean_shortcode_before_top_bar":"","ocean_shortcode_after_top_bar":"","ocean_shortcode_before_header":"","ocean_shortcode_after_header":"","ocean_has_shortcode":"","ocean_shortcode_after_title":"","ocean_shortcode_before_footer_widgets":"","ocean_shortcode_after_footer_widgets":"","ocean_shortcode_before_footer_bottom":"","ocean_shortcode_after_footer_bottom":"","ocean_display_top_bar":"default","ocean_display_header":"default","ocean_header_style":"","ocean_center_header_left_menu":"","ocean_custom_header_template":"","ocean_custom_logo":0,"ocean_custom_retina_logo":0,"ocean_custom_logo_max_width":0,"ocean_custom_logo_tablet_max_width":0,"ocean_custom_logo_mobile_max_width":0,"ocean_custom_logo_max_height":0,"ocean_custom_logo_tablet_max_height":0,"ocean_custom_logo_mobile_max_height":0,"ocean_header_custom_menu":"","ocean_menu_typo_font_family":"","ocean_menu_typo_font_subset":"","ocean_menu_typo_font_size":0,"ocean_menu_typo_font_size_tablet":0,"ocean_menu_typo_font_size_mobile":0,"ocean_menu_typo_font_size_unit":"px","ocean_menu_typo_font_weight":"","ocean_menu_typo_font_weight_tablet":"","ocean_menu_typo_font_weight_mobile":"","ocean_menu_typo_transform":"","ocean_menu_typo_transform_tablet":"","ocean_menu_typo_transform_mobile":"","ocean_menu_typo_line_height":0,"ocean_menu_typo_line_height_tablet":0,"ocean_menu_typo_line_height_mobile":0,"ocean_menu_typo_line_height_unit":"","ocean_menu_typo_spacing":0,"ocean_menu_typo_spacing_tablet":0,"ocean_menu_typo_spacing_mobile":0,"ocean_menu_typo_spacing_unit":"","ocean_menu_link_color":"","ocean_menu_link_color_hover":"","ocean_menu_link_color_active":"","ocean_menu_link_background":"","ocean_menu_link_hover_background":"","ocean_menu_link_active_background":"","ocean_menu_social_links_bg":"","ocean_menu_social_hover_links_bg":"","ocean_menu_social_links_color":"","ocean_menu_social_hover_links_color":"","ocean_disable_title":"default","ocean_disable_heading":"default","ocean_post_title":"","ocean_post_subheading":"","ocean_post_title_style":"","ocean_post_title_background_color":"","ocean_post_title_background":0,"ocean_post_title_bg_image_position":"","ocean_post_title_bg_image_attachment":"","ocean_post_title_bg_image_repeat":"","ocean_post_title_bg_image_size":"","ocean_post_title_height":0,"ocean_post_title_bg_overlay":0.5,"ocean_post_title_bg_overlay_color":"","ocean_disable_breadcrumbs":"default","ocean_breadcrumbs_color":"","ocean_breadcrumbs_separator_color":"","ocean_breadcrumbs_links_color":"","ocean_breadcrumbs_links_hover_color":"","ocean_display_footer_widgets":"default","ocean_display_footer_bottom":"default","ocean_custom_footer_template":"","footnotes":""},"wf_page_folders":[5],"class_list":["post-790","page","type-page","status-publish","hentry","entry"],"_links":{"self":[{"href":"https:\/\/sonido13.com\/index.php\/wp-json\/wp\/v2\/pages\/790","targetHints":{"allow":["GET"]}}],"collection":[{"href":"https:\/\/sonido13.com\/index.php\/wp-json\/wp\/v2\/pages"}],"about":[{"href":"https:\/\/sonido13.com\/index.php\/wp-json\/wp\/v2\/types\/page"}],"author":[{"embeddable":true,"href":"https:\/\/sonido13.com\/index.php\/wp-json\/wp\/v2\/users\/1"}],"replies":[{"embeddable":true,"href":"https:\/\/sonido13.com\/index.php\/wp-json\/wp\/v2\/comments?post=790"}],"version-history":[{"count":1,"href":"https:\/\/sonido13.com\/index.php\/wp-json\/wp\/v2\/pages\/790\/revisions"}],"predecessor-version":[{"id":791,"href":"https:\/\/sonido13.com\/index.php\/wp-json\/wp\/v2\/pages\/790\/revisions\/791"}],"wp:attachment":[{"href":"https:\/\/sonido13.com\/index.php\/wp-json\/wp\/v2\/media?parent=790"}],"wp:term":[{"taxonomy":"wf_page_folders","embeddable":true,"href":"https:\/\/sonido13.com\/index.php\/wp-json\/wp\/v2\/wf_page_folders?post=790"}],"curies":[{"name":"wp","href":"https:\/\/api.w.org\/{rel}","templated":true}]}}