{"id":788,"date":"2018-05-26T09:49:03","date_gmt":"2018-05-26T09:49:03","guid":{"rendered":"http:\/\/sonido13.com\/?page_id=788"},"modified":"2020-05-09T20:27:45","modified_gmt":"2020-05-09T20:27:45","slug":"domingos-en-el-chopo","status":"publish","type":"page","link":"https:\/\/sonido13.com\/index.php\/domingos-en-el-chopo\/","title":{"rendered":"DOMINGOS EN EL CHOPO"},"content":{"rendered":"<p>Todos los domingos por la ma\u00f1ana en el Museo del Chopo se ofrec\u00edan al p\u00fablico recitales con los m\u00e1s diversos estilos musicales, estos programas se transmit\u00edan al radioescucha por Radio UNAM, y esta serie, llamada \u00ab\u00a0Domingos en el Chopo\u00a0\u00bb ten\u00eda ya muchos a\u00f1os en la programaci\u00f3n de dicha estaci\u00f3n, estamos hablando de los a\u00f1os 80&rsquo;s.<br \/>\nEn aquel tiempo, quienes se encargaban de la difusi\u00f3n del Sonido 13 \u00e9ramos David Espejo y Avil\u00e9s y Armando Nava Loya, mostrando al p\u00fablico los instrumentos construidos y afinados especialmente por el maestro Oscar Vargas Leal.<br \/>\nRecib\u00ed en aquel entonces una llamada de la producci\u00f3n del programa para ser invitados a dar un recital un domingo por la ma\u00f1ana en el Museo del Chopo, situaci\u00f3n que de inmediato se concret\u00f3, y as\u00ed fue; el siguiente domingo hubo Sonido 13 en \u00ab\u00a0Domingos en el Chopo\u00a0\u00bb y fue tal el \u00e9xito del programa que fue el \u00faltimo de la serie. .<br \/>\nEfectivamente; \u00ab\u00a0Domingos en el Chopo\u00a0\u00bb desapareci\u00f3 de Radio UNAM por haber transmitido Sonido 13.<\/p>\n<p>Armando Nava Loya (Julio 2008)<\/p>\n","protected":false},"excerpt":{"rendered":"<p>Todos los domingos por la ma\u00f1ana en el Museo del Chopo se ofrec\u00edan al p\u00fablico recitales con los m\u00e1s diversos estilos musicales, estos programas se transmit\u00edan al radioescucha por Radio UNAM, y esta serie, llamada \u00ab\u00a0Domingos en el Chopo\u00a0\u00bb ten\u00eda ya muchos a\u00f1os en la programaci\u00f3n de dicha estaci\u00f3n, estamos hablando de los a\u00f1os 80&rsquo;s. [&hellip;]<\/p>\n","protected":false},"author":1,"featured_media":0,"parent":0,"menu_order":14,"comment_status":"closed","ping_status":"closed","template":"","meta":{"ocean_post_layout":"","ocean_both_sidebars_style":"","ocean_both_sidebars_content_width":0,"ocean_both_sidebars_sidebars_width":0,"ocean_sidebar":"","ocean_second_sidebar":"","ocean_disable_margins":"enable","ocean_add_body_class":"","ocean_shortcode_before_top_bar":"","ocean_shortcode_after_top_bar":"","ocean_shortcode_before_header":"","ocean_shortcode_after_header":"","ocean_has_shortcode":"","ocean_shortcode_after_title":"","ocean_shortcode_before_footer_widgets":"","ocean_shortcode_after_footer_widgets":"","ocean_shortcode_before_footer_bottom":"","ocean_shortcode_after_footer_bottom":"","ocean_display_top_bar":"default","ocean_display_header":"default","ocean_header_style":"","ocean_center_header_left_menu":"","ocean_custom_header_template":"","ocean_custom_logo":0,"ocean_custom_retina_logo":0,"ocean_custom_logo_max_width":0,"ocean_custom_logo_tablet_max_width":0,"ocean_custom_logo_mobile_max_width":0,"ocean_custom_logo_max_height":0,"ocean_custom_logo_tablet_max_height":0,"ocean_custom_logo_mobile_max_height":0,"ocean_header_custom_menu":"","ocean_menu_typo_font_family":"","ocean_menu_typo_font_subset":"","ocean_menu_typo_font_size":0,"ocean_menu_typo_font_size_tablet":0,"ocean_menu_typo_font_size_mobile":0,"ocean_menu_typo_font_size_unit":"px","ocean_menu_typo_font_weight":"","ocean_menu_typo_font_weight_tablet":"","ocean_menu_typo_font_weight_mobile":"","ocean_menu_typo_transform":"","ocean_menu_typo_transform_tablet":"","ocean_menu_typo_transform_mobile":"","ocean_menu_typo_line_height":0,"ocean_menu_typo_line_height_tablet":0,"ocean_menu_typo_line_height_mobile":0,"ocean_menu_typo_line_height_unit":"","ocean_menu_typo_spacing":0,"ocean_menu_typo_spacing_tablet":0,"ocean_menu_typo_spacing_mobile":0,"ocean_menu_typo_spacing_unit":"","ocean_menu_link_color":"","ocean_menu_link_color_hover":"","ocean_menu_link_color_active":"","ocean_menu_link_background":"","ocean_menu_link_hover_background":"","ocean_menu_link_active_background":"","ocean_menu_social_links_bg":"","ocean_menu_social_hover_links_bg":"","ocean_menu_social_links_color":"","ocean_menu_social_hover_links_color":"","ocean_disable_title":"default","ocean_disable_heading":"default","ocean_post_title":"","ocean_post_subheading":"","ocean_post_title_style":"","ocean_post_title_background_color":"","ocean_post_title_background":0,"ocean_post_title_bg_image_position":"","ocean_post_title_bg_image_attachment":"","ocean_post_title_bg_image_repeat":"","ocean_post_title_bg_image_size":"","ocean_post_title_height":0,"ocean_post_title_bg_overlay":0.5,"ocean_post_title_bg_overlay_color":"","ocean_disable_breadcrumbs":"default","ocean_breadcrumbs_color":"","ocean_breadcrumbs_separator_color":"","ocean_breadcrumbs_links_color":"","ocean_breadcrumbs_links_hover_color":"","ocean_display_footer_widgets":"default","ocean_display_footer_bottom":"default","ocean_custom_footer_template":"","footnotes":""},"wf_page_folders":[5],"class_list":["post-788","page","type-page","status-publish","hentry","entry"],"_links":{"self":[{"href":"https:\/\/sonido13.com\/index.php\/wp-json\/wp\/v2\/pages\/788","targetHints":{"allow":["GET"]}}],"collection":[{"href":"https:\/\/sonido13.com\/index.php\/wp-json\/wp\/v2\/pages"}],"about":[{"href":"https:\/\/sonido13.com\/index.php\/wp-json\/wp\/v2\/types\/page"}],"author":[{"embeddable":true,"href":"https:\/\/sonido13.com\/index.php\/wp-json\/wp\/v2\/users\/1"}],"replies":[{"embeddable":true,"href":"https:\/\/sonido13.com\/index.php\/wp-json\/wp\/v2\/comments?post=788"}],"version-history":[{"count":1,"href":"https:\/\/sonido13.com\/index.php\/wp-json\/wp\/v2\/pages\/788\/revisions"}],"predecessor-version":[{"id":789,"href":"https:\/\/sonido13.com\/index.php\/wp-json\/wp\/v2\/pages\/788\/revisions\/789"}],"wp:attachment":[{"href":"https:\/\/sonido13.com\/index.php\/wp-json\/wp\/v2\/media?parent=788"}],"wp:term":[{"taxonomy":"wf_page_folders","embeddable":true,"href":"https:\/\/sonido13.com\/index.php\/wp-json\/wp\/v2\/wf_page_folders?post=788"}],"curies":[{"name":"wp","href":"https:\/\/api.w.org\/{rel}","templated":true}]}}