{"id":780,"date":"2018-05-26T09:26:46","date_gmt":"2018-05-26T09:26:46","guid":{"rendered":"http:\/\/sonido13.com\/?page_id=780"},"modified":"2020-05-09T20:27:30","modified_gmt":"2020-05-09T20:27:30","slug":"musica-para-un-entierro","status":"publish","type":"page","link":"https:\/\/sonido13.com\/index.php\/musica-para-un-entierro\/","title":{"rendered":"MUSICA \u00a0PARA \u00a0UN \u00a0ENTIERRO"},"content":{"rendered":"<p>Hab\u00eda la costumbre en aquella \u00e9poca en San Luis Potos\u00ed, de que cuando mor\u00eda una persona rica fuera la m\u00fasica a tocar durante los responsos, y a veces a llevar el cad\u00e1ver hasta el cementerio, tocando lo que se pod\u00eda: polkas, mazurcas, valses, danzas, etc.<br \/>\nPues bien, en una de tantas ocasiones, se me dijo: \u201cHay que citar a los m\u00fasicos para ir a tocar a un muerto en Santiago del R\u00edo. . .\u201d<br \/>\nComo ignoraba yo qu\u00e9 clase de repertorio deb\u00eda llevar, se me dijo: \u201cNo seas tonto, para tocar en los entierros de los muertos, no se llevan papeles. . .\u201d Ante aquella orden, nada tuve que decir; pero tuve sin embargo, la curiosidad de lo que se ir\u00eda a tocar. Empezaron a reunirse los m\u00fasicos, (8 en total) y uno o dos cantores; y al llegar el cura a ponerse sus vestiduras, all\u00ed fue Troya, pues cada m\u00fasico empez\u00f3 a tocar lo que le vino en gana, y result\u00f3 un pandem\u00f3nium muy semejante al \u201cDesconcierto\u201d para cuatro Cornos de don Carlos Ch\u00e1vez, pues este se\u00f1or aunque algo debe saber por tantos a\u00f1os que lleva ya de chamuscar la m\u00fasica -seg\u00fan frase de uno de sus admiradores (\u00bf?)- eso poco que sabe le estorba para igualar a mis paisanos los m\u00fasicos de la orquestita del maestro Flavio F. Carlos, en los a\u00f1os de 1886, quienes tocaban improvisando cada uno en el tono que quer\u00eda, lo que quer\u00eda y lo que pod\u00eda. Yo no entend\u00eda media palabra de t\u00e9cnica musical, y por lo mismo no me daba cuenta de semejante profanaci\u00f3n, pero en este a\u00f1o de 1942, veo que muchos llamados modernistas tampoco saben media palabra, y que amontonan sonidos y m\u00e1s sonidos, como si se tratara de llevar a enterrar un muerto en Santiago del R\u00edo all\u00e1 por los a\u00f1os de 1886, en San Luis Potos\u00ed.<\/p>\n<p>Juli\u00e1n Carrillo (1942)<\/p>\n","protected":false},"excerpt":{"rendered":"<p>Hab\u00eda la costumbre en aquella \u00e9poca en San Luis Potos\u00ed, de que cuando mor\u00eda una persona rica fuera la m\u00fasica a tocar durante los responsos, y a veces a llevar el cad\u00e1ver hasta el cementerio, tocando lo que se pod\u00eda: polkas, mazurcas, valses, danzas, etc. Pues bien, en una de tantas ocasiones, se me dijo: [&hellip;]<\/p>\n","protected":false},"author":1,"featured_media":0,"parent":0,"menu_order":13,"comment_status":"closed","ping_status":"closed","template":"","meta":{"ocean_post_layout":"","ocean_both_sidebars_style":"","ocean_both_sidebars_content_width":0,"ocean_both_sidebars_sidebars_width":0,"ocean_sidebar":"","ocean_second_sidebar":"","ocean_disable_margins":"enable","ocean_add_body_class":"","ocean_shortcode_before_top_bar":"","ocean_shortcode_after_top_bar":"","ocean_shortcode_before_header":"","ocean_shortcode_after_header":"","ocean_has_shortcode":"","ocean_shortcode_after_title":"","ocean_shortcode_before_footer_widgets":"","ocean_shortcode_after_footer_widgets":"","ocean_shortcode_before_footer_bottom":"","ocean_shortcode_after_footer_bottom":"","ocean_display_top_bar":"default","ocean_display_header":"default","ocean_header_style":"","ocean_center_header_left_menu":"","ocean_custom_header_template":"","ocean_custom_logo":0,"ocean_custom_retina_logo":0,"ocean_custom_logo_max_width":0,"ocean_custom_logo_tablet_max_width":0,"ocean_custom_logo_mobile_max_width":0,"ocean_custom_logo_max_height":0,"ocean_custom_logo_tablet_max_height":0,"ocean_custom_logo_mobile_max_height":0,"ocean_header_custom_menu":"","ocean_menu_typo_font_family":"","ocean_menu_typo_font_subset":"","ocean_menu_typo_font_size":0,"ocean_menu_typo_font_size_tablet":0,"ocean_menu_typo_font_size_mobile":0,"ocean_menu_typo_font_size_unit":"px","ocean_menu_typo_font_weight":"","ocean_menu_typo_font_weight_tablet":"","ocean_menu_typo_font_weight_mobile":"","ocean_menu_typo_transform":"","ocean_menu_typo_transform_tablet":"","ocean_menu_typo_transform_mobile":"","ocean_menu_typo_line_height":0,"ocean_menu_typo_line_height_tablet":0,"ocean_menu_typo_line_height_mobile":0,"ocean_menu_typo_line_height_unit":"","ocean_menu_typo_spacing":0,"ocean_menu_typo_spacing_tablet":0,"ocean_menu_typo_spacing_mobile":0,"ocean_menu_typo_spacing_unit":"","ocean_menu_link_color":"","ocean_menu_link_color_hover":"","ocean_menu_link_color_active":"","ocean_menu_link_background":"","ocean_menu_link_hover_background":"","ocean_menu_link_active_background":"","ocean_menu_social_links_bg":"","ocean_menu_social_hover_links_bg":"","ocean_menu_social_links_color":"","ocean_menu_social_hover_links_color":"","ocean_disable_title":"default","ocean_disable_heading":"default","ocean_post_title":"","ocean_post_subheading":"","ocean_post_title_style":"","ocean_post_title_background_color":"","ocean_post_title_background":0,"ocean_post_title_bg_image_position":"","ocean_post_title_bg_image_attachment":"","ocean_post_title_bg_image_repeat":"","ocean_post_title_bg_image_size":"","ocean_post_title_height":0,"ocean_post_title_bg_overlay":0.5,"ocean_post_title_bg_overlay_color":"","ocean_disable_breadcrumbs":"default","ocean_breadcrumbs_color":"","ocean_breadcrumbs_separator_color":"","ocean_breadcrumbs_links_color":"","ocean_breadcrumbs_links_hover_color":"","ocean_display_footer_widgets":"default","ocean_display_footer_bottom":"default","ocean_custom_footer_template":"","footnotes":""},"wf_page_folders":[5],"class_list":["post-780","page","type-page","status-publish","hentry","entry"],"_links":{"self":[{"href":"https:\/\/sonido13.com\/index.php\/wp-json\/wp\/v2\/pages\/780","targetHints":{"allow":["GET"]}}],"collection":[{"href":"https:\/\/sonido13.com\/index.php\/wp-json\/wp\/v2\/pages"}],"about":[{"href":"https:\/\/sonido13.com\/index.php\/wp-json\/wp\/v2\/types\/page"}],"author":[{"embeddable":true,"href":"https:\/\/sonido13.com\/index.php\/wp-json\/wp\/v2\/users\/1"}],"replies":[{"embeddable":true,"href":"https:\/\/sonido13.com\/index.php\/wp-json\/wp\/v2\/comments?post=780"}],"version-history":[{"count":1,"href":"https:\/\/sonido13.com\/index.php\/wp-json\/wp\/v2\/pages\/780\/revisions"}],"predecessor-version":[{"id":781,"href":"https:\/\/sonido13.com\/index.php\/wp-json\/wp\/v2\/pages\/780\/revisions\/781"}],"wp:attachment":[{"href":"https:\/\/sonido13.com\/index.php\/wp-json\/wp\/v2\/media?parent=780"}],"wp:term":[{"taxonomy":"wf_page_folders","embeddable":true,"href":"https:\/\/sonido13.com\/index.php\/wp-json\/wp\/v2\/wf_page_folders?post=780"}],"curies":[{"name":"wp","href":"https:\/\/api.w.org\/{rel}","templated":true}]}}