{"id":778,"date":"2018-05-26T09:25:41","date_gmt":"2018-05-26T09:25:41","guid":{"rendered":"http:\/\/sonido13.com\/?page_id=778"},"modified":"2020-05-09T20:28:26","modified_gmt":"2020-05-09T20:28:26","slug":"ahualulco-del-sonido-13","status":"publish","type":"page","link":"https:\/\/sonido13.com\/index.php\/ahualulco-del-sonido-13\/","title":{"rendered":"AHUALULCO DEL SONIDO 13"},"content":{"rendered":"<p>Hace un par de d\u00edas que tuve la sorpresa de ver en la pantalla de la televisi\u00f3n el reportaje de un noticiero que se iniciaba con la perspectiva de una carretera y un letrero que dec\u00eda: 10 kil\u00f3metros Ahualulco del Sonido 13.<br \/>\nEl milagro de la televisi\u00f3n me trajo, al contemplar la tierra donde nac\u00ed el 28 de enero de 1875, todo un mundo de recuerdos; y al divisar a lo lejos las torres de la iglesia, me vi ni\u00f1o de apenas seis o siete a\u00f1os, formando parte del grupo de muchachitos que al salir de la escuela hac\u00eda faena yendo al r\u00edo a traer arena y piedras para proseguir la construcci\u00f3n del templo; y que fue tambi\u00e9n el que ayudara a subir la primera campana que hubo, tirando de una reata.<br \/>\nEnfocaron despu\u00e9s las c\u00e1maras la casa de mis padres, don Nabor Carrillo y do\u00f1a Antonia Trujillo de Carrillo, y record\u00e9 cuando el viernes 22 de mayo de 1885 sal\u00ed de madrugada, montado en un burrito y acompa\u00f1ado por mi madre y mi hermano Maximiano, para ir al trav\u00e9s de las monta\u00f1as rumbo a la capital, San Luis Potos\u00ed, adonde me llevaban con el prop\u00f3sito de que estudiara lo necesario para regresar despu\u00e9s al pueblo, en un plazo m\u00e1ximo de dos a\u00f1os, convertido en el \u201ccantor de la iglesia\u201d, t\u00edtulo magn\u00edfico que ennobleciera Juan Sebasti\u00e1n Bach y que ostent\u00f3 en la iglesia de Santo Tom\u00e1s en Leipzig.<br \/>\nEn el acto de contemplar el panorama de mi pueblo pas\u00f3 ante mis ojos vertiginosamente la visi\u00f3n del progreso, pues en aquellos lejanos d\u00edas de 1885 necesitamos catorce horas \u00a0para recorrer la distancia de treinta y dos kil\u00f3metros, que hoy, en autom\u00f3vil y por la magn\u00edfica carretera que une Ahualulco del Sonido 13 con la capital del Estado, se hace en veinte minutos.<br \/>\nVi \u00a0despu\u00e9s la placita con la plaza del Ayuntamiento, en cuyo frontispicio se ostenta la placa en la cual est\u00e1 grabado el decreto de las autoridades, cuando se agreg\u00f3 a Ahualulco, a manera de patron\u00edmico, el de Sonido 13.<br \/>\nA este respecto, debo dar la raz\u00f3n oficial que se tuvo para ello y que narra en un libro escrito en 1945 el profesor y periodista oaxaque\u00f1o don Jos\u00e9 Velasco Urda, basado en cuarenta entrevistas que tuvo conmigo.<br \/>\nEn efecto, en las p\u00e1ginas 15, 16 y 17 dice lo siguiente: \u201cCuando el gobernador de San Luis Potos\u00ed conoci\u00f3 los juicios tan laudatorios de los pa\u00edses m\u00e1s cultos del orbe en relaci\u00f3n con la obra de Carrillo, entusiasmado dijo: Jam\u00e1s se hab\u00eda tributado honor semejante a ning\u00fan mexicano; y cuando Suecia felicita oficialmente a M\u00e9xico por tener a Juli\u00e1n Carrillo nosotros los potosinos debemos estar orgullosos de que un ciudadano nacido en nuestro Estado sea quien haya logrado para su patria \u2013que es la nuestra-, por sus m\u00e9ritos personal\u00edsimos, una felicitaci\u00f3n de tal naturaleza, \u00fanica que ha recibido M\u00e9xico en toda su historia. Es pues, deber nuestro dar una prueba de que apreciamos en todo lo que vale semejante honor, dando su nombre a una de las principales calles de nuestra capital; y en cuanto al venturoso pueblecillo donde \u00e9l naci\u00f3, debemos hacerlo part\u00edcipe y denominarlo Ahualulco del Sonido 13\u201d.<br \/>\nPara ello se expidi\u00f3 lo siguiente: \u201cDecreto del ayuntamiento de Ahualulco. 2 de junio de 1932. Se consagra por completo la Villa de Ahualulco, S.L.P., M\u00e9x., a la obra inmortal del Sonido 13, de nuestro excelso maestro don Juli\u00e1n Carrillo, por sus antecedentes merit\u00edsimos, as\u00ed como por la conveniencia en todos sentidos, tanto m\u00e1s por el mejoramiento futuro de este pueblo, denomin\u00e1ndose desde el d\u00eda de su celebraci\u00f3n, 13 de julio de 1932, Ahualulco del Sonido 13 \u00a0y dedic\u00e1ndose sus calles, plazas y lugares especiales con los nombres de los familiares y colaboradores nacionales y extranjeros\u201d.<br \/>\nExisten, pues, desde aquella fecha, una calle con el nombre de mi padre, don Nabor Carrillo; una plaza con el de mi madrecita, do\u00f1a Antonia T. de Carrillo; la calle de Leopoldo Stokovski, palad\u00edn de mi m\u00fasica en los Estados Unidos y que ha dirigido mis composiciones en el Carnegie Hall de Nueva York, la Academy \u00a0of Music de Filadelfia, en Washington, Pittsburg, Minneapolis, Baltimore, Houston y en esta ciudad de M\u00e9xico.<br \/>\nEst\u00e1 la calle de George Rimsky-Korsakoff, quien vivamente interesado por mis teor\u00edas, lograra un acuerdo del gobierno sovi\u00e9tico en 1929 para implantar, en el Conservatorio de Leningrado y en el Instituto de Ciencias, mis postulados m\u00fasico-revolucionarios.<br \/>\nSe honr\u00f3 tambi\u00e9n a mi maestro don Flavio F. Carlos, dando su nombre a una calle.<br \/>\nEn mi pueblo est\u00e1 la calle Refugio Centeno, quien encontrara, antes que nadie en el mundo, el procedimiento para producir los cuartos, octavos y dieciseisavos de tono en los cornos, las trompetas, los trombones, las tubas y todos los dem\u00e1s instrumentos de \u00e9mbolos y boquilla circular.<br \/>\nExiste la calle Baudelio Garc\u00eda, que fue quien construy\u00f3 la primera guitarra de cuartos de tono; est\u00e1 la calle de \u00c1ngel Reyes, organizador del primer \u201cGrupo 13\u201d de La Habana, Cuba, conjunto que llev\u00f3 a Nueva York y lo present\u00f3 en conciertos tocando mi m\u00fasica.<br \/>\nHay tambi\u00e9n una calle \u201cGrupo 13\u201d, honrando as\u00ed a mis disc\u00edpulos que tomaron parte en el concierto hist\u00f3rico del 15 de febrero de 1925, cuando se oyeron por primera vez en el mundo composiciones en dieciseisavos de tono y sus compuestos.<br \/>\nY al recordar, por el milagro de la televisi\u00f3n, las realizaciones de la ciencia, los adelantos asombrosos que ponen ante nuestros ojos panoramas maravillosos, aun de los pa\u00edses m\u00e1s lejanos, que nos hacen presenciar en el momento mismo en que suceden acontecimientos que ocurren a miles y miles de kil\u00f3metros de nosotros, y que a m\u00ed proporcionaron esta vez el placer de contemplar el lugar donde nac\u00ed y pas\u00e9 los primeros a\u00f1os de mi ni\u00f1ez, me digo; \u00bfc\u00f3mo es lamentable que muchos de mis colegas no sientan la fuerza avasalladora del progreso y sigan ense\u00f1ando en los conservatorios e institutos musicales teor\u00edas absurdas, anacr\u00f3nicas y aun risibles, en vez de aprovechar las conquistas de mi revoluci\u00f3n que el mundo entero ha recibido con aplausos?<\/p>\n<p>Juli\u00e1n Carrillo (Enero 1964)<\/p>\n","protected":false},"excerpt":{"rendered":"<p>Hace un par de d\u00edas que tuve la sorpresa de ver en la pantalla de la televisi\u00f3n el reportaje de un noticiero que se iniciaba con la perspectiva de una carretera y un letrero que dec\u00eda: 10 kil\u00f3metros Ahualulco del Sonido 13. El milagro de la televisi\u00f3n me trajo, al contemplar la tierra donde nac\u00ed [&hellip;]<\/p>\n","protected":false},"author":1,"featured_media":0,"parent":0,"menu_order":12,"comment_status":"closed","ping_status":"closed","template":"","meta":{"ocean_post_layout":"","ocean_both_sidebars_style":"","ocean_both_sidebars_content_width":0,"ocean_both_sidebars_sidebars_width":0,"ocean_sidebar":"","ocean_second_sidebar":"","ocean_disable_margins":"enable","ocean_add_body_class":"","ocean_shortcode_before_top_bar":"","ocean_shortcode_after_top_bar":"","ocean_shortcode_before_header":"","ocean_shortcode_after_header":"","ocean_has_shortcode":"","ocean_shortcode_after_title":"","ocean_shortcode_before_footer_widgets":"","ocean_shortcode_after_footer_widgets":"","ocean_shortcode_before_footer_bottom":"","ocean_shortcode_after_footer_bottom":"","ocean_display_top_bar":"default","ocean_display_header":"default","ocean_header_style":"","ocean_center_header_left_menu":"","ocean_custom_header_template":"","ocean_custom_logo":0,"ocean_custom_retina_logo":0,"ocean_custom_logo_max_width":0,"ocean_custom_logo_tablet_max_width":0,"ocean_custom_logo_mobile_max_width":0,"ocean_custom_logo_max_height":0,"ocean_custom_logo_tablet_max_height":0,"ocean_custom_logo_mobile_max_height":0,"ocean_header_custom_menu":"","ocean_menu_typo_font_family":"","ocean_menu_typo_font_subset":"","ocean_menu_typo_font_size":0,"ocean_menu_typo_font_size_tablet":0,"ocean_menu_typo_font_size_mobile":0,"ocean_menu_typo_font_size_unit":"px","ocean_menu_typo_font_weight":"","ocean_menu_typo_font_weight_tablet":"","ocean_menu_typo_font_weight_mobile":"","ocean_menu_typo_transform":"","ocean_menu_typo_transform_tablet":"","ocean_menu_typo_transform_mobile":"","ocean_menu_typo_line_height":0,"ocean_menu_typo_line_height_tablet":0,"ocean_menu_typo_line_height_mobile":0,"ocean_menu_typo_line_height_unit":"","ocean_menu_typo_spacing":0,"ocean_menu_typo_spacing_tablet":0,"ocean_menu_typo_spacing_mobile":0,"ocean_menu_typo_spacing_unit":"","ocean_menu_link_color":"","ocean_menu_link_color_hover":"","ocean_menu_link_color_active":"","ocean_menu_link_background":"","ocean_menu_link_hover_background":"","ocean_menu_link_active_background":"","ocean_menu_social_links_bg":"","ocean_menu_social_hover_links_bg":"","ocean_menu_social_links_color":"","ocean_menu_social_hover_links_color":"","ocean_disable_title":"default","ocean_disable_heading":"default","ocean_post_title":"","ocean_post_subheading":"","ocean_post_title_style":"","ocean_post_title_background_color":"","ocean_post_title_background":0,"ocean_post_title_bg_image_position":"","ocean_post_title_bg_image_attachment":"","ocean_post_title_bg_image_repeat":"","ocean_post_title_bg_image_size":"","ocean_post_title_height":0,"ocean_post_title_bg_overlay":0.5,"ocean_post_title_bg_overlay_color":"","ocean_disable_breadcrumbs":"default","ocean_breadcrumbs_color":"","ocean_breadcrumbs_separator_color":"","ocean_breadcrumbs_links_color":"","ocean_breadcrumbs_links_hover_color":"","ocean_display_footer_widgets":"default","ocean_display_footer_bottom":"default","ocean_custom_footer_template":"","footnotes":""},"wf_page_folders":[5],"class_list":["post-778","page","type-page","status-publish","hentry","entry"],"_links":{"self":[{"href":"https:\/\/sonido13.com\/index.php\/wp-json\/wp\/v2\/pages\/778","targetHints":{"allow":["GET"]}}],"collection":[{"href":"https:\/\/sonido13.com\/index.php\/wp-json\/wp\/v2\/pages"}],"about":[{"href":"https:\/\/sonido13.com\/index.php\/wp-json\/wp\/v2\/types\/page"}],"author":[{"embeddable":true,"href":"https:\/\/sonido13.com\/index.php\/wp-json\/wp\/v2\/users\/1"}],"replies":[{"embeddable":true,"href":"https:\/\/sonido13.com\/index.php\/wp-json\/wp\/v2\/comments?post=778"}],"version-history":[{"count":1,"href":"https:\/\/sonido13.com\/index.php\/wp-json\/wp\/v2\/pages\/778\/revisions"}],"predecessor-version":[{"id":779,"href":"https:\/\/sonido13.com\/index.php\/wp-json\/wp\/v2\/pages\/778\/revisions\/779"}],"wp:attachment":[{"href":"https:\/\/sonido13.com\/index.php\/wp-json\/wp\/v2\/media?parent=778"}],"wp:term":[{"taxonomy":"wf_page_folders","embeddable":true,"href":"https:\/\/sonido13.com\/index.php\/wp-json\/wp\/v2\/wf_page_folders?post=778"}],"curies":[{"name":"wp","href":"https:\/\/api.w.org\/{rel}","templated":true}]}}