{"id":776,"date":"2018-05-26T09:24:19","date_gmt":"2018-05-26T09:24:19","guid":{"rendered":"http:\/\/sonido13.com\/?page_id=776"},"modified":"2020-05-09T20:28:49","modified_gmt":"2020-05-09T20:28:49","slug":"punto-de-reflexion","status":"publish","type":"page","link":"https:\/\/sonido13.com\/index.php\/punto-de-reflexion\/","title":{"rendered":"PUNTO DE REFLEXI\u00d3N"},"content":{"rendered":"<p>En el a\u00f1o de 1995, fui invitado, como lo menciono en el tema \u201cCentenario del Sonido 13\u201d, de la secci\u00f3n \u201cANECDOTAS\u201d, a ofrecer una serie de conferencias con dicho motivo.<br \/>\nEmpero, mucho me llam\u00f3 la atenci\u00f3n el hecho de que un grupo de j\u00f3venes m\u00fasicos, participantes con su estilo musical adjuntos al homenaje en cuesti\u00f3n me hicieran una \u201cmuy insistente invitaci\u00f3n\u201d para que tocara el violoncello dentro de su participaci\u00f3n.<br \/>\nEl recital se llev\u00f3 a cabo tocando yo el violoncello junto con este grupo de j\u00f3venes m\u00fasicos que, dentro de su instrumentaci\u00f3n ten\u00edan un teclado electr\u00f3nico marca Roland que me fue mostrado por ellos antes del recital, comprobando que dicho teclado es capaz de producir cuartos, octavos y dieciseisavos de tono con s\u00f3lo oprimir determinado bot\u00f3n o control, hecho que de inmediato hice del conocimiento del p\u00fablico con la intenci\u00f3n de dejar a manera de reflexi\u00f3n los siguientes cuestionamientos:<br \/>\n1.- \u00bfC\u00f3mo obtuvo la casa Roland las afinaciones de 4os, 8avos y 16avos de tono?<br \/>\n2.- \u00bfDieron acaso, el cr\u00e9dito a Juli\u00e1n Carrillo y su descubrimiento?<br \/>\n3.- \u00bfHabr\u00eda alg\u00fan acuerdo con la familia Carrillo?<br \/>\n4.- \u00bfC\u00f3mo sugiere la casa Roland la escritura para dichos intervalos?<br \/>\nSin duda, de aqu\u00ed emanan muchas preguntas m\u00e1s, ya que estando prohibido el Sonido 13, \u00bfc\u00f3mo justifica la difusi\u00f3n de los microtonos casa Roland?<br \/>\nEsto es algo que hasta ahora no logro entender. . .<\/p>\n<p>Armando Nava Loya (Abril 2009)<\/p>\n","protected":false},"excerpt":{"rendered":"<p>En el a\u00f1o de 1995, fui invitado, como lo menciono en el tema \u201cCentenario del Sonido 13\u201d, de la secci\u00f3n \u201cANECDOTAS\u201d, a ofrecer una serie de conferencias con dicho motivo. Empero, mucho me llam\u00f3 la atenci\u00f3n el hecho de que un grupo de j\u00f3venes m\u00fasicos, participantes con su estilo musical adjuntos al homenaje en cuesti\u00f3n [&hellip;]<\/p>\n","protected":false},"author":1,"featured_media":0,"parent":0,"menu_order":11,"comment_status":"closed","ping_status":"closed","template":"","meta":{"ocean_post_layout":"","ocean_both_sidebars_style":"","ocean_both_sidebars_content_width":0,"ocean_both_sidebars_sidebars_width":0,"ocean_sidebar":"","ocean_second_sidebar":"","ocean_disable_margins":"enable","ocean_add_body_class":"","ocean_shortcode_before_top_bar":"","ocean_shortcode_after_top_bar":"","ocean_shortcode_before_header":"","ocean_shortcode_after_header":"","ocean_has_shortcode":"","ocean_shortcode_after_title":"","ocean_shortcode_before_footer_widgets":"","ocean_shortcode_after_footer_widgets":"","ocean_shortcode_before_footer_bottom":"","ocean_shortcode_after_footer_bottom":"","ocean_display_top_bar":"default","ocean_display_header":"default","ocean_header_style":"","ocean_center_header_left_menu":"","ocean_custom_header_template":"","ocean_custom_logo":0,"ocean_custom_retina_logo":0,"ocean_custom_logo_max_width":0,"ocean_custom_logo_tablet_max_width":0,"ocean_custom_logo_mobile_max_width":0,"ocean_custom_logo_max_height":0,"ocean_custom_logo_tablet_max_height":0,"ocean_custom_logo_mobile_max_height":0,"ocean_header_custom_menu":"","ocean_menu_typo_font_family":"","ocean_menu_typo_font_subset":"","ocean_menu_typo_font_size":0,"ocean_menu_typo_font_size_tablet":0,"ocean_menu_typo_font_size_mobile":0,"ocean_menu_typo_font_size_unit":"px","ocean_menu_typo_font_weight":"","ocean_menu_typo_font_weight_tablet":"","ocean_menu_typo_font_weight_mobile":"","ocean_menu_typo_transform":"","ocean_menu_typo_transform_tablet":"","ocean_menu_typo_transform_mobile":"","ocean_menu_typo_line_height":0,"ocean_menu_typo_line_height_tablet":0,"ocean_menu_typo_line_height_mobile":0,"ocean_menu_typo_line_height_unit":"","ocean_menu_typo_spacing":0,"ocean_menu_typo_spacing_tablet":0,"ocean_menu_typo_spacing_mobile":0,"ocean_menu_typo_spacing_unit":"","ocean_menu_link_color":"","ocean_menu_link_color_hover":"","ocean_menu_link_color_active":"","ocean_menu_link_background":"","ocean_menu_link_hover_background":"","ocean_menu_link_active_background":"","ocean_menu_social_links_bg":"","ocean_menu_social_hover_links_bg":"","ocean_menu_social_links_color":"","ocean_menu_social_hover_links_color":"","ocean_disable_title":"default","ocean_disable_heading":"default","ocean_post_title":"","ocean_post_subheading":"","ocean_post_title_style":"","ocean_post_title_background_color":"","ocean_post_title_background":0,"ocean_post_title_bg_image_position":"","ocean_post_title_bg_image_attachment":"","ocean_post_title_bg_image_repeat":"","ocean_post_title_bg_image_size":"","ocean_post_title_height":0,"ocean_post_title_bg_overlay":0.5,"ocean_post_title_bg_overlay_color":"","ocean_disable_breadcrumbs":"default","ocean_breadcrumbs_color":"","ocean_breadcrumbs_separator_color":"","ocean_breadcrumbs_links_color":"","ocean_breadcrumbs_links_hover_color":"","ocean_display_footer_widgets":"default","ocean_display_footer_bottom":"default","ocean_custom_footer_template":"","footnotes":""},"wf_page_folders":[5],"class_list":["post-776","page","type-page","status-publish","hentry","entry"],"_links":{"self":[{"href":"https:\/\/sonido13.com\/index.php\/wp-json\/wp\/v2\/pages\/776","targetHints":{"allow":["GET"]}}],"collection":[{"href":"https:\/\/sonido13.com\/index.php\/wp-json\/wp\/v2\/pages"}],"about":[{"href":"https:\/\/sonido13.com\/index.php\/wp-json\/wp\/v2\/types\/page"}],"author":[{"embeddable":true,"href":"https:\/\/sonido13.com\/index.php\/wp-json\/wp\/v2\/users\/1"}],"replies":[{"embeddable":true,"href":"https:\/\/sonido13.com\/index.php\/wp-json\/wp\/v2\/comments?post=776"}],"version-history":[{"count":1,"href":"https:\/\/sonido13.com\/index.php\/wp-json\/wp\/v2\/pages\/776\/revisions"}],"predecessor-version":[{"id":777,"href":"https:\/\/sonido13.com\/index.php\/wp-json\/wp\/v2\/pages\/776\/revisions\/777"}],"wp:attachment":[{"href":"https:\/\/sonido13.com\/index.php\/wp-json\/wp\/v2\/media?parent=776"}],"wp:term":[{"taxonomy":"wf_page_folders","embeddable":true,"href":"https:\/\/sonido13.com\/index.php\/wp-json\/wp\/v2\/wf_page_folders?post=776"}],"curies":[{"name":"wp","href":"https:\/\/api.w.org\/{rel}","templated":true}]}}