{"id":774,"date":"2018-05-26T09:23:22","date_gmt":"2018-05-26T09:23:22","guid":{"rendered":"http:\/\/sonido13.com\/?page_id=774"},"modified":"2020-05-10T15:44:02","modified_gmt":"2020-05-10T15:44:02","slug":"cuestion-de-afinadores","status":"publish","type":"page","link":"https:\/\/sonido13.com\/index.php\/cuestion-de-afinadores\/","title":{"rendered":"CUESTION DE AFINADORES"},"content":{"rendered":"<p>A mediados de la d\u00e9cada de los ochentas hubo, en el Museo Nacional de Arte una exposici\u00f3n de pintores mexicanos, que pacientemente ve\u00edamos la familia de mi maestro Oscar y yo, y sucedi\u00f3 que, cuando al visitar la sala principal del museo, se encontraba afinando el piano de cola un afinador que nos llam\u00f3 la atenci\u00f3n pues era invidente, de tal manera que permanecimos en silencio al lado del piano hasta que termin\u00f3 su labor.<br \/>\nInmediatamente despu\u00e9s de terminar interpret\u00f3 brillantemente una obra de Juan Sebasti\u00e1n Bach; \u00a1qu\u00e9 espect\u00e1culo tan maravilloso!<br \/>\nUna vez que hubo guardado su material de afinaci\u00f3n y dispuesto a partir pregunt\u00f3 que qui\u00e9n iba a tocar ese d\u00eda, a lo que de inmediato le respondieron: Jos\u00e9 Antonio Alcaraz, maestro.<br \/>\n\u00a1Y para Jos\u00e9 Antonio Alcaraz me hacen afinar un piano de esta categor\u00eda! \u00a1No es posible!<br \/>\nTal fue la contestaci\u00f3n del iracundo maestro afinador de piano, y con justa raz\u00f3n, pues los que hemos escuchado \u201cla m\u00fasica de Alcaraz\u201d sabemos c\u00f3mo se las gastaba con sus \u201ccomposiciones\u201d. As\u00ed que salimos la familia de Oscar y yo d\u00e1ndole la raz\u00f3n al maestro afinador y comentando que c\u00f3mo era posible que sucediera esto en el ambiente musical de M\u00e9xico, sobre todo yo, era el que m\u00e1s protest\u00f3 ese d\u00eda.<br \/>\nSin embargo, debido a las irracionales imposiciones de las autoridades inculturales de nuestro M\u00e9xico, que siguen igual hasta la fecha y son los mismos, hab\u00eda que soportar continuamente a \u201ccompositores\u201d de la cala\u00f1a de Alcaraz, y Alcaraz era el que en ese tiempo estaba de moda, por lo que no pas\u00f3 mucho tiempo para volver a oir a Alcaraz, s\u00f3lo que ahora, para su nuevo \u201cconcierto\u201d tuvo el cinismo de acudir a la se\u00f1orita Dolores Carrillo para que le prestara el arpa de 16avos de tono para \u201cefectos especiales\u201d, y as\u00ed fue. . . le prestaron al nene juguete microtonal para su funci\u00f3n.<br \/>\nEn ese tiempo estudiaba yo con los Pianos Metamorfoseadores Carrillo y llegu\u00e9 a la casa del maestro una tarde, recibi\u00e9ndome la se\u00f1orita Carrillo muy cordialmente, como siempre y dici\u00e9ndome: \u201cSe\u00f1or Nava, quiero pedirle por favor que vaya a la Sala Ponce de Bellas Artes y le afine el arpa de 16avos de tono al se\u00f1or Alcaraz.\u201d<br \/>\nY ah\u00ed fui inmediatamente, a afinarle el arpa de 16avos de tono al se\u00f1or Alcaraz. . . . . . .<\/p>\n<p>Armando Nava Loya (Febrero 2009)<\/p>\n","protected":false},"excerpt":{"rendered":"<p>A mediados de la d\u00e9cada de los ochentas hubo, en el Museo Nacional de Arte una exposici\u00f3n de pintores mexicanos, que pacientemente ve\u00edamos la familia de mi maestro Oscar y yo, y sucedi\u00f3 que, cuando al visitar la sala principal del museo, se encontraba afinando el piano de cola un afinador que nos llam\u00f3 la [&hellip;]<\/p>\n","protected":false},"author":1,"featured_media":0,"parent":0,"menu_order":0,"comment_status":"closed","ping_status":"closed","template":"","meta":{"ocean_post_layout":"","ocean_both_sidebars_style":"","ocean_both_sidebars_content_width":0,"ocean_both_sidebars_sidebars_width":0,"ocean_sidebar":"","ocean_second_sidebar":"","ocean_disable_margins":"enable","ocean_add_body_class":"","ocean_shortcode_before_top_bar":"","ocean_shortcode_after_top_bar":"","ocean_shortcode_before_header":"","ocean_shortcode_after_header":"","ocean_has_shortcode":"","ocean_shortcode_after_title":"","ocean_shortcode_before_footer_widgets":"","ocean_shortcode_after_footer_widgets":"","ocean_shortcode_before_footer_bottom":"","ocean_shortcode_after_footer_bottom":"","ocean_display_top_bar":"default","ocean_display_header":"default","ocean_header_style":"","ocean_center_header_left_menu":"","ocean_custom_header_template":"","ocean_custom_logo":0,"ocean_custom_retina_logo":0,"ocean_custom_logo_max_width":0,"ocean_custom_logo_tablet_max_width":0,"ocean_custom_logo_mobile_max_width":0,"ocean_custom_logo_max_height":0,"ocean_custom_logo_tablet_max_height":0,"ocean_custom_logo_mobile_max_height":0,"ocean_header_custom_menu":"","ocean_menu_typo_font_family":"","ocean_menu_typo_font_subset":"","ocean_menu_typo_font_size":0,"ocean_menu_typo_font_size_tablet":0,"ocean_menu_typo_font_size_mobile":0,"ocean_menu_typo_font_size_unit":"px","ocean_menu_typo_font_weight":"","ocean_menu_typo_font_weight_tablet":"","ocean_menu_typo_font_weight_mobile":"","ocean_menu_typo_transform":"","ocean_menu_typo_transform_tablet":"","ocean_menu_typo_transform_mobile":"","ocean_menu_typo_line_height":0,"ocean_menu_typo_line_height_tablet":0,"ocean_menu_typo_line_height_mobile":0,"ocean_menu_typo_line_height_unit":"","ocean_menu_typo_spacing":0,"ocean_menu_typo_spacing_tablet":0,"ocean_menu_typo_spacing_mobile":0,"ocean_menu_typo_spacing_unit":"","ocean_menu_link_color":"","ocean_menu_link_color_hover":"","ocean_menu_link_color_active":"","ocean_menu_link_background":"","ocean_menu_link_hover_background":"","ocean_menu_link_active_background":"","ocean_menu_social_links_bg":"","ocean_menu_social_hover_links_bg":"","ocean_menu_social_links_color":"","ocean_menu_social_hover_links_color":"","ocean_disable_title":"default","ocean_disable_heading":"default","ocean_post_title":"","ocean_post_subheading":"","ocean_post_title_style":"","ocean_post_title_background_color":"","ocean_post_title_background":0,"ocean_post_title_bg_image_position":"","ocean_post_title_bg_image_attachment":"","ocean_post_title_bg_image_repeat":"","ocean_post_title_bg_image_size":"","ocean_post_title_height":0,"ocean_post_title_bg_overlay":0.5,"ocean_post_title_bg_overlay_color":"","ocean_disable_breadcrumbs":"default","ocean_breadcrumbs_color":"","ocean_breadcrumbs_separator_color":"","ocean_breadcrumbs_links_color":"","ocean_breadcrumbs_links_hover_color":"","ocean_display_footer_widgets":"default","ocean_display_footer_bottom":"default","ocean_custom_footer_template":"","footnotes":""},"wf_page_folders":[5],"class_list":["post-774","page","type-page","status-publish","hentry","entry"],"_links":{"self":[{"href":"https:\/\/sonido13.com\/index.php\/wp-json\/wp\/v2\/pages\/774","targetHints":{"allow":["GET"]}}],"collection":[{"href":"https:\/\/sonido13.com\/index.php\/wp-json\/wp\/v2\/pages"}],"about":[{"href":"https:\/\/sonido13.com\/index.php\/wp-json\/wp\/v2\/types\/page"}],"author":[{"embeddable":true,"href":"https:\/\/sonido13.com\/index.php\/wp-json\/wp\/v2\/users\/1"}],"replies":[{"embeddable":true,"href":"https:\/\/sonido13.com\/index.php\/wp-json\/wp\/v2\/comments?post=774"}],"version-history":[{"count":1,"href":"https:\/\/sonido13.com\/index.php\/wp-json\/wp\/v2\/pages\/774\/revisions"}],"predecessor-version":[{"id":775,"href":"https:\/\/sonido13.com\/index.php\/wp-json\/wp\/v2\/pages\/774\/revisions\/775"}],"wp:attachment":[{"href":"https:\/\/sonido13.com\/index.php\/wp-json\/wp\/v2\/media?parent=774"}],"wp:term":[{"taxonomy":"wf_page_folders","embeddable":true,"href":"https:\/\/sonido13.com\/index.php\/wp-json\/wp\/v2\/wf_page_folders?post=774"}],"curies":[{"name":"wp","href":"https:\/\/api.w.org\/{rel}","templated":true}]}}