{"id":772,"date":"2018-05-26T09:22:10","date_gmt":"2018-05-26T09:22:10","guid":{"rendered":"http:\/\/sonido13.com\/?page_id=772"},"modified":"2020-05-09T20:26:56","modified_gmt":"2020-05-09T20:26:56","slug":"lo-que-no-se-imaginaron-julian-carrillo-ni-oscar-vargas","status":"publish","type":"page","link":"https:\/\/sonido13.com\/index.php\/lo-que-no-se-imaginaron-julian-carrillo-ni-oscar-vargas\/","title":{"rendered":"LO QUE NO SE IMAGINARON JULIAN CARRILLO NI OSCAR VARGAS"},"content":{"rendered":"<p>Como consecuencia de las temporadas en el Planetario Luis Enrique Erro recib\u00ed una llamada del C.P. Juan Manuel Mendoza A., representante de \u201cFestivales de Coros y Bandas A.C.\u201d con el fin de ofrecer un recital de Sonido 13 en la Catedral Metropolitana de M\u00e9xico. Llev\u00e1ndose a cabo dicha presentaci\u00f3n el d\u00eda 20 de agosto de 1988 \u201ca teatro lleno\u201d, se dice cuando hay asistencia general. En esta ocasi\u00f3n fue presentada el Arpa Micronterv\u00e1lica de 909 sonidos, creaci\u00f3n de mi maestro Oscar Vargas Leal, este a su vez, uno de los dos \u00faltimos alumnos de Juli\u00e1n Carrillo.<br \/>\nPues bien, ya estando en plena interpretaci\u00f3n musical, a la mitad de la obra empezaron a sonar algunos tubos del \u00f3rgano, situaci\u00f3n que me descontrol\u00f3 en la interpretaci\u00f3n pues de inmediato pens\u00e9 que era provocado para interrumpir de alguna manera el recital. Sin embargo continu\u00e9, y al finalizar mi intervenci\u00f3n musical, en el habitual di\u00e1logo que hac\u00eda con el p\u00fablico les manifest\u00e9 que todo hab\u00eda sido una experiencia maravillosa, pero l\u00e1stima que \u201calguien\u201d se hab\u00eda subido al \u00f3rgano para hacer sonar sus tubos e interrumpir la obra musical, y al comentarles esto, de una manera general empezaron a gritar y mover los brazos en sentido negativo, diciendo que nadie estaba en el \u00f3rgano, que los tubos empezaron a sonar solos con la resonancia del arpa. . .<br \/>\nEsa fue la respuesta del p\u00fablico en general en aquel momento en que por primera vez en la historia de M\u00e9xico se interpret\u00f3 Sonido 13 en la Catedral Metropolitana.<\/p>\n<p>Armando Nava Loya (Octubre 2008)<\/p>\n","protected":false},"excerpt":{"rendered":"<p>Como consecuencia de las temporadas en el Planetario Luis Enrique Erro recib\u00ed una llamada del C.P. Juan Manuel Mendoza A., representante de \u201cFestivales de Coros y Bandas A.C.\u201d con el fin de ofrecer un recital de Sonido 13 en la Catedral Metropolitana de M\u00e9xico. Llev\u00e1ndose a cabo dicha presentaci\u00f3n el d\u00eda 20 de agosto de [&hellip;]<\/p>\n","protected":false},"author":1,"featured_media":0,"parent":0,"menu_order":41,"comment_status":"closed","ping_status":"closed","template":"","meta":{"ocean_post_layout":"","ocean_both_sidebars_style":"","ocean_both_sidebars_content_width":0,"ocean_both_sidebars_sidebars_width":0,"ocean_sidebar":"","ocean_second_sidebar":"","ocean_disable_margins":"enable","ocean_add_body_class":"","ocean_shortcode_before_top_bar":"","ocean_shortcode_after_top_bar":"","ocean_shortcode_before_header":"","ocean_shortcode_after_header":"","ocean_has_shortcode":"","ocean_shortcode_after_title":"","ocean_shortcode_before_footer_widgets":"","ocean_shortcode_after_footer_widgets":"","ocean_shortcode_before_footer_bottom":"","ocean_shortcode_after_footer_bottom":"","ocean_display_top_bar":"default","ocean_display_header":"default","ocean_header_style":"","ocean_center_header_left_menu":"","ocean_custom_header_template":"","ocean_custom_logo":0,"ocean_custom_retina_logo":0,"ocean_custom_logo_max_width":0,"ocean_custom_logo_tablet_max_width":0,"ocean_custom_logo_mobile_max_width":0,"ocean_custom_logo_max_height":0,"ocean_custom_logo_tablet_max_height":0,"ocean_custom_logo_mobile_max_height":0,"ocean_header_custom_menu":"","ocean_menu_typo_font_family":"","ocean_menu_typo_font_subset":"","ocean_menu_typo_font_size":0,"ocean_menu_typo_font_size_tablet":0,"ocean_menu_typo_font_size_mobile":0,"ocean_menu_typo_font_size_unit":"px","ocean_menu_typo_font_weight":"","ocean_menu_typo_font_weight_tablet":"","ocean_menu_typo_font_weight_mobile":"","ocean_menu_typo_transform":"","ocean_menu_typo_transform_tablet":"","ocean_menu_typo_transform_mobile":"","ocean_menu_typo_line_height":0,"ocean_menu_typo_line_height_tablet":0,"ocean_menu_typo_line_height_mobile":0,"ocean_menu_typo_line_height_unit":"","ocean_menu_typo_spacing":0,"ocean_menu_typo_spacing_tablet":0,"ocean_menu_typo_spacing_mobile":0,"ocean_menu_typo_spacing_unit":"","ocean_menu_link_color":"","ocean_menu_link_color_hover":"","ocean_menu_link_color_active":"","ocean_menu_link_background":"","ocean_menu_link_hover_background":"","ocean_menu_link_active_background":"","ocean_menu_social_links_bg":"","ocean_menu_social_hover_links_bg":"","ocean_menu_social_links_color":"","ocean_menu_social_hover_links_color":"","ocean_disable_title":"default","ocean_disable_heading":"default","ocean_post_title":"","ocean_post_subheading":"","ocean_post_title_style":"","ocean_post_title_background_color":"","ocean_post_title_background":0,"ocean_post_title_bg_image_position":"","ocean_post_title_bg_image_attachment":"","ocean_post_title_bg_image_repeat":"","ocean_post_title_bg_image_size":"","ocean_post_title_height":0,"ocean_post_title_bg_overlay":0.5,"ocean_post_title_bg_overlay_color":"","ocean_disable_breadcrumbs":"default","ocean_breadcrumbs_color":"","ocean_breadcrumbs_separator_color":"","ocean_breadcrumbs_links_color":"","ocean_breadcrumbs_links_hover_color":"","ocean_display_footer_widgets":"default","ocean_display_footer_bottom":"default","ocean_custom_footer_template":"","footnotes":""},"wf_page_folders":[5],"class_list":["post-772","page","type-page","status-publish","hentry","entry"],"_links":{"self":[{"href":"https:\/\/sonido13.com\/index.php\/wp-json\/wp\/v2\/pages\/772","targetHints":{"allow":["GET"]}}],"collection":[{"href":"https:\/\/sonido13.com\/index.php\/wp-json\/wp\/v2\/pages"}],"about":[{"href":"https:\/\/sonido13.com\/index.php\/wp-json\/wp\/v2\/types\/page"}],"author":[{"embeddable":true,"href":"https:\/\/sonido13.com\/index.php\/wp-json\/wp\/v2\/users\/1"}],"replies":[{"embeddable":true,"href":"https:\/\/sonido13.com\/index.php\/wp-json\/wp\/v2\/comments?post=772"}],"version-history":[{"count":1,"href":"https:\/\/sonido13.com\/index.php\/wp-json\/wp\/v2\/pages\/772\/revisions"}],"predecessor-version":[{"id":773,"href":"https:\/\/sonido13.com\/index.php\/wp-json\/wp\/v2\/pages\/772\/revisions\/773"}],"wp:attachment":[{"href":"https:\/\/sonido13.com\/index.php\/wp-json\/wp\/v2\/media?parent=772"}],"wp:term":[{"taxonomy":"wf_page_folders","embeddable":true,"href":"https:\/\/sonido13.com\/index.php\/wp-json\/wp\/v2\/wf_page_folders?post=772"}],"curies":[{"name":"wp","href":"https:\/\/api.w.org\/{rel}","templated":true}]}}