{"id":770,"date":"2018-05-26T09:20:39","date_gmt":"2018-05-26T09:20:39","guid":{"rendered":"http:\/\/sonido13.com\/?page_id=770"},"modified":"2020-05-09T20:24:49","modified_gmt":"2020-05-09T20:24:49","slug":"intenso-mexicanismo","status":"publish","type":"page","link":"https:\/\/sonido13.com\/index.php\/intenso-mexicanismo\/","title":{"rendered":"INTENSO MEXICANISMO"},"content":{"rendered":"<p>Siempre fue mi ideal conocer Grecia, y en 1902, cuando por mi buena suerte se me concedi\u00f3 el privilegio de dirigir la Orquesta del Real Conservatorio de Leipzig, alternando en conciertos seguidos con Ricardo Strauss al frente de la Orquesta del Albert Hall y Arturo Nikisch con la de la Gewandhaus, el c\u00f3nsul general de Grecia, pasado el concierto en que yo dirig\u00ed, me pidi\u00f3 condiciones para que fuera a Atenas como director permanente de la Orquesta Sinf\u00f3nica; pero, no obstante lo halagador y honroso de semejante proposici\u00f3n, no le d\u00ed cabida por que sent\u00eda que mi deber de m\u00fasico y de mexicano me obligaba a regresar a mi patria, ya que era consciente de que la cantidad que recib\u00eda mensualmente para el sostenimiento de mis estudios en Europa, aunque fuera como premio especial del Presidente de la Rep\u00fablica, general don Porfirio D\u00edaz, proven\u00eda de los fondos p\u00fablicos de la naci\u00f3n. As\u00ed que, tan pronto como termin\u00e9 mis estudios, regres\u00e9 a M\u00e9xico, donde por extra\u00f1a iron\u00eda se me hizo la m\u00e1s curiosa recepci\u00f3n como m\u00fasico. Llegaba yo graduado como compositor en Alemania y como primer premio por unanimidad y con distinci\u00f3n en los concursos internacionales de viol\u00edn en el Real Conservatorio de Gante, B\u00e9lgica. . . y aqu\u00ed en mi patria se me nombr\u00f3 profesor de historia. . . y aun en ese puesto tan alejado de mis especialidades hubo un mundo de intrigas a las que me referir\u00e9 en otra ocasi\u00f3n. . . y como corolario, al finalizar el a\u00f1o, se me envi\u00f3 como sinodal a las clases de cornet\u00edn. . .<br \/>\nAnte tantas peque\u00f1eces en mi contra, casi lament\u00e9 no haber aceptado la direcci\u00f3n de la Sinf\u00f3nica de Atenas, pues adem\u00e1s de la brillante oportunidad como m\u00fasico la reina de Grecia era hermana del emperador Guillermo II. De haber tenido la suerte de que mi actuaci\u00f3n al frente de la orquesta mereciera su aplauso, el hecho habr\u00eda tenido gran repercusi\u00f3n en Alemania. . . pero mi intenso mexicanismo me hizo aceptar sin protesta ser profesor de historia y sinodal de cornet\u00edn.<\/p>\n<p>Juli\u00e1n Carrillo (Febrero 1964)<\/p>\n","protected":false},"excerpt":{"rendered":"<p>Siempre fue mi ideal conocer Grecia, y en 1902, cuando por mi buena suerte se me concedi\u00f3 el privilegio de dirigir la Orquesta del Real Conservatorio de Leipzig, alternando en conciertos seguidos con Ricardo Strauss al frente de la Orquesta del Albert Hall y Arturo Nikisch con la de la Gewandhaus, el c\u00f3nsul general de [&hellip;]<\/p>\n","protected":false},"author":1,"featured_media":0,"parent":0,"menu_order":82,"comment_status":"closed","ping_status":"closed","template":"","meta":{"ocean_post_layout":"","ocean_both_sidebars_style":"","ocean_both_sidebars_content_width":0,"ocean_both_sidebars_sidebars_width":0,"ocean_sidebar":"","ocean_second_sidebar":"","ocean_disable_margins":"enable","ocean_add_body_class":"","ocean_shortcode_before_top_bar":"","ocean_shortcode_after_top_bar":"","ocean_shortcode_before_header":"","ocean_shortcode_after_header":"","ocean_has_shortcode":"","ocean_shortcode_after_title":"","ocean_shortcode_before_footer_widgets":"","ocean_shortcode_after_footer_widgets":"","ocean_shortcode_before_footer_bottom":"","ocean_shortcode_after_footer_bottom":"","ocean_display_top_bar":"default","ocean_display_header":"default","ocean_header_style":"","ocean_center_header_left_menu":"","ocean_custom_header_template":"","ocean_custom_logo":0,"ocean_custom_retina_logo":0,"ocean_custom_logo_max_width":0,"ocean_custom_logo_tablet_max_width":0,"ocean_custom_logo_mobile_max_width":0,"ocean_custom_logo_max_height":0,"ocean_custom_logo_tablet_max_height":0,"ocean_custom_logo_mobile_max_height":0,"ocean_header_custom_menu":"","ocean_menu_typo_font_family":"","ocean_menu_typo_font_subset":"","ocean_menu_typo_font_size":0,"ocean_menu_typo_font_size_tablet":0,"ocean_menu_typo_font_size_mobile":0,"ocean_menu_typo_font_size_unit":"px","ocean_menu_typo_font_weight":"","ocean_menu_typo_font_weight_tablet":"","ocean_menu_typo_font_weight_mobile":"","ocean_menu_typo_transform":"","ocean_menu_typo_transform_tablet":"","ocean_menu_typo_transform_mobile":"","ocean_menu_typo_line_height":0,"ocean_menu_typo_line_height_tablet":0,"ocean_menu_typo_line_height_mobile":0,"ocean_menu_typo_line_height_unit":"","ocean_menu_typo_spacing":0,"ocean_menu_typo_spacing_tablet":0,"ocean_menu_typo_spacing_mobile":0,"ocean_menu_typo_spacing_unit":"","ocean_menu_link_color":"","ocean_menu_link_color_hover":"","ocean_menu_link_color_active":"","ocean_menu_link_background":"","ocean_menu_link_hover_background":"","ocean_menu_link_active_background":"","ocean_menu_social_links_bg":"","ocean_menu_social_hover_links_bg":"","ocean_menu_social_links_color":"","ocean_menu_social_hover_links_color":"","ocean_disable_title":"default","ocean_disable_heading":"default","ocean_post_title":"","ocean_post_subheading":"","ocean_post_title_style":"","ocean_post_title_background_color":"","ocean_post_title_background":0,"ocean_post_title_bg_image_position":"","ocean_post_title_bg_image_attachment":"","ocean_post_title_bg_image_repeat":"","ocean_post_title_bg_image_size":"","ocean_post_title_height":0,"ocean_post_title_bg_overlay":0.5,"ocean_post_title_bg_overlay_color":"","ocean_disable_breadcrumbs":"default","ocean_breadcrumbs_color":"","ocean_breadcrumbs_separator_color":"","ocean_breadcrumbs_links_color":"","ocean_breadcrumbs_links_hover_color":"","ocean_display_footer_widgets":"default","ocean_display_footer_bottom":"default","ocean_custom_footer_template":"","footnotes":""},"wf_page_folders":[5],"class_list":["post-770","page","type-page","status-publish","hentry","entry"],"_links":{"self":[{"href":"https:\/\/sonido13.com\/index.php\/wp-json\/wp\/v2\/pages\/770","targetHints":{"allow":["GET"]}}],"collection":[{"href":"https:\/\/sonido13.com\/index.php\/wp-json\/wp\/v2\/pages"}],"about":[{"href":"https:\/\/sonido13.com\/index.php\/wp-json\/wp\/v2\/types\/page"}],"author":[{"embeddable":true,"href":"https:\/\/sonido13.com\/index.php\/wp-json\/wp\/v2\/users\/1"}],"replies":[{"embeddable":true,"href":"https:\/\/sonido13.com\/index.php\/wp-json\/wp\/v2\/comments?post=770"}],"version-history":[{"count":1,"href":"https:\/\/sonido13.com\/index.php\/wp-json\/wp\/v2\/pages\/770\/revisions"}],"predecessor-version":[{"id":771,"href":"https:\/\/sonido13.com\/index.php\/wp-json\/wp\/v2\/pages\/770\/revisions\/771"}],"wp:attachment":[{"href":"https:\/\/sonido13.com\/index.php\/wp-json\/wp\/v2\/media?parent=770"}],"wp:term":[{"taxonomy":"wf_page_folders","embeddable":true,"href":"https:\/\/sonido13.com\/index.php\/wp-json\/wp\/v2\/wf_page_folders?post=770"}],"curies":[{"name":"wp","href":"https:\/\/api.w.org\/{rel}","templated":true}]}}