{"id":763,"date":"2018-05-26T09:17:19","date_gmt":"2018-05-26T09:17:19","guid":{"rendered":"http:\/\/sonido13.com\/?page_id=763"},"modified":"2020-05-10T15:43:30","modified_gmt":"2020-05-10T15:43:30","slug":"regreso-a-mexico","status":"publish","type":"page","link":"https:\/\/sonido13.com\/index.php\/regreso-a-mexico\/","title":{"rendered":"REGRESO A MEXICO"},"content":{"rendered":"<p>A mi regreso de B\u00e9lgica, en el a\u00f1o de 1904, al llegar a Nueva York recib\u00ed una carta en la cual me dec\u00edan que un grupo de coterr\u00e1neos pensaban recibirme hasta alguna de las ciudades del camino.<br \/>\nEsperaba, pues, a mis amigos y a medida que me acercaba a San Luis crec\u00eda mi ansiedad. Hacia las diez de la noche, al llegar el tren a la ciudad de Saltillo, Coah., o\u00ed que una banda militar tocaba el Himno Nacional. Aqu\u00ed est\u00e1n ya, me dije, aunque me parec\u00eda demasiado homenaje que me recibieran con el himno, ya que este canto est\u00e1 reservado \u00fanicamente para el presidente de la Rep\u00fablica; pero pens\u00e9 que quiz\u00e1s mis paisanos llevados de su entusiasmo llegaban hasta la exageraci\u00f3n. Sal\u00ed al vest\u00edbulo del carro creyendo encontrar caras conocidas y me sorprendi\u00f3 que no hubiera ni una sola. . . a los cuantos minutos continu\u00f3 el tren su marcha y con sorpresa escuch\u00e9 las Golondrinas y poco despu\u00e9s otra vez el Himno Nacional. \u00bfQu\u00e9 ser\u00e1 esto? Me dije. \u00bfPor qu\u00e9 el Himno Nacional? y \u00bfpor qu\u00e9 las Golondrinas? No me explicaba tan curioso homenaje, sobre todo por que era an\u00f3nimo.<br \/>\nA unos cuantos kil\u00f3metros estaba descarrilado un tren de carga y tuvimos que permanecer detenidos toda la noche; al d\u00eda siguiente en el carro comedor se comentaba aquel suntuoso recibimiento de Saltillo y todos se preguntaban por qui\u00e9n ser\u00eda. Quiz\u00e1s venga en el tren alg\u00fan general, dec\u00edan unos, yo esperaba que alguien dijera: es que aqu\u00ed viaja Juli\u00e1n Carrillo; pero nada. Entonces intervino otro pasajero matando toda mi vanidad, pues dijo: &lt;El homenaje fue para don Jaime Nun\u00f3, autor del Himno Nacional que viene en este mismo tren&gt;.<br \/>\n\u00a1Qu\u00e9 plancha!, me dije, \u00a1qu\u00e9 plancha si he ido a darle las gracias al director de la banda por el homenaje que yo cre\u00eda que se me tributaba. . .!<br \/>\nAl atardecer de aquel d\u00eda inolvidable del 11 de septiembre de 1904 llegamos a mi tierra, la bella ciudad de San Luis Potos\u00ed y reconoc\u00ed congregados en la estaci\u00f3n a todos mis amigos, a numerosas comisiones de estudiantes, a la chiquiller\u00eda de las escuelas primarias y a las bandas de m\u00fasica de la Federaci\u00f3n y del Estado. Al detenerse el tren se escuch\u00f3 un estruendoso aplauso y don Jaime Nun\u00f3 que era recibido en todas partes con v\u00edtores y ovaciones, sali\u00f3 al vest\u00edbulo del carro sombrero en mano y empez\u00f3 a dar las gracias; cuando de pronto, se escucharon gritos de \u00a1Viva Juli\u00e1n Carrillo! \u00a1Viva Juli\u00e1n Carrillo! y el viejo don Jaime tuvo una ocurrencia genial para salvarse de aquella situaci\u00f3n embarazosa: al escuchar mi nombre, \u00e9l, que hab\u00eda salido a agradecer el homenaje, que cre\u00eda suyo, empez\u00f3 a gritar tambi\u00e9n: \u00a1Que viva Juli\u00e1n Carrillo!\u00a0\u00bb<br \/>\nChusca confusi\u00f3n de honores.<\/p>\n<p>Juli\u00e1n Carrillo (Marzo 1965)<\/p>\n","protected":false},"excerpt":{"rendered":"<p>A mi regreso de B\u00e9lgica, en el a\u00f1o de 1904, al llegar a Nueva York recib\u00ed una carta en la cual me dec\u00edan que un grupo de coterr\u00e1neos pensaban recibirme hasta alguna de las ciudades del camino. Esperaba, pues, a mis amigos y a medida que me acercaba a San Luis crec\u00eda mi ansiedad. Hacia [&hellip;]<\/p>\n","protected":false},"author":1,"featured_media":0,"parent":0,"menu_order":69,"comment_status":"closed","ping_status":"closed","template":"","meta":{"ocean_post_layout":"","ocean_both_sidebars_style":"","ocean_both_sidebars_content_width":0,"ocean_both_sidebars_sidebars_width":0,"ocean_sidebar":"","ocean_second_sidebar":"","ocean_disable_margins":"enable","ocean_add_body_class":"","ocean_shortcode_before_top_bar":"","ocean_shortcode_after_top_bar":"","ocean_shortcode_before_header":"","ocean_shortcode_after_header":"","ocean_has_shortcode":"","ocean_shortcode_after_title":"","ocean_shortcode_before_footer_widgets":"","ocean_shortcode_after_footer_widgets":"","ocean_shortcode_before_footer_bottom":"","ocean_shortcode_after_footer_bottom":"","ocean_display_top_bar":"default","ocean_display_header":"default","ocean_header_style":"","ocean_center_header_left_menu":"","ocean_custom_header_template":"","ocean_custom_logo":0,"ocean_custom_retina_logo":0,"ocean_custom_logo_max_width":0,"ocean_custom_logo_tablet_max_width":0,"ocean_custom_logo_mobile_max_width":0,"ocean_custom_logo_max_height":0,"ocean_custom_logo_tablet_max_height":0,"ocean_custom_logo_mobile_max_height":0,"ocean_header_custom_menu":"","ocean_menu_typo_font_family":"","ocean_menu_typo_font_subset":"","ocean_menu_typo_font_size":0,"ocean_menu_typo_font_size_tablet":0,"ocean_menu_typo_font_size_mobile":0,"ocean_menu_typo_font_size_unit":"px","ocean_menu_typo_font_weight":"","ocean_menu_typo_font_weight_tablet":"","ocean_menu_typo_font_weight_mobile":"","ocean_menu_typo_transform":"","ocean_menu_typo_transform_tablet":"","ocean_menu_typo_transform_mobile":"","ocean_menu_typo_line_height":0,"ocean_menu_typo_line_height_tablet":0,"ocean_menu_typo_line_height_mobile":0,"ocean_menu_typo_line_height_unit":"","ocean_menu_typo_spacing":0,"ocean_menu_typo_spacing_tablet":0,"ocean_menu_typo_spacing_mobile":0,"ocean_menu_typo_spacing_unit":"","ocean_menu_link_color":"","ocean_menu_link_color_hover":"","ocean_menu_link_color_active":"","ocean_menu_link_background":"","ocean_menu_link_hover_background":"","ocean_menu_link_active_background":"","ocean_menu_social_links_bg":"","ocean_menu_social_hover_links_bg":"","ocean_menu_social_links_color":"","ocean_menu_social_hover_links_color":"","ocean_disable_title":"default","ocean_disable_heading":"default","ocean_post_title":"","ocean_post_subheading":"","ocean_post_title_style":"","ocean_post_title_background_color":"","ocean_post_title_background":0,"ocean_post_title_bg_image_position":"","ocean_post_title_bg_image_attachment":"","ocean_post_title_bg_image_repeat":"","ocean_post_title_bg_image_size":"","ocean_post_title_height":0,"ocean_post_title_bg_overlay":0.5,"ocean_post_title_bg_overlay_color":"","ocean_disable_breadcrumbs":"default","ocean_breadcrumbs_color":"","ocean_breadcrumbs_separator_color":"","ocean_breadcrumbs_links_color":"","ocean_breadcrumbs_links_hover_color":"","ocean_display_footer_widgets":"default","ocean_display_footer_bottom":"default","ocean_custom_footer_template":"","footnotes":""},"wf_page_folders":[5],"class_list":["post-763","page","type-page","status-publish","hentry","entry"],"_links":{"self":[{"href":"https:\/\/sonido13.com\/index.php\/wp-json\/wp\/v2\/pages\/763","targetHints":{"allow":["GET"]}}],"collection":[{"href":"https:\/\/sonido13.com\/index.php\/wp-json\/wp\/v2\/pages"}],"about":[{"href":"https:\/\/sonido13.com\/index.php\/wp-json\/wp\/v2\/types\/page"}],"author":[{"embeddable":true,"href":"https:\/\/sonido13.com\/index.php\/wp-json\/wp\/v2\/users\/1"}],"replies":[{"embeddable":true,"href":"https:\/\/sonido13.com\/index.php\/wp-json\/wp\/v2\/comments?post=763"}],"version-history":[{"count":1,"href":"https:\/\/sonido13.com\/index.php\/wp-json\/wp\/v2\/pages\/763\/revisions"}],"predecessor-version":[{"id":764,"href":"https:\/\/sonido13.com\/index.php\/wp-json\/wp\/v2\/pages\/763\/revisions\/764"}],"wp:attachment":[{"href":"https:\/\/sonido13.com\/index.php\/wp-json\/wp\/v2\/media?parent=763"}],"wp:term":[{"taxonomy":"wf_page_folders","embeddable":true,"href":"https:\/\/sonido13.com\/index.php\/wp-json\/wp\/v2\/wf_page_folders?post=763"}],"curies":[{"name":"wp","href":"https:\/\/api.w.org\/{rel}","templated":true}]}}