{"id":760,"date":"2018-05-26T09:13:36","date_gmt":"2018-05-26T09:13:36","guid":{"rendered":"http:\/\/sonido13.com\/?page_id=760"},"modified":"2020-05-09T20:25:50","modified_gmt":"2020-05-09T20:25:50","slug":"por-que-no-se-difunde-el-sonido-13","status":"publish","type":"page","link":"https:\/\/sonido13.com\/index.php\/por-que-no-se-difunde-el-sonido-13\/","title":{"rendered":"\u00bf POR QUE NO SE DIFUNDE EL SONIDO 13 ?"},"content":{"rendered":"<p style=\"text-align: left;\"><strong>El mismo maestro Juli\u00e1n Carrillo nos responder\u00e1 a ello . . .<\/strong><\/p>\n<p style=\"text-align: left;\">Recuerdo que hacia el a\u00f1o de 1920, siendo yo director del Conservatorio Nacional de M\u00fasica, dispuso el rector don Jos\u00e9 Vasconcelos que permitiera yo al entonces joven Carlos Ch\u00e1vez que ensayara con la Sinf\u00f3nica Nacional una composici\u00f3n suya cuyo t\u00edtulo no recuerdo si era entonces Pobre patria m\u00eda o Sinfon\u00eda de la patria, obra que despu\u00e9s se toc\u00f3 en un concierto en el patio de la Secretar\u00eda de Educaci\u00f3n P\u00fablica, el 16 de diciembre de 1923, en el cual dirigimos Juan Le\u00f3n Mariscal su Allegro Sinf\u00f3nico, Carlos Ch\u00e1vez su obra y yo, la Novena Sinfon\u00eda de Beethoven. Son curiosos lo t\u00edtiulos dados por Ch\u00e1vez a uno de los tiempos de su obra: &lt;&lt;La lucha cruel y los impulsos her\u00f3icos cuando en nuestras almas el \u00e1guila devora a la serpiente&gt;&gt;.<br \/>\nHizo Ch\u00e1vez en aquella ocasi\u00f3n m\u00e1s de veinte ensayos sin lograr poder dirigirla. Su torpeza era manifiesta; un muchacho con medianos conocimientos lo hubiera logrado en dos ensayos.<br \/>\nMolesto ante la p\u00e9rdida de tiempo que ello representaba para la orquesta le dije: &lt;mire jovencito, creo que ser\u00eda m\u00e1s pr\u00e1ctico que primero estudiara un poco la direcci\u00f3n y luego siguiera con su obra&gt;.<br \/>\nInform\u00e9 al licenciado Vasconcelos en este sentido y Ch\u00e1vez nunca me lo perdon\u00f3. Por eso, cuando a\u00f1os m\u00e1s tarde, en 1928, supe que iba dirigir una gran orquesta sinf\u00f3nica, la Orquesta Sinf\u00f3nica de M\u00e9xico cre\u00ed que era un gran error.<br \/>\nMe parece que viene al caso narrar esta an\u00e9cdota por que creo que ella fue el origen de todo su antagonismo hacia mi persona, que no lo abandon\u00f3 en toda la vida, y a\u00fan la leg\u00f3 a sus disc\u00edpulos\u00a0\u00bb.<\/p>\n<p>Juli\u00e1n Carrillo (Marzo 1965)<\/p>\n","protected":false},"excerpt":{"rendered":"<p>El mismo maestro Juli\u00e1n Carrillo nos responder\u00e1 a ello . . . Recuerdo que hacia el a\u00f1o de 1920, siendo yo director del Conservatorio Nacional de M\u00fasica, dispuso el rector don Jos\u00e9 Vasconcelos que permitiera yo al entonces joven Carlos Ch\u00e1vez que ensayara con la Sinf\u00f3nica Nacional una composici\u00f3n suya cuyo t\u00edtulo no recuerdo si [&hellip;]<\/p>\n","protected":false},"author":1,"featured_media":0,"parent":0,"menu_order":68,"comment_status":"closed","ping_status":"closed","template":"","meta":{"ocean_post_layout":"","ocean_both_sidebars_style":"","ocean_both_sidebars_content_width":0,"ocean_both_sidebars_sidebars_width":0,"ocean_sidebar":"","ocean_second_sidebar":"","ocean_disable_margins":"enable","ocean_add_body_class":"","ocean_shortcode_before_top_bar":"","ocean_shortcode_after_top_bar":"","ocean_shortcode_before_header":"","ocean_shortcode_after_header":"","ocean_has_shortcode":"","ocean_shortcode_after_title":"","ocean_shortcode_before_footer_widgets":"","ocean_shortcode_after_footer_widgets":"","ocean_shortcode_before_footer_bottom":"","ocean_shortcode_after_footer_bottom":"","ocean_display_top_bar":"default","ocean_display_header":"default","ocean_header_style":"","ocean_center_header_left_menu":"","ocean_custom_header_template":"","ocean_custom_logo":0,"ocean_custom_retina_logo":0,"ocean_custom_logo_max_width":0,"ocean_custom_logo_tablet_max_width":0,"ocean_custom_logo_mobile_max_width":0,"ocean_custom_logo_max_height":0,"ocean_custom_logo_tablet_max_height":0,"ocean_custom_logo_mobile_max_height":0,"ocean_header_custom_menu":"","ocean_menu_typo_font_family":"","ocean_menu_typo_font_subset":"","ocean_menu_typo_font_size":0,"ocean_menu_typo_font_size_tablet":0,"ocean_menu_typo_font_size_mobile":0,"ocean_menu_typo_font_size_unit":"px","ocean_menu_typo_font_weight":"","ocean_menu_typo_font_weight_tablet":"","ocean_menu_typo_font_weight_mobile":"","ocean_menu_typo_transform":"","ocean_menu_typo_transform_tablet":"","ocean_menu_typo_transform_mobile":"","ocean_menu_typo_line_height":0,"ocean_menu_typo_line_height_tablet":0,"ocean_menu_typo_line_height_mobile":0,"ocean_menu_typo_line_height_unit":"","ocean_menu_typo_spacing":0,"ocean_menu_typo_spacing_tablet":0,"ocean_menu_typo_spacing_mobile":0,"ocean_menu_typo_spacing_unit":"","ocean_menu_link_color":"","ocean_menu_link_color_hover":"","ocean_menu_link_color_active":"","ocean_menu_link_background":"","ocean_menu_link_hover_background":"","ocean_menu_link_active_background":"","ocean_menu_social_links_bg":"","ocean_menu_social_hover_links_bg":"","ocean_menu_social_links_color":"","ocean_menu_social_hover_links_color":"","ocean_disable_title":"default","ocean_disable_heading":"default","ocean_post_title":"","ocean_post_subheading":"","ocean_post_title_style":"","ocean_post_title_background_color":"","ocean_post_title_background":0,"ocean_post_title_bg_image_position":"","ocean_post_title_bg_image_attachment":"","ocean_post_title_bg_image_repeat":"","ocean_post_title_bg_image_size":"","ocean_post_title_height":0,"ocean_post_title_bg_overlay":0.5,"ocean_post_title_bg_overlay_color":"","ocean_disable_breadcrumbs":"default","ocean_breadcrumbs_color":"","ocean_breadcrumbs_separator_color":"","ocean_breadcrumbs_links_color":"","ocean_breadcrumbs_links_hover_color":"","ocean_display_footer_widgets":"default","ocean_display_footer_bottom":"default","ocean_custom_footer_template":"","footnotes":""},"wf_page_folders":[5],"class_list":["post-760","page","type-page","status-publish","hentry","entry"],"_links":{"self":[{"href":"https:\/\/sonido13.com\/index.php\/wp-json\/wp\/v2\/pages\/760","targetHints":{"allow":["GET"]}}],"collection":[{"href":"https:\/\/sonido13.com\/index.php\/wp-json\/wp\/v2\/pages"}],"about":[{"href":"https:\/\/sonido13.com\/index.php\/wp-json\/wp\/v2\/types\/page"}],"author":[{"embeddable":true,"href":"https:\/\/sonido13.com\/index.php\/wp-json\/wp\/v2\/users\/1"}],"replies":[{"embeddable":true,"href":"https:\/\/sonido13.com\/index.php\/wp-json\/wp\/v2\/comments?post=760"}],"version-history":[{"count":2,"href":"https:\/\/sonido13.com\/index.php\/wp-json\/wp\/v2\/pages\/760\/revisions"}],"predecessor-version":[{"id":765,"href":"https:\/\/sonido13.com\/index.php\/wp-json\/wp\/v2\/pages\/760\/revisions\/765"}],"wp:attachment":[{"href":"https:\/\/sonido13.com\/index.php\/wp-json\/wp\/v2\/media?parent=760"}],"wp:term":[{"taxonomy":"wf_page_folders","embeddable":true,"href":"https:\/\/sonido13.com\/index.php\/wp-json\/wp\/v2\/wf_page_folders?post=760"}],"curies":[{"name":"wp","href":"https:\/\/api.w.org\/{rel}","templated":true}]}}