{"id":257,"date":"2018-05-22T13:28:39","date_gmt":"2018-05-22T13:28:39","guid":{"rendered":"http:\/\/sonido13.com\/?page_id=257"},"modified":"2020-05-10T18:54:54","modified_gmt":"2020-05-10T18:54:54","slug":"pianos-metamorfoseadores-carrillo","status":"publish","type":"page","link":"https:\/\/sonido13.com\/index.php\/pianos-metamorfoseadores-carrillo\/","title":{"rendered":"PIANOS METAMORFOSEADORES CARRILLO"},"content":{"rendered":"<p class=\"Normal P-13\"><span class=\"C-5\">Desde los albores del siglo XVIII, en que el italiano Bartolomeo Cristofori invent\u00f3 el martinete, del cual surgi\u00f3 el Pianoforte, es decir, un instrumento capaz de hacer diversos matices din\u00e1micos, o sea \u00ab\u00a0piano\u00a0\u00bb y \u00ab\u00a0fuerte\u00a0\u00bb; otra peque\u00f1a mejora fue aumentar tres sonidos por la parte aguda, lo que se atribuye a una sugesti\u00f3n de Franz Liszt, y que son las teclas para el Si bemol, el Si becuadro y el Do, ya que los pianos anteriores a esa \u00e9poca llegaban \u00fanicamente a la nota La.<\/span><\/p>\n<p class=\"Normal P-13\"><span class=\"C-5\">Desde entonces no hab\u00eda habido en cuanto a los pianos se refiere un acontecimiento de mayor trascendencia que el de los \u00ab\u00a0Pianos Metamorfoseadores\u00a0\u00bb de M\u00e9xico, los cuales fueron patentados por m\u00ed el 25 de febrero de 1949.<\/span><\/p>\n<p class=\"Normal P-13\"><span class=\"C-5\">La historia de estos pianos est\u00e1 llena de vicisitudes, que corren parejas con las de los acontecimientos m\u00e1s trascendentales que se han producido al trav\u00e9s de los tiempos.<\/span><\/p>\n<p class=\"Normal P-13\"><span class=\"C-5\">La primera de ellas fue la dificultad para construirlos, debido a que f\u00e1bricas de Europa y Am\u00e9rica, a las que acud\u00ed para ello no quer\u00edan echarse a cuestas la tarea por los intrincados problemas, tanto mec\u00e1nicos como de afinaci\u00f3n que presentaban; y no fue sino hasta 1957 cuando la gran f\u00e1brica de Hans Sauter en Spaichingen-<wbr \/>Wurt, Alemania, dijo que los resolver\u00eda cuando conociera las patentes; y efectivamente fue all\u00ed donde se construyeron.<\/span><\/p>\n<p class=\"Normal P-13\"><span class=\"C-5\">Tanto como los fabricantes de pianos, ten\u00eda yo el temor que no pudieran afinarse correctamente, supuesto que, el No. 1 que metamorfosea los semitonos a tonos enteros, todos los dem\u00e1s ten\u00edan que producir sonidos jam\u00e1s o\u00eddos.<\/span><\/p>\n<p class=\"Normal P-13\"><span class=\"C-5\">En efecto, el No. 2 metamorfosea los semitonos a tercios de tono; el No. 3 a cuartos; el No. 4 a quintos, etc\u00e9tera, as\u00ed siguen hasta el piano No. 15 en el cual cada semitono es metamorfoseado en dieciseisavos de tono, con lo cual hay noventa y siete sonidos diferentes en una sola octava.<\/span><\/p>\n<p class=\"Normal P-13\"><span class=\"C-5\">Se me pidi\u00f3 que enviara las patentes y los planos e inmediatamente se decidieron a construirlos y, adem\u00e1s, se comprometieron a terminarlos a tiempo para ser presentados en la Gran Exposici\u00f3n Universal de Bruselas en 1958.<\/span><\/p>\n<p class=\"Normal P-13\"><span class=\"C-5\">El gran caballeroso y constructor, Hans Sauter, cumpli\u00f3 exactamente su compromiso y mis pianos estuvieron en Bruselas en la fecha indicada. . . pero all\u00ed surgi\u00f3 otro problema: \u00bfd\u00f3nde exhibirlos?<\/span><\/p>\n<p class=\"Normal P-13\"><span class=\"C-5\">Como en el pabell\u00f3n de M\u00e9xico era imposible hacerlo y en vano buscaba yo dentro de la Exposici\u00f3n un lugar adecuado para ello, al ver mis dificultades, un mexicano que estaba en aquellos d\u00edas en Bruselas tuvo la idea genial (sic) de sugerirme que desistiera de mi prop\u00f3sito y los expidiera para M\u00e9xico sin desempacarlos; pero por fortuna el gobierno belga, gracias a su gran cultura, al saber aquello, tuvo a bien acordar que mis instrumentos fueran expuestos en el Palacio Real No. 3, dentro del per\u00edmetro de la Exposici\u00f3n.<\/span><\/p>\n<p class=\"Normal P-13\"><span class=\"C-5\">Este acuerdo, que jam\u00e1s agradecer\u00e9 lo bastante, permiti\u00f3 que mis pianos fueran expuestos en un regio sal\u00f3n y que se les concediera una Gran Medalla de Oro por el alto valor cultural que representan para la humanidad.<\/span><\/p>\n<p class=\"Normal P-13\"><span class=\"C-5\">Despu\u00e9s de Bruselas, los present\u00e9 en Par\u00eds en la Sala Gaveau, gentilmente cedida por el caballeroso M. Marcel Gaveau, due\u00f1o de la f\u00e1brica de pianos que llevan su nombre, y la sensaci\u00f3n que causaron fue tan grande que eminencias del mundo musical europeo emitieron los siguientes juicios: \u00ab\u00a0Bastar\u00e1 uno solo de los pianos que present\u00f3 Juli\u00e1n Carrillo en la fastuosa exposici\u00f3n que present\u00f3 en la Sala Gaveau, para englobar toda la obra de un Bach o de un Beethoven del futuro.\u00a0\u00bb Jean Etienne Marie.<\/span><\/p>\n<p class=\"Normal P-13\"><span class=\"C-5\">\u00ab\u00a0Los Pianos Carrillo\u00a0\u00bb descubren un maravilloso mundo sonoro, que es digno de compararse con el descubrimiento de Am\u00e9rica por Cristobal Col\u00f3n. En Europa hac\u00edamos esfuerzos inaud\u00edtos por lograr un teclado pr\u00e1ctico para un piano de cuartos de tono, y Juli\u00e1n Carrillo nos di\u00f3 la sorpresa de que, con el teclado cl\u00e1sico en uso, puedan tocarse no s\u00f3lo cuartos, sino tambi\u00e9n tercios, quintos, etc\u00e9tera, lo que equivale a un positivo \u00ab\u00a0huevo de Col\u00f3n\u00a0\u00bb. Iv\u00e1n Wischnegradsky.<\/span><\/p>\n<p class=\"Normal P-13\"><span class=\"C-5\">Despu\u00e9s de esa segunda exposici\u00f3n fueron tra\u00eddos a M\u00e9xico y expuestos en el Palacio de Bellas Artes, en el Sal\u00f3n de los Murales. M\u00e1s tarde, cuando se pens\u00f3 en un lugar adecuado, para que permanecieran en exposici\u00f3n permanente, el se\u00f1or licenciado don Eduardo Bustamante, secretario del Patrimonio Nacional, acord\u00f3 que se les designara un sal\u00f3n en el Museo de Historia del Castillo de Chapultepec.<\/span><\/p>\n<p class=\"Normal P-13\"><span class=\"C-5\">De Par\u00eds fueron trasladados a M\u00e9xico, mi patria, a la cual hice donaci\u00f3n de ellos; pero, desgraciadamente, despu\u00e9s de estar algunos d\u00edas expuestos en una sala de pinturas de Bellas Artes fueron llevados a una bodega en el Museo de Chapultepec, donde permanecieron por largos a\u00f1os y se llegaron a colocar sobre ellos, sin siquiera cubrirlos con un peri\u00f3dico, botes de aceite, pinturas, etc\u00e9tera, hasta que por fortuna, por acuerdo del entonces, Presidente de la Rep\u00fablica, don Adolfo L\u00f3pez Mateos, fueron llevados a un sal\u00f3n donde actualmente se encuentran, aunque tambi\u00e9n \u00fanicamente almacenados. . .<\/span><\/p>\n<p class=\"Normal P-13\"><span class=\"C-5\">Juli\u00e1n Carrillo (Septiembre 1965)<\/span><\/p>\n","protected":false},"excerpt":{"rendered":"<p>Desde los albores del siglo XVIII, en que el italiano Bartolomeo Cristofori invent\u00f3 el martinete, del cual surgi\u00f3 el Pianoforte, es decir, un instrumento capaz de hacer diversos matices din\u00e1micos, o sea \u00ab\u00a0piano\u00a0\u00bb y \u00ab\u00a0fuerte\u00a0\u00bb; otra peque\u00f1a mejora fue aumentar tres sonidos por la parte aguda, lo que se atribuye a una sugesti\u00f3n de Franz [&hellip;]<\/p>\n","protected":false},"author":1,"featured_media":0,"parent":0,"menu_order":67,"comment_status":"closed","ping_status":"closed","template":"","meta":{"ocean_post_layout":"","ocean_both_sidebars_style":"","ocean_both_sidebars_content_width":0,"ocean_both_sidebars_sidebars_width":0,"ocean_sidebar":"","ocean_second_sidebar":"","ocean_disable_margins":"enable","ocean_add_body_class":"","ocean_shortcode_before_top_bar":"","ocean_shortcode_after_top_bar":"","ocean_shortcode_before_header":"","ocean_shortcode_after_header":"","ocean_has_shortcode":"","ocean_shortcode_after_title":"","ocean_shortcode_before_footer_widgets":"","ocean_shortcode_after_footer_widgets":"","ocean_shortcode_before_footer_bottom":"","ocean_shortcode_after_footer_bottom":"","ocean_display_top_bar":"default","ocean_display_header":"default","ocean_header_style":"","ocean_center_header_left_menu":"","ocean_custom_header_template":"","ocean_custom_logo":0,"ocean_custom_retina_logo":0,"ocean_custom_logo_max_width":0,"ocean_custom_logo_tablet_max_width":0,"ocean_custom_logo_mobile_max_width":0,"ocean_custom_logo_max_height":0,"ocean_custom_logo_tablet_max_height":0,"ocean_custom_logo_mobile_max_height":0,"ocean_header_custom_menu":"","ocean_menu_typo_font_family":"","ocean_menu_typo_font_subset":"","ocean_menu_typo_font_size":0,"ocean_menu_typo_font_size_tablet":0,"ocean_menu_typo_font_size_mobile":0,"ocean_menu_typo_font_size_unit":"px","ocean_menu_typo_font_weight":"","ocean_menu_typo_font_weight_tablet":"","ocean_menu_typo_font_weight_mobile":"","ocean_menu_typo_transform":"","ocean_menu_typo_transform_tablet":"","ocean_menu_typo_transform_mobile":"","ocean_menu_typo_line_height":0,"ocean_menu_typo_line_height_tablet":0,"ocean_menu_typo_line_height_mobile":0,"ocean_menu_typo_line_height_unit":"","ocean_menu_typo_spacing":0,"ocean_menu_typo_spacing_tablet":0,"ocean_menu_typo_spacing_mobile":0,"ocean_menu_typo_spacing_unit":"","ocean_menu_link_color":"","ocean_menu_link_color_hover":"","ocean_menu_link_color_active":"","ocean_menu_link_background":"","ocean_menu_link_hover_background":"","ocean_menu_link_active_background":"","ocean_menu_social_links_bg":"","ocean_menu_social_hover_links_bg":"","ocean_menu_social_links_color":"","ocean_menu_social_hover_links_color":"","ocean_disable_title":"default","ocean_disable_heading":"default","ocean_post_title":"","ocean_post_subheading":"","ocean_post_title_style":"","ocean_post_title_background_color":"","ocean_post_title_background":0,"ocean_post_title_bg_image_position":"","ocean_post_title_bg_image_attachment":"","ocean_post_title_bg_image_repeat":"","ocean_post_title_bg_image_size":"","ocean_post_title_height":0,"ocean_post_title_bg_overlay":0.5,"ocean_post_title_bg_overlay_color":"","ocean_disable_breadcrumbs":"default","ocean_breadcrumbs_color":"","ocean_breadcrumbs_separator_color":"","ocean_breadcrumbs_links_color":"","ocean_breadcrumbs_links_hover_color":"","ocean_display_footer_widgets":"default","ocean_display_footer_bottom":"default","ocean_custom_footer_template":"","footnotes":""},"wf_page_folders":[8],"class_list":["post-257","page","type-page","status-publish","hentry","entry"],"_links":{"self":[{"href":"https:\/\/sonido13.com\/index.php\/wp-json\/wp\/v2\/pages\/257","targetHints":{"allow":["GET"]}}],"collection":[{"href":"https:\/\/sonido13.com\/index.php\/wp-json\/wp\/v2\/pages"}],"about":[{"href":"https:\/\/sonido13.com\/index.php\/wp-json\/wp\/v2\/types\/page"}],"author":[{"embeddable":true,"href":"https:\/\/sonido13.com\/index.php\/wp-json\/wp\/v2\/users\/1"}],"replies":[{"embeddable":true,"href":"https:\/\/sonido13.com\/index.php\/wp-json\/wp\/v2\/comments?post=257"}],"version-history":[{"count":1,"href":"https:\/\/sonido13.com\/index.php\/wp-json\/wp\/v2\/pages\/257\/revisions"}],"predecessor-version":[{"id":258,"href":"https:\/\/sonido13.com\/index.php\/wp-json\/wp\/v2\/pages\/257\/revisions\/258"}],"wp:attachment":[{"href":"https:\/\/sonido13.com\/index.php\/wp-json\/wp\/v2\/media?parent=257"}],"wp:term":[{"taxonomy":"wf_page_folders","embeddable":true,"href":"https:\/\/sonido13.com\/index.php\/wp-json\/wp\/v2\/wf_page_folders?post=257"}],"curies":[{"name":"wp","href":"https:\/\/api.w.org\/{rel}","templated":true}]}}