{"id":255,"date":"2018-05-22T13:28:05","date_gmt":"2018-05-22T13:28:05","guid":{"rendered":"http:\/\/sonido13.com\/?page_id=255"},"modified":"2020-05-10T18:54:41","modified_gmt":"2020-05-10T18:54:41","slug":"mi-locura","status":"publish","type":"page","link":"https:\/\/sonido13.com\/index.php\/mi-locura\/","title":{"rendered":"MI LOCURA"},"content":{"rendered":"<p class=\"Normal P-7\"><span class=\"C-5\">En \u201cEL UNIVERSAL\u201d del s\u00e1bado 7 del actual le\u00ed un art\u00edculo con el siguiente ep\u00edgrafe: \u201cHAY RAZONES PARA SUPONER QUE EL MAESTRO CARRILLO SE HA VUELTO LOCO\u201d.<\/span><\/p>\n<p class=\"Normal P-7\"><span class=\"C-5\">Se asienta en el referido art\u00edculo, que al iniciar mi revoluci\u00f3n del Sonido 13, no he tomado en cuenta los intereses creados y que si no desisto de mi empe\u00f1o en llevar adelante la tarea que me he impuesto, debo estar seguro de que por mucho que haga no har\u00e9 nada, POR QUE SE OPONEN CON FUERZA IRRESISTIBLE TODOS LOS M\u00daSICOS, TODAS LAS F\u00c1BRICAS DE INSTRUMENTOS MUSICALES Y TODAS LAS EMPRESAS EDITORAS DE M\u00daSICA.<\/span><\/p>\n<p class=\"Normal P-7\"><span class=\"C-5\">\u201cHace en seguida el Sr. Ch\u00e1vez \u2013que es quien signa el mencionado art\u00edculo-<wbr \/>\u00a0las siguientes declaraciones:\u201d que los m\u00fasicos \u2013particularmente los de M\u00e9xico-<wbr \/>\u00a0viven en una continua modorra f\u00edsica y mental; y que tal cosa les viene de que habiendo encontrado la manera de vivir, no consideran necesario darse el trabajo de estudiar, ni de experimentar\u201d. Concluye pues, el Sr. Ch\u00e1vez QUE ESTOY LOCO por creer que los maestros de piano, que mal que bien se ganan la vida con sus academias \u2013seg\u00fan \u00e9l dice-<wbr \/>\u00a0van de la noche a la ma\u00f1ana a dejar de ser maestros para convertirse en disc\u00edpulos y que, para los que viven de la m\u00fasica ACTUAL, el Sonido 13 ser\u00e1 siempre el disparate m\u00e1s grande que haya tenido cabida en cerebro alguno; que para las empresas editoras de m\u00fasica y para las casas constructoras de instrumentos, el Sonido 13 tiene que ser algo abominable, algo que no cabe en otra cabeza que no sea la de Juli\u00e1n Carrillo. Terminada esta fil\u00edpica en contra de los m\u00fasicos, la emprende el Sr. Ch\u00e1vez en contra de el propio sistema musical cl\u00e1sico, y dice: \u201cque aunque m\u00fasico no es, no por eso deja de comprender QUE ALGO DEBE FALTAR AL SISTEMA MUSICAL ACTUAL cuando cierto compositor que escribi\u00f3 un poema sinf\u00f3nico \u201cEl mar\u201d (est\u00e1 obra es de Debussy) no logr\u00f3 en ella ni siquiera un remedo de eco de la sinfon\u00eda del mar\u201d. En seguida agrega: \u201cSON DEMASIADO POBRES LOS SONIDOS ACTUALES y si con ellos trata un compositor de interpretar a un jilguero corre el riesgo de interpretar en realidad a un gato que anda en lances de amor por los tejados.\u201d<\/span><\/p>\n<p class=\"Normal P-7\"><span class=\"C-5\">Refiri\u00e9ndose despu\u00e9s a una composici\u00f3n de Manuel M. Ponce titulada \u201cChapultepec\u201d y dice \u201cque se quisieron imitar rumores de bosque, QUE M\u00c1S BIEN PAREC\u00cdAN NOTAS ESCAPADAS DE LA F\u00c1BRICA NACIONAL DE CARTUCHOS\u201d. Refi\u00e9rese despu\u00e9s a \u201cRascacielos\u201d y dice \u201cque eso s\u00ed est\u00e1 escrito para los instrumentos actuales, por que el prop\u00f3sito de su autor FUE TRADUCIR RUIDOS ENSORDECEDORES Y DESCONCERTANTES y que lo consigui\u00f3 a maravilla.\u201d<\/span><\/p>\n<p class=\"Normal P-7\"><span class=\"C-5\">Dif\u00edcilmente habr\u00e1 formulado una fil\u00edpica m\u00e1s tremenda en contra de los m\u00fasicos y del impuro sistema musical cl\u00e1sico en uso, cualquiera de mis amigos y partidarios, y concept\u00fao por tal causa como un gran servicio para la revoluci\u00f3n del Sonido 13, la publicaci\u00f3n del referido art\u00edculo del se\u00f1or Ch\u00e1vez. Lo \u00fanico malo del art\u00edculo en cuesti\u00f3n es la cabeza \u2013la del art\u00edculo-<wbr \/>\u00a0pues tal cosa ocasion\u00f3 inquietudes entre mis amigos y regocijo entre mis enemigos. Qu\u00e9 gran noticia para ellos: \u00a1Carrillo estaba loco! Incontables veces llam\u00f3 el tel\u00e9fono en mi humilde residencia el s\u00e1bado \u00faltimo. No eran a\u00fan la siete de la ma\u00f1ana cuando empezaron las preguntas telef\u00f3nicas. &#8211;<wbr \/>\u00bfC\u00f3mo amaneci\u00f3 el se\u00f1or Carrillo?-<wbr \/>\u00a0Perfectamente, contestan. &#8211;<wbr \/>\u00bfPues desde cuando est\u00e1 enfermo?-<wbr \/>\u00a0Lo ignoro, contest\u00f3 el sirviente. Al poco rato sal\u00ed a respirar el aire fresco de estas ma\u00f1anas encantadoras de M\u00e9xico, caminando rumbo a Chapultepec, y al regresar me informaron que hab\u00eda habido insistentes preguntas: \u00bfC\u00f3mo amaneci\u00f3 el se\u00f1or?<\/span><\/p>\n<p class=\"Normal P-7\"><span class=\"C-5\">&#8211;<wbr \/>Bien, muchas gracias.-<wbr \/>\u00a0Supimos que estaba loco. &#8211;<wbr \/>\u00bfQui\u00e9n habla?-<wbr \/>\u00a0El Director. &#8211;<wbr \/>\u00bfDel Conservatorio?-<wbr \/>\u00a0\u00a0No, del manicomio. Deseo convencerme \u00a0de que el se\u00f1or Carrillo no est\u00e1 loco, que tome la bocina. \u2013El se\u00f1or Carrillo no est\u00e1 en casa, sali\u00f3 hace poco.-<wbr \/>\u00a0\u00bfLlev\u00f3 camisa\u2019?<\/span><\/p>\n<p class=\"Normal P-7\"><span class=\"C-5\">\u2013Seguramente.-<wbr \/>\u00a0\u00bfDe fuerza? \u2013No s\u00e9 se\u00f1or; lo que usa de fuerza el se\u00f1or Carrillo son los pantalones, y esos estoy seguro de que s\u00ed los llevaba.-<wbr \/><\/span><\/p>\n<p class=\"Normal P-7\"><span class=\"C-5\">No eran a\u00fan las nueve, cuando ya hab\u00eda en casa un gran n\u00famero de m\u00fasicos \u2013la mayor\u00eda de ellos aparentemente j\u00f3venes de edad pero no de esp\u00edritu-<wbr \/>\u00a0que deseaban sin duda desenga\u00f1arse por s\u00ed mismos acerca de mi salud, y me formularon un gran n\u00famero de preguntas t\u00e9cnicas: &#8211;<wbr \/>\u00bfPor qu\u00e9 asegura usted, me dijo uno, que es err\u00f3neo ense\u00f1ar en los conservatorios que pentagrama es la reuni\u00f3n de las cinco l\u00edneas en que se escribe la m\u00fasica? \u2013Pues porque pentagrama quiere decir cinco letras (penta, cinco y grama letra) y los maestros de ustedes llaman a esas cinco l\u00edneas, cinco letras. . . Se sonr\u00eden de soslayo los visitantes. &#8211;<wbr \/>\u00bfPor qu\u00e9 critica usted, dijo otro, que llamemos doble corchea a la figura que vale la mitad de la corchea? \u2013Pues justamente por eso; por llamar doble a la mitad; solo a los m\u00fasicos se les ocurre que las palabras mitad y doble sean sin\u00f3nimos, como les ocurre asimismo llamar triple corchea a la que vale la cuarta parte de la corchea y no tienen empacho en ense\u00f1ar oficialmente que la cu\u00e1druple corchea es la octava parte. . . Para los m\u00fasicos la octava parte de un todo es igual que cuatro veces el todo y como semejantes desatinos se ense\u00f1an en la mayor\u00eda de los conservatorios de todos los pa\u00edses latinos, concluyo, a mi vez, QUE CADA CONSERVATORIO ES DE HECHO UN MANICOMIO.-<wbr \/>\u00a0Hemos sabido, interroga un tercero, que usted critica la teor\u00eda de los compases. \u2013Critico todo, amigo m\u00edo, por que el arte musical est\u00e1 en un estado de infancia enfermiza y en cuanto a los compases, siento piedad por la manera como se ense\u00f1a a ustedes a leer quebrados: escriben ustedes 3\/4 y dicen que eso es tres por cuatro, y escriben 2\/4 y dicen que eso es dos por cuatro; sin darse cuenta de que tres por cuatro son doce unidades y ustedes quieren referirse a tres cuartas partes de la unidad, y que dos por cuatro son ocho unidades y ustedes quieren decir dos cuartos de la unidad.-<wbr \/>\u00a0Los visitantes visiblemente desconcertados se miran entre s\u00ed. Se asegura que usted critica lo que los m\u00fasicos entendemos por octava y eso es injusto. \u2013En efecto: necesario es ser tonto de remate para llamar octava a la distancia que hay entre trece sonidos y critico que se ense\u00f1e a ustedes una teor\u00eda de los intervalos tan rid\u00edcula, como que se basa no en los sonidos, como ser\u00eda de esperarse, sino en los nombres de los sonidos; critico que se les ense\u00f1e que la segunda aumentada es disonancia y que la tercera menor consonancia, cuando ambos intervalos son absolutamente desiguales; critico que se les hable de consonancias perfectas y de acordes perfectos, pues antes de la revoluci\u00f3n del Sonido 13 ning\u00fan m\u00fasico en el mundo entero se dio cuenta de que en el sistema musical en uso no hay ninguna consonancia perfecta, pues los matem\u00e1ticos elaboraron un sistema musical que es \u00edntegramente disonante; critico que el arte musical contempor\u00e1neo tenga por base el mayor error cometido en toda la historia de la m\u00fasica: el temperamento; critico la escritura musical cl\u00e1sica que es un completo desastre: emplear hasta cuarenta y ocho maneras diversas para indicar un solo sonido, lo que engendra un tremendo error pedag\u00f3gico y un gasto in\u00fatil de energ\u00eda humana desperdiciada durante siglos; critico que se ense\u00f1e a los estudiantes de m\u00fasica la gama de los f\u00edsicos que es quim\u00e9rica; critico que el mundo entero est\u00e9 en el error de pretender producir intervalos temperados por medio de arm\u00f3nicos; critico la falsa y rutinaria afinaci\u00f3n de los instrumentos de cuerda. . . en suma, mis amigos, que positivamente: \u201cEl Sonido13 ser\u00e1 el principio del fin y el punto de partida de una nueva generaci\u00f3n que vendr\u00e1 a transformarlo todo\u201d, tal y como lo predije hace ya muchos a\u00f1os. No quiero cansarlos y solo les aconsejo que por respeto a ustedes mismos no crean en las teor\u00edas que les ense\u00f1an dici\u00e9ndoles que el tono se divide en dos mitades desiguales, pues si son mitades no pueden ser desiguales y si son desiguales no pueden ser mitades; y por \u00faltimo no crean jam\u00e1s la teor\u00eda que asegura que el tono se divide en nueve partes y que una mitad de esas nueve es de cinco (semitono crom\u00e1tico) y la otra de cuatro (semitono diat\u00f3nico); solo un loco puede decir que cinco y cuatro sean mitades de nueve como se ense\u00f1a en todos los conservatorios de la Tierra.<\/span><\/p>\n<p class=\"Normal P-7\"><span class=\"C-5\">Se despidieron lo j\u00f3venes visitantes visiblemente contrariados por mis apreciaciones que pude formular gracias al magno art\u00edculo del se\u00f1or Ch\u00e1vez y que ha sido un gran beneficio para la revoluci\u00f3n musical del Sonido 13, por la cual asumo toda la responsabilidad ante la historia y la civilizaci\u00f3n.<\/span><\/p>\n<p class=\"Normal P-7\"><span class=\"C-5\">Juli\u00e1n Carrillo (Sin fecha).<\/span><\/p>\n","protected":false},"excerpt":{"rendered":"<p>En \u201cEL UNIVERSAL\u201d del s\u00e1bado 7 del actual le\u00ed un art\u00edculo con el siguiente ep\u00edgrafe: \u201cHAY RAZONES PARA SUPONER QUE EL MAESTRO CARRILLO SE HA VUELTO LOCO\u201d. Se asienta en el referido art\u00edculo, que al iniciar mi revoluci\u00f3n del Sonido 13, no he tomado en cuenta los intereses creados y que si no desisto de [&hellip;]<\/p>\n","protected":false},"author":1,"featured_media":0,"parent":0,"menu_order":66,"comment_status":"closed","ping_status":"closed","template":"","meta":{"ocean_post_layout":"","ocean_both_sidebars_style":"","ocean_both_sidebars_content_width":0,"ocean_both_sidebars_sidebars_width":0,"ocean_sidebar":"","ocean_second_sidebar":"","ocean_disable_margins":"enable","ocean_add_body_class":"","ocean_shortcode_before_top_bar":"","ocean_shortcode_after_top_bar":"","ocean_shortcode_before_header":"","ocean_shortcode_after_header":"","ocean_has_shortcode":"","ocean_shortcode_after_title":"","ocean_shortcode_before_footer_widgets":"","ocean_shortcode_after_footer_widgets":"","ocean_shortcode_before_footer_bottom":"","ocean_shortcode_after_footer_bottom":"","ocean_display_top_bar":"default","ocean_display_header":"default","ocean_header_style":"","ocean_center_header_left_menu":"","ocean_custom_header_template":"","ocean_custom_logo":0,"ocean_custom_retina_logo":0,"ocean_custom_logo_max_width":0,"ocean_custom_logo_tablet_max_width":0,"ocean_custom_logo_mobile_max_width":0,"ocean_custom_logo_max_height":0,"ocean_custom_logo_tablet_max_height":0,"ocean_custom_logo_mobile_max_height":0,"ocean_header_custom_menu":"","ocean_menu_typo_font_family":"","ocean_menu_typo_font_subset":"","ocean_menu_typo_font_size":0,"ocean_menu_typo_font_size_tablet":0,"ocean_menu_typo_font_size_mobile":0,"ocean_menu_typo_font_size_unit":"px","ocean_menu_typo_font_weight":"","ocean_menu_typo_font_weight_tablet":"","ocean_menu_typo_font_weight_mobile":"","ocean_menu_typo_transform":"","ocean_menu_typo_transform_tablet":"","ocean_menu_typo_transform_mobile":"","ocean_menu_typo_line_height":0,"ocean_menu_typo_line_height_tablet":0,"ocean_menu_typo_line_height_mobile":0,"ocean_menu_typo_line_height_unit":"","ocean_menu_typo_spacing":0,"ocean_menu_typo_spacing_tablet":0,"ocean_menu_typo_spacing_mobile":0,"ocean_menu_typo_spacing_unit":"","ocean_menu_link_color":"","ocean_menu_link_color_hover":"","ocean_menu_link_color_active":"","ocean_menu_link_background":"","ocean_menu_link_hover_background":"","ocean_menu_link_active_background":"","ocean_menu_social_links_bg":"","ocean_menu_social_hover_links_bg":"","ocean_menu_social_links_color":"","ocean_menu_social_hover_links_color":"","ocean_disable_title":"default","ocean_disable_heading":"default","ocean_post_title":"","ocean_post_subheading":"","ocean_post_title_style":"","ocean_post_title_background_color":"","ocean_post_title_background":0,"ocean_post_title_bg_image_position":"","ocean_post_title_bg_image_attachment":"","ocean_post_title_bg_image_repeat":"","ocean_post_title_bg_image_size":"","ocean_post_title_height":0,"ocean_post_title_bg_overlay":0.5,"ocean_post_title_bg_overlay_color":"","ocean_disable_breadcrumbs":"default","ocean_breadcrumbs_color":"","ocean_breadcrumbs_separator_color":"","ocean_breadcrumbs_links_color":"","ocean_breadcrumbs_links_hover_color":"","ocean_display_footer_widgets":"default","ocean_display_footer_bottom":"default","ocean_custom_footer_template":"","footnotes":""},"wf_page_folders":[8],"class_list":["post-255","page","type-page","status-publish","hentry","entry"],"_links":{"self":[{"href":"https:\/\/sonido13.com\/index.php\/wp-json\/wp\/v2\/pages\/255","targetHints":{"allow":["GET"]}}],"collection":[{"href":"https:\/\/sonido13.com\/index.php\/wp-json\/wp\/v2\/pages"}],"about":[{"href":"https:\/\/sonido13.com\/index.php\/wp-json\/wp\/v2\/types\/page"}],"author":[{"embeddable":true,"href":"https:\/\/sonido13.com\/index.php\/wp-json\/wp\/v2\/users\/1"}],"replies":[{"embeddable":true,"href":"https:\/\/sonido13.com\/index.php\/wp-json\/wp\/v2\/comments?post=255"}],"version-history":[{"count":1,"href":"https:\/\/sonido13.com\/index.php\/wp-json\/wp\/v2\/pages\/255\/revisions"}],"predecessor-version":[{"id":256,"href":"https:\/\/sonido13.com\/index.php\/wp-json\/wp\/v2\/pages\/255\/revisions\/256"}],"wp:attachment":[{"href":"https:\/\/sonido13.com\/index.php\/wp-json\/wp\/v2\/media?parent=255"}],"wp:term":[{"taxonomy":"wf_page_folders","embeddable":true,"href":"https:\/\/sonido13.com\/index.php\/wp-json\/wp\/v2\/wf_page_folders?post=255"}],"curies":[{"name":"wp","href":"https:\/\/api.w.org\/{rel}","templated":true}]}}