{"id":247,"date":"2018-05-22T13:24:53","date_gmt":"2018-05-22T13:24:53","guid":{"rendered":"http:\/\/sonido13.com\/?page_id=247"},"modified":"2020-05-10T18:55:51","modified_gmt":"2020-05-10T18:55:51","slug":"revolucion-sinfonica","status":"publish","type":"page","link":"https:\/\/sonido13.com\/index.php\/revolucion-sinfonica\/","title":{"rendered":"REVOLUCI\u00d3N SINF\u00d3NICA"},"content":{"rendered":"<p class=\"Normal P-8\"><span class=\"C-8\">Parecer\u00e1 extra\u00f1o el t\u00edtulo de este art\u00edculo, pero efectivamente lo que tratar\u00e9 en \u00e9l es una positiva e inesperada revoluci\u00f3n en el campo sinf\u00f3nico.<\/span><\/p>\n<p class=\"Normal P-8\"><span class=\"C-8\">Desde tiempo inmemorial, cuando tocan grupos de instrumentos musicales conjuntamente, hay un papel especial y distinto para cada uno de ellos.<\/span><\/p>\n<p class=\"Normal P-8\"><span class=\"C-8\">Por ejemplo: en una orquesta sinf\u00f3nica tienen sus papeles respectivos los primeros violines, los segundos, las violas, los violonchelos y los contrabajos. Para los instrumentos de aliento madera, a su vez, hay un papel especial: para el flaut\u00edn, dos o tres para las flautas, dos o tres para los oboes, uno para el corno ingl\u00e9s, dos o tres para los clarinetes y dos o tres para los fagotes. En los de aliento metal pasa lo mismo: hay cuatro papeles para los cornos, dos o tres para las trompetas, tres para los trombones y uno para la tuba; lo que da un total aproximado de treinta papeles diferentes, n\u00famero que var\u00eda seg\u00fan lo numeroso del instrumental.<\/span><\/p>\n<p class=\"Normal P-8\"><span class=\"C-8\">Visto lo anterior, explicar\u00e9 en qu\u00e9 consiste la revoluci\u00f3n sinf\u00f3nica que anuncio.<\/span><\/p>\n<p class=\"Normal P-8\"><span class=\"C-8\">Dentro de mis b\u00fasquedas est\u00e9ticas, he logrado algo inaudito:\u00a0<span class=\"C-9\">que con un solo papel toquen todos los instrumentos de una orquesta sinf\u00f3nica o banda militar,\u00a0<\/span>es decir,<span class=\"C-9\">\u00a0<\/span>\u00a0que todo ese numeroso instrumental toque la misma melod\u00eda, los mismos ritmos y que, sin embargo, en el conjunto\u00a0<span class=\"C-9\">todos sean diferentes.<\/span><\/span><\/p>\n<p class=\"Normal P-8\"><span class=\"C-8\">He terminado de escribir un\u00a0<span class=\"C-9\">Trozo sinf\u00f3nico atonal, \u00a0<\/span>que est\u00e1 listo para tocarse, en el cual, como dije ya, todos los instrumentos tocan el mismo papel, y aun est\u00e1 previsto el caso de los transpositores como el corno ingl\u00e9s, los clarinetes, los cornos y las trompetas, pues bastar\u00e1 que los cornos y las trompetas pongan el tudel de Si bemol y que el corno ingl\u00e9s toque su parte en un oboe.<\/span><\/p>\n<p class=\"Normal P-8\"><span class=\"C-8\">Jam\u00e1s pude esperar que de un simple experimento, realizado por m\u00ed el 13 de julio de 1895, fueran a resultar procedimientos t\u00e9cnicos tan extraordinarios que dan a M\u00e9xico un primer lugar en la cultura musical del mundo.<\/span><\/p>\n<p class=\"Normal P-8\"><span class=\"C-8\">Nadie imagin\u00f3 que un pa\u00eds tan joven como el nuestro, que cuenta apenas con ciento cincuenta a\u00f1os de vida independiente, produjera con la revoluci\u00f3n del Sonido 13 cientos y miles de escalas, todas diferentes, y con ello llegar a la posibilidad de dar una especial a cada compositor de cuantos existen en el mundo; que aumentara los sonidos de la m\u00fasica, de doce que hab\u00eda en la llamada octava, hasta el infinito, como tampoco pudo esperarse que llegara alg\u00fan d\u00eda a estar en la posibilidad t\u00e9cnica de rectificar cuanto hab\u00edan hecho los m\u00fasicos y f\u00edsicos m\u00e1s eminentes en relaci\u00f3n con la escala de los arm\u00f3nicos, ni pudo esperarse tampoco que tuviera la fuerza espiritual suficientes y la cultura para rectificar b\u00e1sicamente los procedimientos musicales, tanto te\u00f3ricos como pr\u00e1cticos.<\/span><\/p>\n<p class=\"Normal P-8\"><span class=\"C-8\">\u00bfCu\u00e1l pudo ser la causa de que correspondiera a M\u00e9xico tama\u00f1o honor? Misterio. . .<\/span><\/p>\n<p class=\"Normal P-8\"><span class=\"C-8\">Abro, pues, en este art\u00edculo, una encuesta ante todos los m\u00fasicos, ya sean nacionales o extranjeros, para que digan p\u00fablicamente si en alg\u00fan pa\u00eds se ha escrito una composici\u00f3n sinf\u00f3nica en la cual\u00a0<span class=\"C-9\">todos los instrumentos de ese gran conjunto toquen el mismo papel, \u00a0<\/span>o sea las mismas melod\u00edas, los mismos ritmos, etc\u00e9tera, y que, sin embargo, se oigan\u00a0<span class=\"C-9\">todos<\/span>\u00a0<span class=\"C-9\">diferentes.<\/span><\/span><\/p>\n<p class=\"Normal P-8\"><span class=\"C-8\">Costumbre m\u00eda es que, cuando realizo un hecho de esta trascendencia acuda al \u00fanico tribunal capaz de darme luces sobre el asunto: o sea, el del mundo entero. Tal hice cuando se dud\u00f3 en M\u00e9xico de que me correspondiera la paternidad de los dieciseisavos de tono, en cuya ocasi\u00f3n acud\u00ed a los pa\u00edses m\u00e1s grandes del mundo en materia musical; y ellos hablaron diciendo, como Francia,\u00a0<span class=\"C-9\">\u201cque jam\u00e1s hab\u00eda o\u00eddo hablar de cosa semejante\u201d, \u00a0<\/span>y como Alemania, quien contest\u00f3 que\u00a0<span class=\"C-9\">\u201cnadie antes que Juli\u00e1n Carrillo, ni simult\u00e1neamente con \u00e9l, logr\u00f3 dividir el tono musical en diecis\u00e9is partes.\u201d<\/span><\/span><\/p>\n<p class=\"Normal P-8\"><span class=\"C-8\">Espero, pues, que los m\u00fasicos del mundo hablen, si algo tienen que decir acerca de la revoluci\u00f3n sinf\u00f3nica que hoy presento.<\/span><\/p>\n<p class=\"Normal P-8\"><span class=\"C-8\">Juli\u00e1n Carrillo (Noviembre 1961).<\/span><\/p>\n","protected":false},"excerpt":{"rendered":"<p>Parecer\u00e1 extra\u00f1o el t\u00edtulo de este art\u00edculo, pero efectivamente lo que tratar\u00e9 en \u00e9l es una positiva e inesperada revoluci\u00f3n en el campo sinf\u00f3nico. Desde tiempo inmemorial, cuando tocan grupos de instrumentos musicales conjuntamente, hay un papel especial y distinto para cada uno de ellos. Por ejemplo: en una orquesta sinf\u00f3nica tienen sus papeles respectivos [&hellip;]<\/p>\n","protected":false},"author":1,"featured_media":0,"parent":0,"menu_order":73,"comment_status":"closed","ping_status":"closed","template":"","meta":{"ocean_post_layout":"","ocean_both_sidebars_style":"","ocean_both_sidebars_content_width":0,"ocean_both_sidebars_sidebars_width":0,"ocean_sidebar":"","ocean_second_sidebar":"","ocean_disable_margins":"enable","ocean_add_body_class":"","ocean_shortcode_before_top_bar":"","ocean_shortcode_after_top_bar":"","ocean_shortcode_before_header":"","ocean_shortcode_after_header":"","ocean_has_shortcode":"","ocean_shortcode_after_title":"","ocean_shortcode_before_footer_widgets":"","ocean_shortcode_after_footer_widgets":"","ocean_shortcode_before_footer_bottom":"","ocean_shortcode_after_footer_bottom":"","ocean_display_top_bar":"default","ocean_display_header":"default","ocean_header_style":"","ocean_center_header_left_menu":"","ocean_custom_header_template":"","ocean_custom_logo":0,"ocean_custom_retina_logo":0,"ocean_custom_logo_max_width":0,"ocean_custom_logo_tablet_max_width":0,"ocean_custom_logo_mobile_max_width":0,"ocean_custom_logo_max_height":0,"ocean_custom_logo_tablet_max_height":0,"ocean_custom_logo_mobile_max_height":0,"ocean_header_custom_menu":"","ocean_menu_typo_font_family":"","ocean_menu_typo_font_subset":"","ocean_menu_typo_font_size":0,"ocean_menu_typo_font_size_tablet":0,"ocean_menu_typo_font_size_mobile":0,"ocean_menu_typo_font_size_unit":"px","ocean_menu_typo_font_weight":"","ocean_menu_typo_font_weight_tablet":"","ocean_menu_typo_font_weight_mobile":"","ocean_menu_typo_transform":"","ocean_menu_typo_transform_tablet":"","ocean_menu_typo_transform_mobile":"","ocean_menu_typo_line_height":0,"ocean_menu_typo_line_height_tablet":0,"ocean_menu_typo_line_height_mobile":0,"ocean_menu_typo_line_height_unit":"","ocean_menu_typo_spacing":0,"ocean_menu_typo_spacing_tablet":0,"ocean_menu_typo_spacing_mobile":0,"ocean_menu_typo_spacing_unit":"","ocean_menu_link_color":"","ocean_menu_link_color_hover":"","ocean_menu_link_color_active":"","ocean_menu_link_background":"","ocean_menu_link_hover_background":"","ocean_menu_link_active_background":"","ocean_menu_social_links_bg":"","ocean_menu_social_hover_links_bg":"","ocean_menu_social_links_color":"","ocean_menu_social_hover_links_color":"","ocean_disable_title":"default","ocean_disable_heading":"default","ocean_post_title":"","ocean_post_subheading":"","ocean_post_title_style":"","ocean_post_title_background_color":"","ocean_post_title_background":0,"ocean_post_title_bg_image_position":"","ocean_post_title_bg_image_attachment":"","ocean_post_title_bg_image_repeat":"","ocean_post_title_bg_image_size":"","ocean_post_title_height":0,"ocean_post_title_bg_overlay":0.5,"ocean_post_title_bg_overlay_color":"","ocean_disable_breadcrumbs":"default","ocean_breadcrumbs_color":"","ocean_breadcrumbs_separator_color":"","ocean_breadcrumbs_links_color":"","ocean_breadcrumbs_links_hover_color":"","ocean_display_footer_widgets":"default","ocean_display_footer_bottom":"default","ocean_custom_footer_template":"","footnotes":""},"wf_page_folders":[8],"class_list":["post-247","page","type-page","status-publish","hentry","entry"],"_links":{"self":[{"href":"https:\/\/sonido13.com\/index.php\/wp-json\/wp\/v2\/pages\/247","targetHints":{"allow":["GET"]}}],"collection":[{"href":"https:\/\/sonido13.com\/index.php\/wp-json\/wp\/v2\/pages"}],"about":[{"href":"https:\/\/sonido13.com\/index.php\/wp-json\/wp\/v2\/types\/page"}],"author":[{"embeddable":true,"href":"https:\/\/sonido13.com\/index.php\/wp-json\/wp\/v2\/users\/1"}],"replies":[{"embeddable":true,"href":"https:\/\/sonido13.com\/index.php\/wp-json\/wp\/v2\/comments?post=247"}],"version-history":[{"count":1,"href":"https:\/\/sonido13.com\/index.php\/wp-json\/wp\/v2\/pages\/247\/revisions"}],"predecessor-version":[{"id":248,"href":"https:\/\/sonido13.com\/index.php\/wp-json\/wp\/v2\/pages\/247\/revisions\/248"}],"wp:attachment":[{"href":"https:\/\/sonido13.com\/index.php\/wp-json\/wp\/v2\/media?parent=247"}],"wp:term":[{"taxonomy":"wf_page_folders","embeddable":true,"href":"https:\/\/sonido13.com\/index.php\/wp-json\/wp\/v2\/wf_page_folders?post=247"}],"curies":[{"name":"wp","href":"https:\/\/api.w.org\/{rel}","templated":true}]}}