{"id":213,"date":"2018-05-22T11:29:59","date_gmt":"2018-05-22T11:29:59","guid":{"rendered":"http:\/\/sonido13.com\/?page_id=213"},"modified":"2020-05-10T18:58:22","modified_gmt":"2020-05-10T18:58:22","slug":"genesis-de-la-acustica-ii-terpandro","status":"publish","type":"page","link":"https:\/\/sonido13.com\/index.php\/genesis-de-la-acustica-ii-terpandro\/","title":{"rendered":"GENESIS DE LA ACUSTICA II TERPANDRO"},"content":{"rendered":"<p class=\"Normal P-9\"><span class=\"C-11\">Este insigne m\u00fasico griego, que existi\u00f3 seis siglos antes de Cristo, fue el conquistador de los sonidos sexto y s\u00e9ptimo, correspondientes a los hoy llamados Mi y Si; y no obstante que con ellos aument\u00f3 el caudal de los cinco \u00fanicos existentes hasta entonces, y que de all\u00ed surgi\u00f3 el diatonismo con el cual la humanidad se ha deleitado durante veintis\u00e9is siglos, no ha recibido en parte alguna del mundo los honores que su conquista merece.<\/span><\/p>\n<p class=\"Normal P-9\"><span class=\"C-11\">En Grecia, como en todos los tiempos y pa\u00edses, hubo m\u00fasicos retardatarios, opositores no s\u00f3lo de los conquistadores de nuevos elementos sonoros, sino aun de los que iban abriendo brecha en los procedimientos t\u00e9cnicos y, por lo mismo, hubo en aquellos remotos tiempos quienes acusaron a Terpandro, ante el Senado de Esparta, por el\u00a0<span class=\"C-12\">delito\u00a0<\/span>\u00a0de haberle aumentado a su lira las cuerdas que produc\u00edan los nuevos sonidos; se dice que el Senado dio entrada a la acusaci\u00f3n, y al discutirla, se dividieron las opiniones: unos ped\u00edan se castigara a Terpandro con c\u00e1rcel y otros, menos severos o tal vez m\u00e1s cultos, cre\u00edan que bastaba con imponerle una multa.<\/span><\/p>\n<p class=\"Normal P-9\"><span class=\"C-11\">Otra cosa indigna fue que al presentarse Terpandro con su lira, que llevaba ya siete cuerdas, a competir en los Juegos Ol\u00edmpicos, en donde se disputaban los premios grandes personalidades como S\u00f3focles, Esquilo y otros eminentes griegos, el jurado, retardatario tambi\u00e9n, lo oblig\u00f3 a reventar las cuerdas de los nuevos sonidos. . .<\/span><\/p>\n<p class=\"Normal P-9\"><span class=\"C-11\">Sensato habr\u00eda sido, sin duda, que en vez de hacer retroceder a Terpandro a los m\u00e9todos antiguos, se obligara a sus competidores a aprovechar los nuevos elementos.<\/span><\/p>\n<p class=\"Normal P-9\"><span class=\"C-11\">Sean estas palabras a manera de pr\u00f3logo para, enseguida, exponer cu\u00e1les fueron los beneficios que recibi\u00f3 la humanidad con los sonidos sexto y s\u00e9ptimo.<\/span><\/p>\n<p class=\"Normal P-9\"><span class=\"C-11\">En primer lugar, que con ellos nacieron, a la vez, nuestra escala diat\u00f3nica mayor y los \u00a0semitonos.<\/span><\/p>\n<p class=\"Normal P-9\"><span class=\"C-11\">\u00bfC\u00f3mo pudo ser este doble prodigio? Desde veinte siglos antes de Terpandro, y tal vez desde tiempo inmemorial, exist\u00edan en el mundo cinco sonidos, equivalentes hoy a Fa, Do, Sol, Re y La.<\/span><\/p>\n<p class=\"Normal P-9\"><span class=\"C-11\">Seguramente que antes de esos cinco sonidos deben haber existido s\u00f3lo cuatro; antes de cuatro, tres, antes de tres, dos; y antes de dos s\u00f3lo uno, al que le correspondi\u00f3 el m\u00e9rito de ser el primer sonido musical, pues el sonido como fen\u00f3meno f\u00edsico existe desde que existe el aire; pero la conquista magn\u00edfica, de donde naci\u00f3 la m\u00fasica, fue el fijar la altura de un sonido y poder repetirlo a voluntad.<\/span><\/p>\n<p class=\"Normal P-9\"><span class=\"C-11\">En la gama formada por los cinco sonidos que exist\u00edan desde hace cuarenta y seis siglos, no hab\u00eda ni un solo intervalo que correspondiera a lo que hoy llamamos semitonos, pues de Do a Re hab\u00eda un tono; de Re a Fa un intervalo mayor que este; de Fa a Sol un tono y de Sol a La otro tono. Al conquistar Terpandro los sonidos sexto y s\u00e9ptimo quedaron en esta forma: Fa, Do, Sol, Re, La, Mi y Si, y al colocarlos por grados conjuntos Do, Re, Mi, Fa, Sol, La, Si, m\u00e1s la repetici\u00f3n de la base Do, resultaron la escala llamada diat\u00f3nica y los semitonos entre las notas Mi-<wbr \/>Fa y Si-<wbr \/>Do, lo que demuestra\u00a0<span class=\"C-12\">que el semitono surgi\u00f3 sin la idea de dividir el tono.<\/span>\u00a0\u00a0<\/span><\/p>\n<p class=\"Normal P-9\"><span class=\"C-11\">Es verdaderamente lamentable que los m\u00fasicos de todo el mundo queden satisfechos con decir que nuestra escala diat\u00f3nica mayor se form\u00f3 con dos tetracordios griegos, Do, Re, Mi, Fa \u2013 Sol, La, Si, Do, y que otros digan que esa gama proviene de un solo sonido fundamental, dando explicaciones complicad\u00edsimas y falsas; y en cambio ning\u00fan te\u00f3rico de la m\u00fasica haya dicho, antes de la revoluci\u00f3n del Sonido 13, que la escala diat\u00f3nica mayor surgi\u00f3 del encadenamiento de los cinco sonidos que hab\u00eda en China desde hace cuarenta y seis siglos con los dos conquistados por Terpandro.<\/span><\/p>\n<p class=\"Normal P-9\"><span class=\"C-11\">Juli\u00e1n Carrillo (Febrero 1964)<\/span><\/p>\n","protected":false},"excerpt":{"rendered":"<p>Este insigne m\u00fasico griego, que existi\u00f3 seis siglos antes de Cristo, fue el conquistador de los sonidos sexto y s\u00e9ptimo, correspondientes a los hoy llamados Mi y Si; y no obstante que con ellos aument\u00f3 el caudal de los cinco \u00fanicos existentes hasta entonces, y que de all\u00ed surgi\u00f3 el diatonismo con el cual la [&hellip;]<\/p>\n","protected":false},"author":1,"featured_media":0,"parent":0,"menu_order":48,"comment_status":"closed","ping_status":"closed","template":"","meta":{"ocean_post_layout":"","ocean_both_sidebars_style":"","ocean_both_sidebars_content_width":0,"ocean_both_sidebars_sidebars_width":0,"ocean_sidebar":"","ocean_second_sidebar":"","ocean_disable_margins":"enable","ocean_add_body_class":"","ocean_shortcode_before_top_bar":"","ocean_shortcode_after_top_bar":"","ocean_shortcode_before_header":"","ocean_shortcode_after_header":"","ocean_has_shortcode":"","ocean_shortcode_after_title":"","ocean_shortcode_before_footer_widgets":"","ocean_shortcode_after_footer_widgets":"","ocean_shortcode_before_footer_bottom":"","ocean_shortcode_after_footer_bottom":"","ocean_display_top_bar":"default","ocean_display_header":"default","ocean_header_style":"","ocean_center_header_left_menu":"","ocean_custom_header_template":"","ocean_custom_logo":0,"ocean_custom_retina_logo":0,"ocean_custom_logo_max_width":0,"ocean_custom_logo_tablet_max_width":0,"ocean_custom_logo_mobile_max_width":0,"ocean_custom_logo_max_height":0,"ocean_custom_logo_tablet_max_height":0,"ocean_custom_logo_mobile_max_height":0,"ocean_header_custom_menu":"","ocean_menu_typo_font_family":"","ocean_menu_typo_font_subset":"","ocean_menu_typo_font_size":0,"ocean_menu_typo_font_size_tablet":0,"ocean_menu_typo_font_size_mobile":0,"ocean_menu_typo_font_size_unit":"px","ocean_menu_typo_font_weight":"","ocean_menu_typo_font_weight_tablet":"","ocean_menu_typo_font_weight_mobile":"","ocean_menu_typo_transform":"","ocean_menu_typo_transform_tablet":"","ocean_menu_typo_transform_mobile":"","ocean_menu_typo_line_height":0,"ocean_menu_typo_line_height_tablet":0,"ocean_menu_typo_line_height_mobile":0,"ocean_menu_typo_line_height_unit":"","ocean_menu_typo_spacing":0,"ocean_menu_typo_spacing_tablet":0,"ocean_menu_typo_spacing_mobile":0,"ocean_menu_typo_spacing_unit":"","ocean_menu_link_color":"","ocean_menu_link_color_hover":"","ocean_menu_link_color_active":"","ocean_menu_link_background":"","ocean_menu_link_hover_background":"","ocean_menu_link_active_background":"","ocean_menu_social_links_bg":"","ocean_menu_social_hover_links_bg":"","ocean_menu_social_links_color":"","ocean_menu_social_hover_links_color":"","ocean_disable_title":"default","ocean_disable_heading":"default","ocean_post_title":"","ocean_post_subheading":"","ocean_post_title_style":"","ocean_post_title_background_color":"","ocean_post_title_background":0,"ocean_post_title_bg_image_position":"","ocean_post_title_bg_image_attachment":"","ocean_post_title_bg_image_repeat":"","ocean_post_title_bg_image_size":"","ocean_post_title_height":0,"ocean_post_title_bg_overlay":0.5,"ocean_post_title_bg_overlay_color":"","ocean_disable_breadcrumbs":"default","ocean_breadcrumbs_color":"","ocean_breadcrumbs_separator_color":"","ocean_breadcrumbs_links_color":"","ocean_breadcrumbs_links_hover_color":"","ocean_display_footer_widgets":"default","ocean_display_footer_bottom":"default","ocean_custom_footer_template":"","footnotes":""},"wf_page_folders":[8],"class_list":["post-213","page","type-page","status-publish","hentry","entry"],"_links":{"self":[{"href":"https:\/\/sonido13.com\/index.php\/wp-json\/wp\/v2\/pages\/213","targetHints":{"allow":["GET"]}}],"collection":[{"href":"https:\/\/sonido13.com\/index.php\/wp-json\/wp\/v2\/pages"}],"about":[{"href":"https:\/\/sonido13.com\/index.php\/wp-json\/wp\/v2\/types\/page"}],"author":[{"embeddable":true,"href":"https:\/\/sonido13.com\/index.php\/wp-json\/wp\/v2\/users\/1"}],"replies":[{"embeddable":true,"href":"https:\/\/sonido13.com\/index.php\/wp-json\/wp\/v2\/comments?post=213"}],"version-history":[{"count":1,"href":"https:\/\/sonido13.com\/index.php\/wp-json\/wp\/v2\/pages\/213\/revisions"}],"predecessor-version":[{"id":214,"href":"https:\/\/sonido13.com\/index.php\/wp-json\/wp\/v2\/pages\/213\/revisions\/214"}],"wp:attachment":[{"href":"https:\/\/sonido13.com\/index.php\/wp-json\/wp\/v2\/media?parent=213"}],"wp:term":[{"taxonomy":"wf_page_folders","embeddable":true,"href":"https:\/\/sonido13.com\/index.php\/wp-json\/wp\/v2\/wf_page_folders?post=213"}],"curies":[{"name":"wp","href":"https:\/\/api.w.org\/{rel}","templated":true}]}}