{"id":211,"date":"2018-05-22T11:29:21","date_gmt":"2018-05-22T11:29:21","guid":{"rendered":"http:\/\/sonido13.com\/?page_id=211"},"modified":"2020-05-10T18:57:45","modified_gmt":"2020-05-10T18:57:45","slug":"genesis-de-la-acustica","status":"publish","type":"page","link":"https:\/\/sonido13.com\/index.php\/genesis-de-la-acustica\/","title":{"rendered":"GENESIS DE LA ACUSTICA"},"content":{"rendered":"<p class=\"Normal P-9\"><span class=\"C-11\">La Ac\u00fastica, ciencia maravillosa que persigue el ideal de descubrir el misterio de los sonidos de la naturaleza, naci\u00f3 en China, el Celeste Imperio, hace cuatro mil seiscientos a\u00f1os.<\/span><\/p>\n<p class=\"Normal P-9\"><span class=\"C-11\">Existi\u00f3 en aquella gran naci\u00f3n un sapient\u00edsimo emperador, Hoang-<wbr \/>Ti, quien fue de tan extraordinaria cultura \u00a0que se le compara con el genio m\u00e1ximo del Renacimiento, Leonardo Da Vinci.<\/span><\/p>\n<p class=\"Normal P-9\"><span class=\"C-11\">Efectivamente, seg\u00fan las biograf\u00edas universales, Hoang-<wbr \/>Ti, llamado tambi\u00e9n Yeou-<wbr \/>Hioung, emperador e investigador chino, subi\u00f3 al trono 2698 a\u00f1os antes de Cristo.<\/span><\/p>\n<p class=\"Normal P-9\"><span class=\"C-11\">La tradici\u00f3n y sus obras escritas, nos lo representan como un pr\u00edncipe dotado de tales cualidades que se le atribuyen descubrimientos importantes, tanto en las artes como en las ciencias. Se hace remontar al reino de Hoang-<wbr \/>Ti la invenci\u00f3n de la br\u00fajula, la divisi\u00f3n del Imperio chino en provincias o cantones; el descubrimiento de los fen\u00f3menos m\u00e1s sorprendentes de la astronom\u00eda; el sistema de pesas y medidas; la invenci\u00f3n de la moneda, de la navegaci\u00f3n, de la escritura y de la m\u00fasica.<\/span><\/p>\n<p class=\"Normal P-9\"><span class=\"C-11\">Aquel monarca chino, de tan extraordinarios talentos, verdadero vidente, tuvo la idea genial de que quiz\u00e1s deber\u00eda existir una ley que gobernara la producci\u00f3n y encadenamiento de los cinco sonidos musicales, \u00fanicos existentes en aquella remota \u00e9poca, que equival\u00edan a las notas actuales DO, RE, FA, SOL, LA, y que han llegado hasta nuestros d\u00edas con el nombre de Escala Pentaf\u00f3nica; y para comprobar su hip\u00f3tesis llam\u00f3 a su palacio al fil\u00f3sofo Lung-<wbr \/>Lin, para ordenarle que se retirara a meditar a los campos de bamb\u00fa acerca de esa ley que \u00e9l supon\u00eda deb\u00eda existir para el encadenamiento de los cinco sonidos musicales.<\/span><\/p>\n<p class=\"Normal P-9\"><span class=\"C-11\">Retir\u00f3se, pues, Lung-<wbr \/>Lin a meditar, y as\u00ed pasaron d\u00edas y m\u00e1s d\u00edas, hasta que surgi\u00f3 en su cerebro la idea luminosa que llev\u00f3 a los sonidos al campo biol\u00f3gico, al preguntarse: \u00bfSer\u00e1 posible que los sonidos, a semejanza de los diversos seres de la creaci\u00f3n, puedan engendrar otros de su misma especie? \u00bfSer\u00e1 posible, pues, que un sonido d\u00e9 vida a otro?<\/span><\/p>\n<p class=\"Normal P-9\"><span class=\"C-11\">Con esa admirable intuici\u00f3n, tom\u00f3 como base el sonido equivalente a nuestra nota Fa y supuso que este sonido engendrar\u00eda otro, y como en el campo de los sonidos naturales el m\u00e1s pr\u00f3ximo a cualquier base (despu\u00e9s de la octava) es su quinta superior, fue Do el sonido 2; \u00a0Do, a su vez, engendrar\u00eda su quinta superior Sol, que result\u00f3 el sonido 3; y as\u00ed Sol producir\u00eda su quinta Re, sonido 4; y \u00e9ste, a su vez, dar\u00eda vida a su quinta superior La, sonido 5.<\/span><\/p>\n<p class=\"Normal P-9\"><span class=\"C-11\">Como hace cuatro mil seiscientos a\u00f1os s\u00f3lo hab\u00eda esos cinco sonidos musicales, al encontrar el encadenamiento de ellos el fil\u00f3sofo dio por terminada su misi\u00f3n.<\/span><\/p>\n<p class=\"Normal P-9\"><span class=\"C-11\">Ese fue el proleg\u00f3meno en lo que, \u00a0se convertir\u00eda en la maravillosa ciencia ac\u00fastica.<\/span><\/p>\n<p class=\"Normal P-9\"><span class=\"C-11\">Posible es que en aquel momento ni Hoang-<wbr \/>Ti ni Lung-<wbr \/>Lin pensaran que de su hip\u00f3tesis nac\u00eda una nueva ciencia.<\/span><\/p>\n<p class=\"Normal P-9\"><span class=\"C-11\">La filosof\u00eda de Lung-<wbr \/>Lin se ampli\u00f3 con el correr del tiempo, pues los sonidos, al igual que los diversos seres de la creaci\u00f3n, no s\u00f3lo producen uno nuevo de su misma especie, sino toda una serie, que es exactamente lo que acontece con los sonidos naturales llamados arm\u00f3nicos.<\/span><\/p>\n<p class=\"Normal P-9\"><span class=\"C-11\">Juli\u00e1n Carrillo (Enero 1963)<\/span><\/p>\n","protected":false},"excerpt":{"rendered":"<p>La Ac\u00fastica, ciencia maravillosa que persigue el ideal de descubrir el misterio de los sonidos de la naturaleza, naci\u00f3 en China, el Celeste Imperio, hace cuatro mil seiscientos a\u00f1os. Existi\u00f3 en aquella gran naci\u00f3n un sapient\u00edsimo emperador, Hoang-Ti, quien fue de tan extraordinaria cultura \u00a0que se le compara con el genio m\u00e1ximo del Renacimiento, Leonardo [&hellip;]<\/p>\n","protected":false},"author":1,"featured_media":0,"parent":0,"menu_order":47,"comment_status":"closed","ping_status":"closed","template":"","meta":{"ocean_post_layout":"","ocean_both_sidebars_style":"","ocean_both_sidebars_content_width":0,"ocean_both_sidebars_sidebars_width":0,"ocean_sidebar":"","ocean_second_sidebar":"","ocean_disable_margins":"enable","ocean_add_body_class":"","ocean_shortcode_before_top_bar":"","ocean_shortcode_after_top_bar":"","ocean_shortcode_before_header":"","ocean_shortcode_after_header":"","ocean_has_shortcode":"","ocean_shortcode_after_title":"","ocean_shortcode_before_footer_widgets":"","ocean_shortcode_after_footer_widgets":"","ocean_shortcode_before_footer_bottom":"","ocean_shortcode_after_footer_bottom":"","ocean_display_top_bar":"default","ocean_display_header":"default","ocean_header_style":"","ocean_center_header_left_menu":"","ocean_custom_header_template":"","ocean_custom_logo":0,"ocean_custom_retina_logo":0,"ocean_custom_logo_max_width":0,"ocean_custom_logo_tablet_max_width":0,"ocean_custom_logo_mobile_max_width":0,"ocean_custom_logo_max_height":0,"ocean_custom_logo_tablet_max_height":0,"ocean_custom_logo_mobile_max_height":0,"ocean_header_custom_menu":"","ocean_menu_typo_font_family":"","ocean_menu_typo_font_subset":"","ocean_menu_typo_font_size":0,"ocean_menu_typo_font_size_tablet":0,"ocean_menu_typo_font_size_mobile":0,"ocean_menu_typo_font_size_unit":"px","ocean_menu_typo_font_weight":"","ocean_menu_typo_font_weight_tablet":"","ocean_menu_typo_font_weight_mobile":"","ocean_menu_typo_transform":"","ocean_menu_typo_transform_tablet":"","ocean_menu_typo_transform_mobile":"","ocean_menu_typo_line_height":0,"ocean_menu_typo_line_height_tablet":0,"ocean_menu_typo_line_height_mobile":0,"ocean_menu_typo_line_height_unit":"","ocean_menu_typo_spacing":0,"ocean_menu_typo_spacing_tablet":0,"ocean_menu_typo_spacing_mobile":0,"ocean_menu_typo_spacing_unit":"","ocean_menu_link_color":"","ocean_menu_link_color_hover":"","ocean_menu_link_color_active":"","ocean_menu_link_background":"","ocean_menu_link_hover_background":"","ocean_menu_link_active_background":"","ocean_menu_social_links_bg":"","ocean_menu_social_hover_links_bg":"","ocean_menu_social_links_color":"","ocean_menu_social_hover_links_color":"","ocean_disable_title":"default","ocean_disable_heading":"default","ocean_post_title":"","ocean_post_subheading":"","ocean_post_title_style":"","ocean_post_title_background_color":"","ocean_post_title_background":0,"ocean_post_title_bg_image_position":"","ocean_post_title_bg_image_attachment":"","ocean_post_title_bg_image_repeat":"","ocean_post_title_bg_image_size":"","ocean_post_title_height":0,"ocean_post_title_bg_overlay":0.5,"ocean_post_title_bg_overlay_color":"","ocean_disable_breadcrumbs":"default","ocean_breadcrumbs_color":"","ocean_breadcrumbs_separator_color":"","ocean_breadcrumbs_links_color":"","ocean_breadcrumbs_links_hover_color":"","ocean_display_footer_widgets":"default","ocean_display_footer_bottom":"default","ocean_custom_footer_template":"","footnotes":""},"wf_page_folders":[8],"class_list":["post-211","page","type-page","status-publish","hentry","entry"],"_links":{"self":[{"href":"https:\/\/sonido13.com\/index.php\/wp-json\/wp\/v2\/pages\/211","targetHints":{"allow":["GET"]}}],"collection":[{"href":"https:\/\/sonido13.com\/index.php\/wp-json\/wp\/v2\/pages"}],"about":[{"href":"https:\/\/sonido13.com\/index.php\/wp-json\/wp\/v2\/types\/page"}],"author":[{"embeddable":true,"href":"https:\/\/sonido13.com\/index.php\/wp-json\/wp\/v2\/users\/1"}],"replies":[{"embeddable":true,"href":"https:\/\/sonido13.com\/index.php\/wp-json\/wp\/v2\/comments?post=211"}],"version-history":[{"count":1,"href":"https:\/\/sonido13.com\/index.php\/wp-json\/wp\/v2\/pages\/211\/revisions"}],"predecessor-version":[{"id":212,"href":"https:\/\/sonido13.com\/index.php\/wp-json\/wp\/v2\/pages\/211\/revisions\/212"}],"wp:attachment":[{"href":"https:\/\/sonido13.com\/index.php\/wp-json\/wp\/v2\/media?parent=211"}],"wp:term":[{"taxonomy":"wf_page_folders","embeddable":true,"href":"https:\/\/sonido13.com\/index.php\/wp-json\/wp\/v2\/wf_page_folders?post=211"}],"curies":[{"name":"wp","href":"https:\/\/api.w.org\/{rel}","templated":true}]}}