{"id":207,"date":"2018-05-22T11:28:14","date_gmt":"2018-05-22T11:28:14","guid":{"rendered":"http:\/\/sonido13.com\/?page_id=207"},"modified":"2020-05-10T18:57:59","modified_gmt":"2020-05-10T18:57:59","slug":"escalas-musicales","status":"publish","type":"page","link":"https:\/\/sonido13.com\/index.php\/escalas-musicales\/","title":{"rendered":"ESCALAS MUSICALES"},"content":{"rendered":"<p class=\"Normal P-12\"><span class=\"C-11\">Es un gran placer para m\u00ed, m\u00e1s como mexicano que como m\u00fasico, decir que gracias a mi revoluci\u00f3n del Sonido 13 M\u00e9xico coopera al progreso musical con recursos t\u00e9cnicos que nadie sospechaba hasta hoy.<\/span><\/p>\n<p class=\"Normal P-12\"><span class=\"C-11\">Tal es el caso de las escalas musicales. Fue en China, hace cuarenta y seis siglos, donde se conoci\u00f3 la primera escala musical, formada por los \u00fanicos cinco sonidos existentes en aquella \u00e9poca, y que corresponden a nuestras notas Do, Re, Fa, Sol, La, y tuvieron que pasar veinte siglos m\u00e1s antes de que la humanidad conquistara otro sonido; fen\u00f3meno que se produjo en el pa\u00eds m\u00e1s glorioso de la antig\u00fcedad: Grecia, el cual tuvo el privilegio de producir simult\u00e1neamente el grupo extraordinario de genios como S\u00f3crates, S\u00f3focles, Eur\u00edpides, Fidias, Esquilo, Pit\u00e1goras y otros: entre ese ramillete de hombres maravillosos surgi\u00f3 Terpandro, el m\u00fasico insigne, que al agregar dos cuerdas a su lira produjo los sonidos sexto y s\u00e9ptimo, Mi y Si, con los cuales se form\u00f3, al encadenarlos por grados conjuntos, la escala diat\u00f3nica mayor con los semitonos entre las notas Mi-<wbr \/>Fa, Si-<wbr \/>Do.<\/span><\/p>\n<p class=\"Normal P-12\"><span class=\"C-11\">Fue aquello un acontecimiento inusitado, pues esa escala diat\u00f3nica mayor, que se conserva a\u00fan despu\u00e9s de dos mil seiscientos a\u00f1os, ha alimentado desde entonces el alma de las multitudes.<\/span><\/p>\n<p class=\"Normal P-12\"><span class=\"C-11\">Diez siglos m\u00e1s tarde, o sea, 400 a\u00f1os despu\u00e9s de Cristo, el papa San Ambrosio tuvo la idea extraordinaria de que se pod\u00edan formar escalas diferentes con los siete grados de la diat\u00f3nica. As\u00ed lo hizo y logr\u00f3 con ello cuatro nuevas escalas que figuran en los modos de la Iglesia. Dos siglos despu\u00e9s, o sea en el siglo VI de la era cristiana, otro papa, San Gregorio, agreg\u00f3 tres modos m\u00e1s a los ambrosianos, bas\u00e1ndose siempre en los sonidos de la escala diat\u00f3nica.<\/span><\/p>\n<p class=\"Normal P-12\"><span class=\"C-11\">Diecisiete siglos despu\u00e9s de Terpandro, la humanidad conquist\u00f3 el Si bemol, lo cual ocurri\u00f3 en Roma en el a\u00f1o 1100 de nuestra era, y fueron ya ocho los sonidos diferentes que hab\u00eda en la m\u00fasica.<\/span><\/p>\n<p class=\"Normal P-12\"><span class=\"C-11\">En el siglo XVI, los matem\u00e1ticos dividieron te\u00f3ricamente el intervalo llamado octava en doce partes musicalmente iguales, o sean los llamados semitonos, bas\u00e1ndose en la ra\u00edz dozava de dos = 1.059; pero aquel hallazgo matem\u00e1tico no tuvo vida musical hasta que Juan Sebasti\u00e1n Bach, quien naciera en 1685, lo llev\u00f3 a la pr\u00e1ctica en 1722, al hacer escalas diat\u00f3nicas sobre cada uno de los doce grados de la escala crom\u00e1tica en su maravillosa obra el Clavicordio bien temperado.<\/span><\/p>\n<p class=\"Normal P-12\"><span class=\"C-11\">As\u00ed sigui\u00f3 el mundo encerrado en los doce sonidos hasta que M\u00e9xico en 1895, logr\u00f3 con el experimento del 13 de julio romper ese ciclo aument\u00e1ndolos hasta noventa y seis, lo que fue inaudito y que casi justifica que nadie lo creyera cuando lo anunci\u00e9.<\/span><\/p>\n<p class=\"Normal P-12\"><span class=\"C-11\">Hacia 1925, el Menestrel, de la ciudad de Par\u00eds, public\u00f3 la noticia de que un m\u00fasico italiano hab\u00eda inventado una escala, diciendo enseguida que daban a la publicidad el hecho \u00fanicamente por que su corresponsal era persona sumamente responsable, pero que se daban cuenta de que inventar una escala era problema complicad\u00edsimo.<\/span><\/p>\n<p class=\"Normal P-12\"><span class=\"C-11\">Al saberlo dirig\u00ed una carta a dicha revista, misma que fue publicada en la edici\u00f3n biling\u00fce de El Sonido 13 en Nueva York el a\u00f1o de 1926, y en la cual dec\u00eda que estaba en la posibilidad de demostrar no s\u00f3lo una nueva escala, sino cientos y miles de ellas como resultante de los sonidos conquistados por M\u00e9xico en 1895.<\/span><\/p>\n<p class=\"Normal P-12\"><span class=\"C-11\">Aquella carta qued\u00f3 sin contestaci\u00f3n, lo que es obviamente explicable, ya que, si les causaba asombro la invenci\u00f3n de una nueva escala, menos podr\u00edan creer en la posibilidad de miles de ellas.<\/span><\/p>\n<p class=\"Normal P-12\"><span class=\"C-11\">Ya desde 1924, cuando se produjo la pol\u00e9mica m\u00e1s trascendental que ha habido en mi pa\u00eds en materia musical, la del Sonido 13, dije al entonces rector de la Universidad Nacional, doctor Alfonso Pruneda, que ten\u00eda en mis manos los elementos para dar una escala propia a cada uno de los compositores existentes en el mundo. Aquella declaraci\u00f3n m\u00eda, no s\u00f3lo se tom\u00f3 como una locura, sino que produjo risas y burlas; y es hasta hoy, por fin, despu\u00e9s de treinta y siete a\u00f1os, que conocer\u00e1 el mundo una composici\u00f3n m\u00eda que est\u00e1 causando admiraci\u00f3n en esta gran ciudad de Par\u00eds y que est\u00e1 basada en una nueva escala de s\u00f3lo seis sonidos Do, Re bemol, Mi natural, Fa sostenido, Sol y Si bemol, m\u00e1s los acordes que de ellos resultan.<\/span><\/p>\n<p class=\"Normal P-12\"><span class=\"C-11\">Debo decir que tengo publicado un libro titulado \u00ab\u00a0El infinito en las escalas y los acordes\u00a0\u00bb, en ese libro pongo a la disposici\u00f3n de todos los m\u00fasicos del mundo, con las explicaciones t\u00e9cnicas respectivas para su empleo, once escalas de dos sonidos, cincuenta y cinco de tres, ciento setenta y cinco de cuatro, trescientos treinta de cinco, cuatrocientos sesenta y dos de seis, cuatrocientos sesenta y dos de siete, trescientos treinta de ocho, ciento sesenta y cinco de nueve, cincuenta y cinco de diez, once de nueve y una de doce.<\/span><\/p>\n<p class=\"Normal P-12\"><span class=\"C-11\">Esto tomando las escalas \u00fanicamente en su posici\u00f3n fundamental, pues al aplic\u00e1rseles el procedimiento ambrosiano se llega a un n\u00famero extraordinario y ello sin ir m\u00e1s all\u00e1 de los doce sonidos, pues al emplear para formarlas los tercios de tono, cuartos, quintos, hasta los dieciseisavos, se llega en verdad al infinito.<\/span><\/p>\n<p class=\"Normal P-12\"><span class=\"C-11\">Juli\u00e1n Carrillo (Mayo de 1961).<\/span><\/p>\n","protected":false},"excerpt":{"rendered":"<p>Es un gran placer para m\u00ed, m\u00e1s como mexicano que como m\u00fasico, decir que gracias a mi revoluci\u00f3n del Sonido 13 M\u00e9xico coopera al progreso musical con recursos t\u00e9cnicos que nadie sospechaba hasta hoy. Tal es el caso de las escalas musicales. Fue en China, hace cuarenta y seis siglos, donde se conoci\u00f3 la primera [&hellip;]<\/p>\n","protected":false},"author":1,"featured_media":0,"parent":0,"menu_order":45,"comment_status":"closed","ping_status":"closed","template":"","meta":{"ocean_post_layout":"","ocean_both_sidebars_style":"","ocean_both_sidebars_content_width":0,"ocean_both_sidebars_sidebars_width":0,"ocean_sidebar":"","ocean_second_sidebar":"","ocean_disable_margins":"enable","ocean_add_body_class":"","ocean_shortcode_before_top_bar":"","ocean_shortcode_after_top_bar":"","ocean_shortcode_before_header":"","ocean_shortcode_after_header":"","ocean_has_shortcode":"","ocean_shortcode_after_title":"","ocean_shortcode_before_footer_widgets":"","ocean_shortcode_after_footer_widgets":"","ocean_shortcode_before_footer_bottom":"","ocean_shortcode_after_footer_bottom":"","ocean_display_top_bar":"default","ocean_display_header":"default","ocean_header_style":"","ocean_center_header_left_menu":"","ocean_custom_header_template":"","ocean_custom_logo":0,"ocean_custom_retina_logo":0,"ocean_custom_logo_max_width":0,"ocean_custom_logo_tablet_max_width":0,"ocean_custom_logo_mobile_max_width":0,"ocean_custom_logo_max_height":0,"ocean_custom_logo_tablet_max_height":0,"ocean_custom_logo_mobile_max_height":0,"ocean_header_custom_menu":"","ocean_menu_typo_font_family":"","ocean_menu_typo_font_subset":"","ocean_menu_typo_font_size":0,"ocean_menu_typo_font_size_tablet":0,"ocean_menu_typo_font_size_mobile":0,"ocean_menu_typo_font_size_unit":"px","ocean_menu_typo_font_weight":"","ocean_menu_typo_font_weight_tablet":"","ocean_menu_typo_font_weight_mobile":"","ocean_menu_typo_transform":"","ocean_menu_typo_transform_tablet":"","ocean_menu_typo_transform_mobile":"","ocean_menu_typo_line_height":0,"ocean_menu_typo_line_height_tablet":0,"ocean_menu_typo_line_height_mobile":0,"ocean_menu_typo_line_height_unit":"","ocean_menu_typo_spacing":0,"ocean_menu_typo_spacing_tablet":0,"ocean_menu_typo_spacing_mobile":0,"ocean_menu_typo_spacing_unit":"","ocean_menu_link_color":"","ocean_menu_link_color_hover":"","ocean_menu_link_color_active":"","ocean_menu_link_background":"","ocean_menu_link_hover_background":"","ocean_menu_link_active_background":"","ocean_menu_social_links_bg":"","ocean_menu_social_hover_links_bg":"","ocean_menu_social_links_color":"","ocean_menu_social_hover_links_color":"","ocean_disable_title":"default","ocean_disable_heading":"default","ocean_post_title":"","ocean_post_subheading":"","ocean_post_title_style":"","ocean_post_title_background_color":"","ocean_post_title_background":0,"ocean_post_title_bg_image_position":"","ocean_post_title_bg_image_attachment":"","ocean_post_title_bg_image_repeat":"","ocean_post_title_bg_image_size":"","ocean_post_title_height":0,"ocean_post_title_bg_overlay":0.5,"ocean_post_title_bg_overlay_color":"","ocean_disable_breadcrumbs":"default","ocean_breadcrumbs_color":"","ocean_breadcrumbs_separator_color":"","ocean_breadcrumbs_links_color":"","ocean_breadcrumbs_links_hover_color":"","ocean_display_footer_widgets":"default","ocean_display_footer_bottom":"default","ocean_custom_footer_template":"","footnotes":""},"wf_page_folders":[8],"class_list":["post-207","page","type-page","status-publish","hentry","entry"],"_links":{"self":[{"href":"https:\/\/sonido13.com\/index.php\/wp-json\/wp\/v2\/pages\/207","targetHints":{"allow":["GET"]}}],"collection":[{"href":"https:\/\/sonido13.com\/index.php\/wp-json\/wp\/v2\/pages"}],"about":[{"href":"https:\/\/sonido13.com\/index.php\/wp-json\/wp\/v2\/types\/page"}],"author":[{"embeddable":true,"href":"https:\/\/sonido13.com\/index.php\/wp-json\/wp\/v2\/users\/1"}],"replies":[{"embeddable":true,"href":"https:\/\/sonido13.com\/index.php\/wp-json\/wp\/v2\/comments?post=207"}],"version-history":[{"count":1,"href":"https:\/\/sonido13.com\/index.php\/wp-json\/wp\/v2\/pages\/207\/revisions"}],"predecessor-version":[{"id":208,"href":"https:\/\/sonido13.com\/index.php\/wp-json\/wp\/v2\/pages\/207\/revisions\/208"}],"wp:attachment":[{"href":"https:\/\/sonido13.com\/index.php\/wp-json\/wp\/v2\/media?parent=207"}],"wp:term":[{"taxonomy":"wf_page_folders","embeddable":true,"href":"https:\/\/sonido13.com\/index.php\/wp-json\/wp\/v2\/wf_page_folders?post=207"}],"curies":[{"name":"wp","href":"https:\/\/api.w.org\/{rel}","templated":true}]}}