{"id":201,"date":"2018-05-22T11:26:16","date_gmt":"2018-05-22T11:26:16","guid":{"rendered":"http:\/\/sonido13.com\/?page_id=201"},"modified":"2020-05-10T18:51:50","modified_gmt":"2020-05-10T18:51:50","slug":"leyes-de-metamorfosis-musicales","status":"publish","type":"page","link":"https:\/\/sonido13.com\/index.php\/leyes-de-metamorfosis-musicales\/","title":{"rendered":"LEYES DE METAMORFOSIS MUSICALES"},"content":{"rendered":"<p class=\"Normal P-12\"><span class=\"C-11\">En el sentido idiom\u00e1tico, \u00ab\u00a0metam\u00f3rfosis\u00a0\u00bb o \u00ab\u00a0metamorfosis\u00a0\u00bb significa transformar una cosa en otra. Por esta causa adopt\u00e9 tal t\u00e9rmino para designar las transformaciones mel\u00f3dicas, arm\u00f3nicas y r\u00edtmicas, a que pueden someterse las composiciones musicales.<\/span><\/p>\n<p class=\"Normal P-12\"><span class=\"C-11\">Con lo dicho ser\u00e1 bastante para comprender que lo que mis \u00ab\u00a0Leyes de metamorfosis\u00a0\u00bb significan en los dominios del arte musical es justamente lo que en el sentido idiom\u00e1tico se entiende por metamorfosear: transformar una cosa en otra.<\/span><\/p>\n<p class=\"Normal P-12\"><span class=\"C-11\">Son \u00e9stas de tal magnitud y las transformaciones que efect\u00faan tan fundamentales, que estoy absolutamente seguro que ning\u00fan compositor, por grandes que sean sus conocimientos en materia musical, podr\u00e1 reconocer sus propias composiciones al o\u00edrlas, una vez que se les haya aplicado las leyes que aqu\u00ed expongo.<\/span><\/p>\n<p class=\"Normal P-12\"><span class=\"C-11\">Desde antes de Juan Sebasti\u00e1n Bach, exist\u00eda ya el canon por \u00ab\u00a0aumentaci\u00f3n\u00a0\u00bb y \u00ab\u00a0disminuci\u00f3n\u00a0\u00bb, pero afectaba \u00fanicamente la velocidad o la lentitud de un tema, haciendo m\u00e1s aprisa o m\u00e1s despacio una melod\u00eda, lo que nada ten\u00eda en el fondo que pudiera sugerir la metamorfosis como yo la entiendo: pues la modificaci\u00f3n era f\u00e1cilmente reconocible.<\/span><\/p>\n<p class=\"Normal P-12\"><span class=\"C-11\">Innecesario me parece decir que cuantas modificaciones se hicieron a los temas antes de que existieran estas \u00ab\u00a0Leyes de metamorfosis\u00a0\u00bb se agregaron o quitaron notas a las melod\u00edas, o sea que la mentalidad de los compositores estaba dominada por la idea de escribir temas con variaciones, idea absolutamente exclu\u00edda de mis Leyes, pues la caracter\u00edstica de ellas es que jam\u00e1s se agrega ni suprime ninguna nota a las composiciones originales metamorfoseadas.<\/span><\/p>\n<p class=\"Normal P-12\"><span class=\"C-11\">Para dar una idea lo m\u00e1s exacta posible de estas \u00ab\u00a0Leyes de metamorfosis\u00a0\u00bb, acudir\u00e9 a un s\u00edmil: todos sabemos que en la fotograf\u00eda puede quedar grabado un objeto en diversos tama\u00f1os, y que nuestro ojo tiene la facultad de reconocer inmediatamente las amplificaciones o disminuciones que en el tama\u00f1o del objeto se efect\u00faen. El o\u00eddo &#8211;<wbr \/>&#8211;<wbr \/>por lo que he podido comprobar hasta esta fecha-<wbr \/>&#8211;<wbr \/>\u00a0carece de esa facultad tan peculiar en el ojo; pues tan pronto se alteran las proporciones de los intervalos, ya el o\u00eddo no puede reconocerlos, y \u00e9sta es la causa por la cual he dicho que ning\u00fan m\u00fasico podr\u00e1 identificar su composici\u00f3n tan pronto se la someta a mis \u00ab\u00a0Leyes de metamorfosis\u00a0\u00bb.<\/span><\/p>\n<p class=\"Normal P-9\"><span class=\"C-11\">Juli\u00e1n Carrillo (Diciembre 1962)<\/span><\/p>\n","protected":false},"excerpt":{"rendered":"<p>En el sentido idiom\u00e1tico, \u00ab\u00a0metam\u00f3rfosis\u00a0\u00bb o \u00ab\u00a0metamorfosis\u00a0\u00bb significa transformar una cosa en otra. Por esta causa adopt\u00e9 tal t\u00e9rmino para designar las transformaciones mel\u00f3dicas, arm\u00f3nicas y r\u00edtmicas, a que pueden someterse las composiciones musicales. Con lo dicho ser\u00e1 bastante para comprender que lo que mis \u00ab\u00a0Leyes de metamorfosis\u00a0\u00bb significan en los dominios del arte musical [&hellip;]<\/p>\n","protected":false},"author":1,"featured_media":0,"parent":0,"menu_order":51,"comment_status":"closed","ping_status":"closed","template":"","meta":{"ocean_post_layout":"","ocean_both_sidebars_style":"","ocean_both_sidebars_content_width":0,"ocean_both_sidebars_sidebars_width":0,"ocean_sidebar":"","ocean_second_sidebar":"","ocean_disable_margins":"enable","ocean_add_body_class":"","ocean_shortcode_before_top_bar":"","ocean_shortcode_after_top_bar":"","ocean_shortcode_before_header":"","ocean_shortcode_after_header":"","ocean_has_shortcode":"","ocean_shortcode_after_title":"","ocean_shortcode_before_footer_widgets":"","ocean_shortcode_after_footer_widgets":"","ocean_shortcode_before_footer_bottom":"","ocean_shortcode_after_footer_bottom":"","ocean_display_top_bar":"default","ocean_display_header":"default","ocean_header_style":"","ocean_center_header_left_menu":"","ocean_custom_header_template":"","ocean_custom_logo":0,"ocean_custom_retina_logo":0,"ocean_custom_logo_max_width":0,"ocean_custom_logo_tablet_max_width":0,"ocean_custom_logo_mobile_max_width":0,"ocean_custom_logo_max_height":0,"ocean_custom_logo_tablet_max_height":0,"ocean_custom_logo_mobile_max_height":0,"ocean_header_custom_menu":"","ocean_menu_typo_font_family":"","ocean_menu_typo_font_subset":"","ocean_menu_typo_font_size":0,"ocean_menu_typo_font_size_tablet":0,"ocean_menu_typo_font_size_mobile":0,"ocean_menu_typo_font_size_unit":"px","ocean_menu_typo_font_weight":"","ocean_menu_typo_font_weight_tablet":"","ocean_menu_typo_font_weight_mobile":"","ocean_menu_typo_transform":"","ocean_menu_typo_transform_tablet":"","ocean_menu_typo_transform_mobile":"","ocean_menu_typo_line_height":0,"ocean_menu_typo_line_height_tablet":0,"ocean_menu_typo_line_height_mobile":0,"ocean_menu_typo_line_height_unit":"","ocean_menu_typo_spacing":0,"ocean_menu_typo_spacing_tablet":0,"ocean_menu_typo_spacing_mobile":0,"ocean_menu_typo_spacing_unit":"","ocean_menu_link_color":"","ocean_menu_link_color_hover":"","ocean_menu_link_color_active":"","ocean_menu_link_background":"","ocean_menu_link_hover_background":"","ocean_menu_link_active_background":"","ocean_menu_social_links_bg":"","ocean_menu_social_hover_links_bg":"","ocean_menu_social_links_color":"","ocean_menu_social_hover_links_color":"","ocean_disable_title":"default","ocean_disable_heading":"default","ocean_post_title":"","ocean_post_subheading":"","ocean_post_title_style":"","ocean_post_title_background_color":"","ocean_post_title_background":0,"ocean_post_title_bg_image_position":"","ocean_post_title_bg_image_attachment":"","ocean_post_title_bg_image_repeat":"","ocean_post_title_bg_image_size":"","ocean_post_title_height":0,"ocean_post_title_bg_overlay":0.5,"ocean_post_title_bg_overlay_color":"","ocean_disable_breadcrumbs":"default","ocean_breadcrumbs_color":"","ocean_breadcrumbs_separator_color":"","ocean_breadcrumbs_links_color":"","ocean_breadcrumbs_links_hover_color":"","ocean_display_footer_widgets":"default","ocean_display_footer_bottom":"default","ocean_custom_footer_template":"","footnotes":""},"wf_page_folders":[8],"class_list":["post-201","page","type-page","status-publish","hentry","entry"],"_links":{"self":[{"href":"https:\/\/sonido13.com\/index.php\/wp-json\/wp\/v2\/pages\/201","targetHints":{"allow":["GET"]}}],"collection":[{"href":"https:\/\/sonido13.com\/index.php\/wp-json\/wp\/v2\/pages"}],"about":[{"href":"https:\/\/sonido13.com\/index.php\/wp-json\/wp\/v2\/types\/page"}],"author":[{"embeddable":true,"href":"https:\/\/sonido13.com\/index.php\/wp-json\/wp\/v2\/users\/1"}],"replies":[{"embeddable":true,"href":"https:\/\/sonido13.com\/index.php\/wp-json\/wp\/v2\/comments?post=201"}],"version-history":[{"count":1,"href":"https:\/\/sonido13.com\/index.php\/wp-json\/wp\/v2\/pages\/201\/revisions"}],"predecessor-version":[{"id":202,"href":"https:\/\/sonido13.com\/index.php\/wp-json\/wp\/v2\/pages\/201\/revisions\/202"}],"wp:attachment":[{"href":"https:\/\/sonido13.com\/index.php\/wp-json\/wp\/v2\/media?parent=201"}],"wp:term":[{"taxonomy":"wf_page_folders","embeddable":true,"href":"https:\/\/sonido13.com\/index.php\/wp-json\/wp\/v2\/wf_page_folders?post=201"}],"curies":[{"name":"wp","href":"https:\/\/api.w.org\/{rel}","templated":true}]}}