{"id":2,"date":"2018-05-21T17:17:46","date_gmt":"2018-05-21T17:17:46","guid":{"rendered":"http:\/\/sonido13.com\/?page_id=2"},"modified":"2021-12-01T20:26:02","modified_gmt":"2021-12-01T20:26:02","slug":"bienvenidos","status":"publish","type":"page","link":"https:\/\/sonido13.com\/","title":{"rendered":"BIENVENIDOS"},"content":{"rendered":"\t\t<div data-elementor-type=\"wp-post\" data-elementor-id=\"2\" class=\"elementor elementor-2\">\n\t\t\t\t\t\t<section class=\"elementor-section elementor-top-section elementor-element elementor-element-87e4a96 elementor-section-boxed elementor-section-height-default elementor-section-height-default\" data-id=\"87e4a96\" data-element_type=\"section\" data-e-type=\"section\">\n\t\t\t\t\t\t<div class=\"elementor-container elementor-column-gap-default\">\n\t\t\t\t\t<div class=\"elementor-column elementor-col-100 elementor-top-column elementor-element elementor-element-a7144f7\" data-id=\"a7144f7\" data-element_type=\"column\" data-e-type=\"column\">\n\t\t\t<div class=\"elementor-widget-wrap elementor-element-populated\">\n\t\t\t\t\t\t<div class=\"elementor-element elementor-element-7d7722b elementor-widget elementor-widget-text-editor\" data-id=\"7d7722b\" data-element_type=\"widget\" data-e-type=\"widget\" data-widget_type=\"text-editor.default\">\n\t\t\t\t<div class=\"elementor-widget-container\">\n\t\t\t\t\t\t\t\t\t<p style=\"text-align: center;\"><strong>\u201cUN MEXICANO CAMBIO NUESTRO MUNDO SONORO POR COMPLETO\u201d<\/strong><\/p><p style=\"text-align: center;\"><strong>ABRIO UNA PUERTA A UNA NUEVA CONSTELACION LLAMADA SONIDO 13.<\/strong><\/p><p style=\"text-align: center;\"><strong>SI NO LO CREES DESCUBRELO CON TUS PROPIOS OIDOS.<\/strong><\/p><p>El Sonido 13, magistral obra musical, creaci\u00f3n del ilustre m\u00fasico mexicano Juli\u00e1n Carrillo (1875-1965), que desde su aparici\u00f3n causa asombro a todo aquel que lo escucha, y que por las aportaciones que hace a la m\u00fasica ha puesto el nombre de M\u00e9xico en el m\u00e1s alto nivel en toda la historia de la humanidad en el arte musical mundial.<\/p><p>Sin embargo, es en M\u00e9xico, pa\u00eds de su nacimiento, en donde las autoridades culturales se han ocupado, empleando para ello los diversos medios de comunicaci\u00f3n a su servicio en atacarla, ridiculizarla, boicotearla, prohibirla, pero jam\u00e1s ha sido puesta en una mesa de discusi\u00f3n por esta gente.<\/p><p>Esta negativa actitud de las instituciones culturales mexicanas oficiales y privadas ha provocado que el conocimiento de la obra llegue al p\u00fablico de una manera no clara, mal definida, envuelta en situaciones hasta sobrenaturales, creando con ello incursiones de personas dedicadas a la m\u00fasica que se autonombren difusores del Sonido 13, introduciendo estilos musicales ajenos a los principios de la obra, hablando por ella sin el conocimiento suficiente, tergiversando su sentido pretendiendo \u201ccorregir\u201d o aportar conocimientos que en absoluto tienen relaci\u00f3n alguna con los fundamentos revolucionarios del Sonido 13, y esto es, debido a que la verdadera informaci\u00f3n no est\u00e1 por completo al alcance de quienes, no obstante su buena voluntad, pretenden difundir la obra de Juli\u00e1n Carrillo.<\/p><p>Es por eso, que al crear esta p\u00e1gina, quienes tenemos la inmensa fortuna de ser descendientes directos art\u00edsticos de Juli\u00e1n Carrillo estamos comprometidos a continuar con la difusi\u00f3n de su revoluci\u00f3n musical, empleando para ello este maravilloso medio de comunicaci\u00f3n moderno llamado Internet, que nos llevar\u00e1 a entregar al mundo el verdadero significado del Sonido 13, pues no poseemos m\u00e1s informaci\u00f3n que la que el mismo maestro nos legara y que es la misma que obtendr\u00e1n ustedes al visitar esta p\u00e1gina.<\/p><h4 style=\"text-align: center;\"><strong>EN BUSCA DE JULI\u00c1N CARRILLO Y SONIDO 13<\/strong><\/h4><p>En el a\u00f1o 2015 se public\u00f3 el libro llamado \u201cIn search of Juli\u00e1n Carrillo and Sonido 13\u201d, en espa\u00f1ol \u201cEn busca de Juli\u00e1n Carrillo y el Sonido 13\u201d, edici\u00f3n que, aunque la hubiera yo adquirido no habr\u00eda entendido en absoluto, por estar escrita en ingl\u00e9s. C\u00f3mo dese\u00e9 en ese tiempo tenerla y traducirla por medio de un servicio profesional, pero no fue as\u00ed.<\/p><p>Pasaron seis a\u00f1os para que llegara a m\u00ed la edici\u00f3n en espa\u00f1ol de este libro, a\u00f1o de 2015, momento que aprovecho (noviembre 2015) para, con todo conocimiento de causa emitir mi comentario al respecto.<\/p><p>Alejandro L. Madrid, autor del libro, ha llevado a cabo una verdadera proeza en esta, por dem\u00e1s exhaustiva labor de investigaci\u00f3n y divulgaci\u00f3n, en la que con toda claridad expone la realidad del Sonido 13 durante la vida de Carrillo y despu\u00e9s de su fallecimiento.<\/p><p>Es de reconocer y alabar que Alejandro no se ha valido de las mentiras y envidias con las que los \u201cartistas e intelectuales\u201d, en su gran mayor\u00eda y principalmente mexicanos han tratado a Carrillo personal y art\u00edsticamente, careciendo del conocimiento y la capacidad que requiere una Obra de la trascendencia de el \u201cSonido 13\u201d.<\/p><p>Obligado es tambi\u00e9n admitir la nula difusi\u00f3n y el ocultamiento por parte de las \u201cautoridades culturales de nuestro pa\u00eds\u201d, principalmente de el estado de San Luis Potos\u00ed, lugar en donde se encuentra secuestrada, olvidada, prohibida y desaparecida la Obra de nuestro ilustre Maestro Juli\u00e1n Carrillo.<\/p><p>Aun as\u00ed, el enorme esfuerzo realizado por el Maestro Alejandro L. Madrid merece la m\u00e1s sincera felicitaci\u00f3n de los muy pocos que pertenecemos a esta Obra y de todo aquel que busque la veracidad ya sea como m\u00fasico, investigador o simple curioso de \u00bfqu\u00e9 es el Sonido 13?<\/p><p>ARMANDO NAVA LOYA (Noviembre 2021).<\/p><p style=\"text-align: center;\"><strong>EXORDIO<\/strong><\/p><p>En el mes de julio del a\u00f1o 2008 recib\u00ed una llamada telef\u00f3nica de mi querido amigo Hugo Vargas Olvera, hijo del que fuera mi maestro, \u00d3scar Vargas Leal, proponi\u00e9ndome la creaci\u00f3n de una p\u00e1gina informativa v\u00eda Internet sobre el Sonido 13, proyecto que de inmediato se realiz\u00f3, precisamente en el 113 aniversario de la revoluci\u00f3n musical m\u00e1s grande desde que el hombre existe en la Tierra. Teniendo Hugo un extenso conocimiento en la cuesti\u00f3n sobre inform\u00e1tica y dise\u00f1o web le fue f\u00e1cil crear la p\u00e1gina como la vemos ahora, yo solamente le env\u00edo la informaci\u00f3n. Todo ello fue realizado con el escaso material informativo y fotogr\u00e1fico del que dispon\u00edamos en aqu\u00e9l entonces, y aun as\u00ed la p\u00e1gina fue ubicada en un primer\u00edsimo lugar sobre informaci\u00f3n acerca de \u201cJuli\u00e1n Carrillo y el Sonido 13\u201d, t\u00edtulo con el que aparece en pantalla. Gran cantidad de mensajes v\u00eda correo electr\u00f3nico as\u00ed lo testifican.<\/p><p>Armando Nava Loya (Enero 2010).<\/p>\t\t\t\t\t\t\t\t<\/div>\n\t\t\t\t<\/div>\n\t\t\t\t\t<\/div>\n\t\t<\/div>\n\t\t\t\t\t<\/div>\n\t\t<\/section>\n\t\t\t\t<\/div>\n\t\t","protected":false},"excerpt":{"rendered":"<p>\u201cUN MEXICANO CAMBIO NUESTRO MUNDO SONORO POR COMPLETO\u201d ABRIO UNA PUERTA A UNA NUEVA CONSTELACION LLAMADA SONIDO 13. SI NO LO CREES DESCUBRELO CON TUS PROPIOS OIDOS. El Sonido 13, magistral obra musical, creaci\u00f3n del ilustre m\u00fasico mexicano Juli\u00e1n Carrillo (1875-1965), que desde su aparici\u00f3n causa asombro a todo aquel que lo escucha, y que [&hellip;]<\/p>\n","protected":false},"author":1,"featured_media":0,"parent":0,"menu_order":-11,"comment_status":"closed","ping_status":"closed","template":"","meta":{"ocean_post_layout":"","ocean_both_sidebars_style":"","ocean_both_sidebars_content_width":0,"ocean_both_sidebars_sidebars_width":0,"ocean_sidebar":"","ocean_second_sidebar":"","ocean_disable_margins":"enable","ocean_add_body_class":"","ocean_shortcode_before_top_bar":"","ocean_shortcode_after_top_bar":"","ocean_shortcode_before_header":"","ocean_shortcode_after_header":"","ocean_has_shortcode":"","ocean_shortcode_after_title":"","ocean_shortcode_before_footer_widgets":"","ocean_shortcode_after_footer_widgets":"","ocean_shortcode_before_footer_bottom":"","ocean_shortcode_after_footer_bottom":"","ocean_display_top_bar":"default","ocean_display_header":"default","ocean_header_style":"","ocean_center_header_left_menu":"","ocean_custom_header_template":"","ocean_custom_logo":0,"ocean_custom_retina_logo":0,"ocean_custom_logo_max_width":0,"ocean_custom_logo_tablet_max_width":0,"ocean_custom_logo_mobile_max_width":0,"ocean_custom_logo_max_height":0,"ocean_custom_logo_tablet_max_height":0,"ocean_custom_logo_mobile_max_height":0,"ocean_header_custom_menu":"","ocean_menu_typo_font_family":"","ocean_menu_typo_font_subset":"","ocean_menu_typo_font_size":0,"ocean_menu_typo_font_size_tablet":0,"ocean_menu_typo_font_size_mobile":0,"ocean_menu_typo_font_size_unit":"px","ocean_menu_typo_font_weight":"","ocean_menu_typo_font_weight_tablet":"","ocean_menu_typo_font_weight_mobile":"","ocean_menu_typo_transform":"","ocean_menu_typo_transform_tablet":"","ocean_menu_typo_transform_mobile":"","ocean_menu_typo_line_height":0,"ocean_menu_typo_line_height_tablet":0,"ocean_menu_typo_line_height_mobile":0,"ocean_menu_typo_line_height_unit":"","ocean_menu_typo_spacing":0,"ocean_menu_typo_spacing_tablet":0,"ocean_menu_typo_spacing_mobile":0,"ocean_menu_typo_spacing_unit":"","ocean_menu_link_color":"","ocean_menu_link_color_hover":"","ocean_menu_link_color_active":"","ocean_menu_link_background":"","ocean_menu_link_hover_background":"","ocean_menu_link_active_background":"","ocean_menu_social_links_bg":"","ocean_menu_social_hover_links_bg":"","ocean_menu_social_links_color":"","ocean_menu_social_hover_links_color":"","ocean_disable_title":"default","ocean_disable_heading":"default","ocean_post_title":"","ocean_post_subheading":"","ocean_post_title_style":"","ocean_post_title_background_color":"","ocean_post_title_background":0,"ocean_post_title_bg_image_position":"","ocean_post_title_bg_image_attachment":"","ocean_post_title_bg_image_repeat":"","ocean_post_title_bg_image_size":"","ocean_post_title_height":0,"ocean_post_title_bg_overlay":0.5,"ocean_post_title_bg_overlay_color":"","ocean_disable_breadcrumbs":"default","ocean_breadcrumbs_color":"","ocean_breadcrumbs_separator_color":"","ocean_breadcrumbs_links_color":"","ocean_breadcrumbs_links_hover_color":"","ocean_display_footer_widgets":"default","ocean_display_footer_bottom":"default","ocean_custom_footer_template":"","footnotes":""},"wf_page_folders":[],"class_list":["post-2","page","type-page","status-publish","hentry","entry"],"_links":{"self":[{"href":"https:\/\/sonido13.com\/index.php\/wp-json\/wp\/v2\/pages\/2","targetHints":{"allow":["GET"]}}],"collection":[{"href":"https:\/\/sonido13.com\/index.php\/wp-json\/wp\/v2\/pages"}],"about":[{"href":"https:\/\/sonido13.com\/index.php\/wp-json\/wp\/v2\/types\/page"}],"author":[{"embeddable":true,"href":"https:\/\/sonido13.com\/index.php\/wp-json\/wp\/v2\/users\/1"}],"replies":[{"embeddable":true,"href":"https:\/\/sonido13.com\/index.php\/wp-json\/wp\/v2\/comments?post=2"}],"version-history":[{"count":42,"href":"https:\/\/sonido13.com\/index.php\/wp-json\/wp\/v2\/pages\/2\/revisions"}],"predecessor-version":[{"id":3152,"href":"https:\/\/sonido13.com\/index.php\/wp-json\/wp\/v2\/pages\/2\/revisions\/3152"}],"wp:attachment":[{"href":"https:\/\/sonido13.com\/index.php\/wp-json\/wp\/v2\/media?parent=2"}],"wp:term":[{"taxonomy":"wf_page_folders","embeddable":true,"href":"https:\/\/sonido13.com\/index.php\/wp-json\/wp\/v2\/wf_page_folders?post=2"}],"curies":[{"name":"wp","href":"https:\/\/api.w.org\/{rel}","templated":true}]}}