{"id":199,"date":"2018-05-22T11:25:40","date_gmt":"2018-05-22T11:25:40","guid":{"rendered":"http:\/\/sonido13.com\/?page_id=199"},"modified":"2020-05-10T18:52:01","modified_gmt":"2020-05-10T18:52:01","slug":"enriquecimiento-psicologico","status":"publish","type":"page","link":"https:\/\/sonido13.com\/index.php\/enriquecimiento-psicologico\/","title":{"rendered":"ENRIQUECIMIENTO PSICOLOGICO"},"content":{"rendered":"<p class=\"Normal P-12\"><span class=\"C-11\">Al lograr la revoluci\u00f3n del Sonido 13 un n\u00famero infinito de escalas, el alma humana se enriqueci\u00f3 con elementos nunca so\u00f1ados, de gradaciones jam\u00e1s presentidas, pues la nueva m\u00fasica, como lo dijo atinadamente la distinguida pianista francesa Nelly Caron al escuchar mi Preludio a Col\u00f3n en la gran Sala de la UNESCO en Par\u00eds, \u00ab\u00a0Despierta en nosotros planos habitualmente en letargo.\u00a0\u00bb<\/span><\/p>\n<p class=\"Normal P-12\"><span class=\"C-11\">A este respecto, expres\u00e9 en mi Teor\u00eda L\u00f3gica de la M\u00fasica, escrita en Nueva York en 1927, y publicada en M\u00e9xico en 1938, lo siguiente: \u00ab\u00a0Los defensores de la pobreza cl\u00e1sica jam\u00e1s pensaron que un sistema musical que ten\u00eda s\u00f3lo dos modos &#8211;<wbr \/>&#8211;<wbr \/>el mayor y el menor-<wbr \/>&#8211;<wbr \/>\u00a0no pod\u00eda satisfacer las necesidades de exteriorizaci\u00f3n del alma humana. Empl\u00e9ase el modo mayor para pasajes marciales, \u00e9picos y el menor para los eleg\u00edacos y tiernos. . .<\/span><\/p>\n<p class=\"Normal P-12\"><span class=\"C-11\">Cu\u00e1n primitivo resulta querer encerrar la gama infinita de nuestras sensaciones en s\u00f3lo dos modos; qu\u00e9 error fue suponer que puede limitarse el alma compleja del siglo xx a s\u00f3lo dos estados: alegr\u00eda y dolor. . . pues son estos dos polos tan alejados uno del otro, que entre ellos cabe todo un mundo de sensaciones de belleza infinita. Ese hueco lo llenar\u00e1 el Sonido 13, abarcando \u00edntegramente la gama psicol\u00f3gica. Ninguna sensaci\u00f3n quedar\u00e1 ya fuera del alcance de la m\u00fasica, de igual modo que entre la casi asfixia que produce el quemante sol de verano en los pa\u00edses tropicales y el fr\u00edo congelador de las nieves polares de blancura inmaculada, cabe toda la infinita poes\u00eda de la primavera, esa poes\u00eda que no ha sido captada en su integridad por ning\u00fan poeta. \u00a1Cuando los \u00e1rboles semejan cataratas de color, cuando parecen llegar hasta nosotros cascadas de verde l\u00edquido desprendi\u00e9ndose de aquella exuberancia que produce en nuestras almas un indescriptible cromatismo!. . . Cabe igualmente entre uno y otro polo de belleza desde la alegr\u00eda desbordante hasta la m\u00e1s penetrante eleg\u00eda, como es la pavorosa marcha f\u00fanebre que se produce al caer las hojas oto\u00f1ales de los \u00e1rboles para ir, al igual que nosotros iremos alg\u00fan d\u00eda, hacia el misterio. . . esas hojas de los \u00e1rboles m\u00e1s felices que los humanos y que s\u00f3lo se marchitan en el oto\u00f1o, en tanto que el hombre \u00a1con cu\u00e1nta frecuencia se marchita y desaparece yendo hacia lo desconocido en plena primavera, sin saborear los placeres sin fin de las diversas estaciones de la vida. . .<\/span><\/p>\n<p class=\"Normal P-12\"><span class=\"C-11\">\u00bfNos damos cuenta ahora del verdadero infinito de elementos conquistados por M\u00e9xico para deleite del alma humana, y esto sin salir de los semitonos?, pues al internarnos en los campos misteriosos de los tercios de tono, cuartos, quintos, etc\u00e9tera, hasta los dieciseisavos, los resultados son casi imposibles de predecir.<\/span><\/p>\n<p class=\"Normal P-12\"><span class=\"C-11\">Es, en realidad, milagrosa la posibilidad de ensanchar los horizontes del alma humana libr\u00e1ndola de la c\u00e1rcel de los semitonos donde estuvo encerrada durante siglos, para llevarla a un campo ub\u00e9rrimo de sensaciones infinitas y jam\u00e1s imaginadas.<\/span><\/p>\n<p class=\"Normal P-12\"><span class=\"C-11\">Juli\u00e1n Carrillo (Febrero 1965).<\/span><\/p>\n","protected":false},"excerpt":{"rendered":"<p>Al lograr la revoluci\u00f3n del Sonido 13 un n\u00famero infinito de escalas, el alma humana se enriqueci\u00f3 con elementos nunca so\u00f1ados, de gradaciones jam\u00e1s presentidas, pues la nueva m\u00fasica, como lo dijo atinadamente la distinguida pianista francesa Nelly Caron al escuchar mi Preludio a Col\u00f3n en la gran Sala de la UNESCO en Par\u00eds, \u00ab\u00a0Despierta [&hellip;]<\/p>\n","protected":false},"author":1,"featured_media":0,"parent":0,"menu_order":52,"comment_status":"closed","ping_status":"closed","template":"","meta":{"ocean_post_layout":"","ocean_both_sidebars_style":"","ocean_both_sidebars_content_width":0,"ocean_both_sidebars_sidebars_width":0,"ocean_sidebar":"","ocean_second_sidebar":"","ocean_disable_margins":"enable","ocean_add_body_class":"","ocean_shortcode_before_top_bar":"","ocean_shortcode_after_top_bar":"","ocean_shortcode_before_header":"","ocean_shortcode_after_header":"","ocean_has_shortcode":"","ocean_shortcode_after_title":"","ocean_shortcode_before_footer_widgets":"","ocean_shortcode_after_footer_widgets":"","ocean_shortcode_before_footer_bottom":"","ocean_shortcode_after_footer_bottom":"","ocean_display_top_bar":"default","ocean_display_header":"default","ocean_header_style":"","ocean_center_header_left_menu":"","ocean_custom_header_template":"","ocean_custom_logo":0,"ocean_custom_retina_logo":0,"ocean_custom_logo_max_width":0,"ocean_custom_logo_tablet_max_width":0,"ocean_custom_logo_mobile_max_width":0,"ocean_custom_logo_max_height":0,"ocean_custom_logo_tablet_max_height":0,"ocean_custom_logo_mobile_max_height":0,"ocean_header_custom_menu":"","ocean_menu_typo_font_family":"","ocean_menu_typo_font_subset":"","ocean_menu_typo_font_size":0,"ocean_menu_typo_font_size_tablet":0,"ocean_menu_typo_font_size_mobile":0,"ocean_menu_typo_font_size_unit":"px","ocean_menu_typo_font_weight":"","ocean_menu_typo_font_weight_tablet":"","ocean_menu_typo_font_weight_mobile":"","ocean_menu_typo_transform":"","ocean_menu_typo_transform_tablet":"","ocean_menu_typo_transform_mobile":"","ocean_menu_typo_line_height":0,"ocean_menu_typo_line_height_tablet":0,"ocean_menu_typo_line_height_mobile":0,"ocean_menu_typo_line_height_unit":"","ocean_menu_typo_spacing":0,"ocean_menu_typo_spacing_tablet":0,"ocean_menu_typo_spacing_mobile":0,"ocean_menu_typo_spacing_unit":"","ocean_menu_link_color":"","ocean_menu_link_color_hover":"","ocean_menu_link_color_active":"","ocean_menu_link_background":"","ocean_menu_link_hover_background":"","ocean_menu_link_active_background":"","ocean_menu_social_links_bg":"","ocean_menu_social_hover_links_bg":"","ocean_menu_social_links_color":"","ocean_menu_social_hover_links_color":"","ocean_disable_title":"default","ocean_disable_heading":"default","ocean_post_title":"","ocean_post_subheading":"","ocean_post_title_style":"","ocean_post_title_background_color":"","ocean_post_title_background":0,"ocean_post_title_bg_image_position":"","ocean_post_title_bg_image_attachment":"","ocean_post_title_bg_image_repeat":"","ocean_post_title_bg_image_size":"","ocean_post_title_height":0,"ocean_post_title_bg_overlay":0.5,"ocean_post_title_bg_overlay_color":"","ocean_disable_breadcrumbs":"default","ocean_breadcrumbs_color":"","ocean_breadcrumbs_separator_color":"","ocean_breadcrumbs_links_color":"","ocean_breadcrumbs_links_hover_color":"","ocean_display_footer_widgets":"default","ocean_display_footer_bottom":"default","ocean_custom_footer_template":"","footnotes":""},"wf_page_folders":[8],"class_list":["post-199","page","type-page","status-publish","hentry","entry"],"_links":{"self":[{"href":"https:\/\/sonido13.com\/index.php\/wp-json\/wp\/v2\/pages\/199","targetHints":{"allow":["GET"]}}],"collection":[{"href":"https:\/\/sonido13.com\/index.php\/wp-json\/wp\/v2\/pages"}],"about":[{"href":"https:\/\/sonido13.com\/index.php\/wp-json\/wp\/v2\/types\/page"}],"author":[{"embeddable":true,"href":"https:\/\/sonido13.com\/index.php\/wp-json\/wp\/v2\/users\/1"}],"replies":[{"embeddable":true,"href":"https:\/\/sonido13.com\/index.php\/wp-json\/wp\/v2\/comments?post=199"}],"version-history":[{"count":1,"href":"https:\/\/sonido13.com\/index.php\/wp-json\/wp\/v2\/pages\/199\/revisions"}],"predecessor-version":[{"id":200,"href":"https:\/\/sonido13.com\/index.php\/wp-json\/wp\/v2\/pages\/199\/revisions\/200"}],"wp:attachment":[{"href":"https:\/\/sonido13.com\/index.php\/wp-json\/wp\/v2\/media?parent=199"}],"wp:term":[{"taxonomy":"wf_page_folders","embeddable":true,"href":"https:\/\/sonido13.com\/index.php\/wp-json\/wp\/v2\/wf_page_folders?post=199"}],"curies":[{"name":"wp","href":"https:\/\/api.w.org\/{rel}","templated":true}]}}