{"id":197,"date":"2018-05-22T11:24:34","date_gmt":"2018-05-22T11:24:34","guid":{"rendered":"http:\/\/sonido13.com\/?page_id=197"},"modified":"2020-05-10T18:52:49","modified_gmt":"2020-05-10T18:52:49","slug":"concierto-unico","status":"publish","type":"page","link":"https:\/\/sonido13.com\/index.php\/concierto-unico\/","title":{"rendered":"CONCIERTO UNICO"},"content":{"rendered":"<p class=\"Normal P-12\"><span class=\"C-11\">\u00bfSer\u00e1 justificable denominar concierto \u00fanico al que se efectu\u00f3 el 15 de febrero de 1925, en el Teatro Principal de la ciudad de M\u00e9xico?<\/span><\/p>\n<p class=\"Normal P-12\"><span class=\"C-11\">Corresponde a El Universal, el gran peri\u00f3dico mexicano, una gran parte de este triunfo de M\u00e9xico, ya que fue en sus columnas en donde se desarroll\u00f3, en el a\u00f1o de 1924, la pol\u00e9mica m\u00e1s trascendental que haya habido en nuestra patria, pues se debat\u00eda no un problema local, sino algo que abarcaba al mundo entero y que ha sido de resultados tan grandes para el arte musical, que hasta me parece de justicia mencionar los nombres del \u00ab\u00a0Grupo 9\u00a0\u00bb que atac\u00f3 mis postulados y agradecerle que haya despertado la opini\u00f3n p\u00fablica hacia mi obra. Helos aqu\u00ed: licenciado don Ernesto Enr\u00edquez y maestro Estanislao Mej\u00eda, que viven a\u00fan; do\u00f1a Alba Herrera y Ogaz\u00f3n, pianista, doctor Jes\u00fas C. Romero, don Ignacio Montiel y L\u00f3pez, Luis A. Delgadillo, Pascual H. Toral, Roberto Guti\u00e9rrez Arreola y Manuel Barajas.<\/span><\/p>\n<p class=\"Normal P-12\"><span class=\"C-11\">Al terminar la pol\u00e9mica, me dirigi\u00f3 una carta abierta, en las propias columnas de El Universal, su director don Jos\u00e9 G\u00f3mez Ugarte, diciendo justificadamente que deb\u00edan terminar las discusiones y empezaran las demostraciones pr\u00e1cticas, y que me invitaba, por lo mismo, a presentar un concierto, patrocinado por el gran peri\u00f3dico, en el cual se tocaran obras con los nuevos sonidos conquistados en mi experimento del a\u00f1o de 1895.<\/span><\/p>\n<p class=\"Normal P-12\"><span class=\"C-11\">Acept\u00e9 de inmediato lo que se me ped\u00eda, y sin m\u00e1s elementos que un coro formado por mis alumnos, que jam\u00e1s hab\u00edan estudiado canto, (excepto la soprano Mar\u00eda Ahedo), una guitarra de cuartos de tono, primera que hubo en el mundo y que fue construida por don Baudelio Garc\u00eda, de Guadalajara, una flauta de cuartos de tono arreglada por Manuel Ascencio, una octavina, planeada por Jos\u00e9 Mar\u00eda Torres y yo, y un arpa de mi invenci\u00f3n que produc\u00eda dieciseisavos de tono, organic\u00e9 el concierto.<\/span><\/p>\n<p class=\"Normal P-12\"><span class=\"C-11\">\u00bfA qu\u00e9 se debe que, no obstante los a\u00f1os transcurridos (casi cuarenta), permanezca \u00fanico aquel concierto en los anales de la historia?<\/span><\/p>\n<p class=\"Normal P-12\"><span class=\"C-11\">La causa es f\u00e1cil de encontrar: que es necesaria una mentalidad idealista, abierta al progreso, y que no se detenga ante la lucha contra la rutina, y adem\u00e1s venir a la fuente del Sonido 13 para abrevar en ella los nuevos elementos: nuevos sonidos, nuevos instrumentos, pianos, arpas, guitarras, conocer la nueva escritura, ya que sin ella es imposible indicar los nuevos sonidos y aprender la t\u00e9cnica especial de la composici\u00f3n; sin todo ello, los compositores, aferrados al viejo sistema de los doce sonidos seguir\u00e1n ocupando un lugar secundario.<\/span><\/p>\n<p class=\"Normal P-12\"><span class=\"C-11\">Juli\u00e1n Carrillo (Febrero 1963)<\/span><\/p>\n","protected":false},"excerpt":{"rendered":"<p>\u00bfSer\u00e1 justificable denominar concierto \u00fanico al que se efectu\u00f3 el 15 de febrero de 1925, en el Teatro Principal de la ciudad de M\u00e9xico? Corresponde a El Universal, el gran peri\u00f3dico mexicano, una gran parte de este triunfo de M\u00e9xico, ya que fue en sus columnas en donde se desarroll\u00f3, en el a\u00f1o de 1924, [&hellip;]<\/p>\n","protected":false},"author":1,"featured_media":0,"parent":0,"menu_order":60,"comment_status":"closed","ping_status":"closed","template":"","meta":{"ocean_post_layout":"","ocean_both_sidebars_style":"","ocean_both_sidebars_content_width":0,"ocean_both_sidebars_sidebars_width":0,"ocean_sidebar":"","ocean_second_sidebar":"","ocean_disable_margins":"enable","ocean_add_body_class":"","ocean_shortcode_before_top_bar":"","ocean_shortcode_after_top_bar":"","ocean_shortcode_before_header":"","ocean_shortcode_after_header":"","ocean_has_shortcode":"","ocean_shortcode_after_title":"","ocean_shortcode_before_footer_widgets":"","ocean_shortcode_after_footer_widgets":"","ocean_shortcode_before_footer_bottom":"","ocean_shortcode_after_footer_bottom":"","ocean_display_top_bar":"default","ocean_display_header":"default","ocean_header_style":"","ocean_center_header_left_menu":"","ocean_custom_header_template":"","ocean_custom_logo":0,"ocean_custom_retina_logo":0,"ocean_custom_logo_max_width":0,"ocean_custom_logo_tablet_max_width":0,"ocean_custom_logo_mobile_max_width":0,"ocean_custom_logo_max_height":0,"ocean_custom_logo_tablet_max_height":0,"ocean_custom_logo_mobile_max_height":0,"ocean_header_custom_menu":"","ocean_menu_typo_font_family":"","ocean_menu_typo_font_subset":"","ocean_menu_typo_font_size":0,"ocean_menu_typo_font_size_tablet":0,"ocean_menu_typo_font_size_mobile":0,"ocean_menu_typo_font_size_unit":"px","ocean_menu_typo_font_weight":"","ocean_menu_typo_font_weight_tablet":"","ocean_menu_typo_font_weight_mobile":"","ocean_menu_typo_transform":"","ocean_menu_typo_transform_tablet":"","ocean_menu_typo_transform_mobile":"","ocean_menu_typo_line_height":0,"ocean_menu_typo_line_height_tablet":0,"ocean_menu_typo_line_height_mobile":0,"ocean_menu_typo_line_height_unit":"","ocean_menu_typo_spacing":0,"ocean_menu_typo_spacing_tablet":0,"ocean_menu_typo_spacing_mobile":0,"ocean_menu_typo_spacing_unit":"","ocean_menu_link_color":"","ocean_menu_link_color_hover":"","ocean_menu_link_color_active":"","ocean_menu_link_background":"","ocean_menu_link_hover_background":"","ocean_menu_link_active_background":"","ocean_menu_social_links_bg":"","ocean_menu_social_hover_links_bg":"","ocean_menu_social_links_color":"","ocean_menu_social_hover_links_color":"","ocean_disable_title":"default","ocean_disable_heading":"default","ocean_post_title":"","ocean_post_subheading":"","ocean_post_title_style":"","ocean_post_title_background_color":"","ocean_post_title_background":0,"ocean_post_title_bg_image_position":"","ocean_post_title_bg_image_attachment":"","ocean_post_title_bg_image_repeat":"","ocean_post_title_bg_image_size":"","ocean_post_title_height":0,"ocean_post_title_bg_overlay":0.5,"ocean_post_title_bg_overlay_color":"","ocean_disable_breadcrumbs":"default","ocean_breadcrumbs_color":"","ocean_breadcrumbs_separator_color":"","ocean_breadcrumbs_links_color":"","ocean_breadcrumbs_links_hover_color":"","ocean_display_footer_widgets":"default","ocean_display_footer_bottom":"default","ocean_custom_footer_template":"","footnotes":""},"wf_page_folders":[8],"class_list":["post-197","page","type-page","status-publish","hentry","entry"],"_links":{"self":[{"href":"https:\/\/sonido13.com\/index.php\/wp-json\/wp\/v2\/pages\/197","targetHints":{"allow":["GET"]}}],"collection":[{"href":"https:\/\/sonido13.com\/index.php\/wp-json\/wp\/v2\/pages"}],"about":[{"href":"https:\/\/sonido13.com\/index.php\/wp-json\/wp\/v2\/types\/page"}],"author":[{"embeddable":true,"href":"https:\/\/sonido13.com\/index.php\/wp-json\/wp\/v2\/users\/1"}],"replies":[{"embeddable":true,"href":"https:\/\/sonido13.com\/index.php\/wp-json\/wp\/v2\/comments?post=197"}],"version-history":[{"count":1,"href":"https:\/\/sonido13.com\/index.php\/wp-json\/wp\/v2\/pages\/197\/revisions"}],"predecessor-version":[{"id":198,"href":"https:\/\/sonido13.com\/index.php\/wp-json\/wp\/v2\/pages\/197\/revisions\/198"}],"wp:attachment":[{"href":"https:\/\/sonido13.com\/index.php\/wp-json\/wp\/v2\/media?parent=197"}],"wp:term":[{"taxonomy":"wf_page_folders","embeddable":true,"href":"https:\/\/sonido13.com\/index.php\/wp-json\/wp\/v2\/wf_page_folders?post=197"}],"curies":[{"name":"wp","href":"https:\/\/api.w.org\/{rel}","templated":true}]}}