{"id":1166,"date":"2018-05-26T15:29:45","date_gmt":"2018-05-26T15:29:45","guid":{"rendered":"http:\/\/sonido13.com\/?page_id=1166"},"modified":"2020-09-06T18:19:10","modified_gmt":"2020-09-06T18:19:10","slug":"escritura-musical-2","status":"publish","type":"page","link":"https:\/\/sonido13.com\/index.php\/escritura-musical-2\/","title":{"rendered":"ESCRITURA MUSICAL"},"content":{"rendered":"\t\t<div data-elementor-type=\"wp-post\" data-elementor-id=\"1166\" class=\"elementor elementor-1166\">\n\t\t\t\t\t\t<section class=\"elementor-section elementor-top-section elementor-element elementor-element-38601a9a elementor-section-boxed elementor-section-height-default elementor-section-height-default\" data-id=\"38601a9a\" data-element_type=\"section\" data-e-type=\"section\">\n\t\t\t\t\t\t<div class=\"elementor-container elementor-column-gap-default\">\n\t\t\t\t\t<div class=\"elementor-column elementor-col-100 elementor-top-column elementor-element elementor-element-7a2bf916\" data-id=\"7a2bf916\" data-element_type=\"column\" data-e-type=\"column\">\n\t\t\t<div class=\"elementor-widget-wrap elementor-element-populated\">\n\t\t\t\t\t\t<div class=\"elementor-element elementor-element-1d26d9c6 elementor-widget elementor-widget-text-editor\" data-id=\"1d26d9c6\" data-element_type=\"widget\" data-e-type=\"widget\" data-widget_type=\"text-editor.default\">\n\t\t\t\t<div class=\"elementor-widget-container\">\n\t\t\t\t\t\t\t\t\t<p>El distinguido pianista mexicano, Maestro Arturo Soriano, despu\u00e9s de haber realizado una visita a esta p\u00e1gina, y convencido del fundamento en cuesti\u00f3n nos hace llegar esta valios\u00edsima aportaci\u00f3n musical de su autor\u00eda, para enriquecer con ello el programa de difusi\u00f3n de la obra musical de nuestro ilustre Maestro Juli\u00e1n Carrillo.<\/p><p>La obra musical llamada Sonido 13 est\u00e1 regida por tres fundamentos: Enriquecimiento, Simplificaci\u00f3n y Purificaci\u00f3n de la m\u00fasica.\u00a0<\/p><p>El Enriquecimiento consiste en la gran cantidad de sonidos que se emplean dentro de la escala musical tradicional, y fuera de ella.<\/p><p>La Simplificaci\u00f3n consiste en el empleo de n\u00fameros en lugar de notas musicales para designar los sonidos ya mencionados.<\/p><p>Y la Purificaci\u00f3n es el uso de intervalos musicales que no producen tonos ni medios tonos, es decir, intervalos arm\u00f3nicos.<\/p><p>En esta ocasi\u00f3n nos ocuparemos de la\u00a0Simplificaci\u00f3n, \u00a0demostrando con ello que las obras de los m\u00e1s grandes maestros de la m\u00fasica pueden ser modificadas por medio de la numeraci\u00f3n para que cualquier persona pueda interpretar, con s\u00f3lo conocer los n\u00fameros, cualquier obra musical, por complicada o sencilla que esta sea.<\/p>\t\t\t\t\t\t\t\t<\/div>\n\t\t\t\t<\/div>\n\t\t\t\t\t<\/div>\n\t\t<\/div>\n\t\t\t\t\t<\/div>\n\t\t<\/section>\n\t\t\t\t<section class=\"elementor-section elementor-top-section elementor-element elementor-element-a6b7d4e elementor-section-boxed elementor-section-height-default elementor-section-height-default\" data-id=\"a6b7d4e\" data-element_type=\"section\" data-e-type=\"section\">\n\t\t\t\t\t\t<div class=\"elementor-container elementor-column-gap-default\">\n\t\t\t\t\t<div class=\"elementor-column elementor-col-100 elementor-top-column elementor-element elementor-element-273b870\" data-id=\"273b870\" data-element_type=\"column\" data-e-type=\"column\">\n\t\t\t<div class=\"elementor-widget-wrap elementor-element-populated\">\n\t\t\t\t\t\t<div class=\"elementor-element elementor-element-6245f35 elementor-widget-divider--view-line elementor-widget elementor-widget-divider\" data-id=\"6245f35\" data-element_type=\"widget\" data-e-type=\"widget\" data-widget_type=\"divider.default\">\n\t\t\t\t<div class=\"elementor-widget-container\">\n\t\t\t\t\t\t\t<div class=\"elementor-divider\">\n\t\t\t<span class=\"elementor-divider-separator\">\n\t\t\t\t\t\t<\/span>\n\t\t<\/div>\n\t\t\t\t\t\t<\/div>\n\t\t\t\t<\/div>\n\t\t\t\t\t<\/div>\n\t\t<\/div>\n\t\t\t\t\t<\/div>\n\t\t<\/section>\n\t\t\t\t<section class=\"elementor-section elementor-top-section elementor-element elementor-element-b075eaf elementor-section-boxed elementor-section-height-default elementor-section-height-default\" data-id=\"b075eaf\" data-element_type=\"section\" data-e-type=\"section\">\n\t\t\t\t\t\t<div class=\"elementor-container elementor-column-gap-default\">\n\t\t\t\t\t<div class=\"elementor-column elementor-col-50 elementor-top-column elementor-element elementor-element-d920d27\" data-id=\"d920d27\" data-element_type=\"column\" data-e-type=\"column\">\n\t\t\t<div class=\"elementor-widget-wrap elementor-element-populated\">\n\t\t\t\t\t\t<div class=\"elementor-element elementor-element-62d340a elementor-widget elementor-widget-text-editor\" data-id=\"62d340a\" data-element_type=\"widget\" data-e-type=\"widget\" data-widget_type=\"text-editor.default\">\n\t\t\t\t<div class=\"elementor-widget-container\">\n\t\t\t\t\t\t\t\t\t<h4>Juli\u00e1n Carrillo<\/h4><ul><li><a href=\"https:\/\/sonido13.com\/wp-content\/uploads\/2020\/08\/2-Reverie-Juli\u00e1n-Carrillo.pdf\">Reverie<\/a><\/li><li><a href=\"https:\/\/sonido13.com\/wp-content\/uploads\/2020\/08\/5-Nostalgico-Juli\u00e1n-Carrillo.pdf\">Nost\u00e1lgico<\/a><\/li><li><a href=\"https:\/\/sonido13.com\/wp-content\/uploads\/2020\/08\/6-Sherzando-Juli\u00e1n-Carrillo.pdf\">Sherzando<\/a><\/li><li><a href=\"https:\/\/sonido13.com\/wp-content\/uploads\/2020\/08\/7-Miercoles-santo-Juli\u00e1n-Carrillo.pdf\">Miercoles santo<\/a><\/li><li><a href=\"https:\/\/sonido13.com\/wp-content\/uploads\/2020\/08\/12-Estudio-piano-5os-de-tono-Juli\u00e1n-Carrillo.pdf\">Estudio piano 5os de tono<\/a><\/li><li><a href=\"https:\/\/sonido13.com\/wp-content\/uploads\/2020\/08\/16-preludio-para-piano-Media-noche-Juli\u00e1n-Carrillo.pdf\">Preludio para piano Media noche<\/a><\/li><li><a href=\"https:\/\/sonido13.com\/wp-content\/uploads\/2020\/08\/21-Gavota-de-la-1a-suite-para-orquesta-op.-1-Juli\u00e1n-Carrillo.pdf\">Gavota de la 1a suite para orquesta op. 1<\/a><\/li><li><a href=\"https:\/\/sonido13.com\/wp-content\/uploads\/2020\/08\/25-Ilusion.-Juli\u00e1n-Carrillo.pdf\">Ilucion<\/a><\/li><li><a href=\"https:\/\/sonido13.com\/wp-content\/uploads\/2020\/08\/26-Plenilunio-en-tepepan-Juli\u00e1n-Carrillo.pdf\">Plenilunio en tepepan<\/a><\/li><\/ul>\t\t\t\t\t\t\t\t<\/div>\n\t\t\t\t<\/div>\n\t\t\t\t\t<\/div>\n\t\t<\/div>\n\t\t\t\t<div class=\"elementor-column elementor-col-50 elementor-top-column elementor-element elementor-element-ef84f30\" data-id=\"ef84f30\" data-element_type=\"column\" data-e-type=\"column\">\n\t\t\t<div class=\"elementor-widget-wrap elementor-element-populated\">\n\t\t\t\t\t\t<div class=\"elementor-element elementor-element-41af97e elementor-widget elementor-widget-text-editor\" data-id=\"41af97e\" data-element_type=\"widget\" data-e-type=\"widget\" data-widget_type=\"text-editor.default\">\n\t\t\t\t<div class=\"elementor-widget-container\">\n\t\t\t\t\t\t\t\t\t<h4>Bach<\/h4><ul><li><a href=\"https:\/\/sonido13.com\/wp-content\/uploads\/2020\/08\/9-Preludio-1-J.S.-Bach.pdf\">Preludio 1<\/a><\/li><li><a href=\"https:\/\/sonido13.com\/wp-content\/uploads\/2020\/08\/17-preludio-2-de-J.S.-Bach.pdf\">Preludio 2<\/a><\/li><li><a href=\"https:\/\/sonido13.com\/wp-content\/uploads\/2020\/08\/18-preludio-2-con-moto-de-J.S.-Bach.pdf\">Preludio 2 con moto<\/a><\/li><li><a href=\"https:\/\/sonido13.com\/wp-content\/uploads\/2020\/08\/19-preludio-3-allegro-de-J.S.-Bach.pdf\">Preludio 3 allegro<\/a><\/li><li><a href=\"https:\/\/sonido13.com\/wp-content\/uploads\/2020\/08\/20-preludio-4-Allegretto-quieto-de-J.S.-Bach.pdf\">Preludio 4 allegretto quieto<\/a><\/li><li><a href=\"https:\/\/sonido13.com\/wp-content\/uploads\/2020\/08\/28-Invencion-1-J.S.-Bach.pdf\">Invenci\u00f3n 1<\/a><\/li><li><a href=\"https:\/\/sonido13.com\/wp-content\/uploads\/2020\/08\/29-Invencion-8-J.S.-Bach.pdf\">Invenci\u00f3n 8<\/a><\/li><li><a href=\"https:\/\/sonido13.com\/wp-content\/uploads\/2020\/08\/30-Invencion-13-J.S.-Bach.pdf\">Invenci\u00f3n 13<\/a><\/li><li><a href=\"https:\/\/sonido13.com\/wp-content\/uploads\/2020\/08\/31-Minueto-J.S.-Bach.pdf\">Minueto<\/a><\/li><\/ul>\t\t\t\t\t\t\t\t<\/div>\n\t\t\t\t<\/div>\n\t\t\t\t\t<\/div>\n\t\t<\/div>\n\t\t\t\t\t<\/div>\n\t\t<\/section>\n\t\t\t\t<section class=\"elementor-section elementor-top-section elementor-element elementor-element-7ebbe8d elementor-section-boxed elementor-section-height-default elementor-section-height-default\" data-id=\"7ebbe8d\" data-element_type=\"section\" data-e-type=\"section\">\n\t\t\t\t\t\t<div class=\"elementor-container elementor-column-gap-default\">\n\t\t\t\t\t<div class=\"elementor-column elementor-col-50 elementor-top-column elementor-element elementor-element-21f22ea\" data-id=\"21f22ea\" data-element_type=\"column\" data-e-type=\"column\">\n\t\t\t<div class=\"elementor-widget-wrap elementor-element-populated\">\n\t\t\t\t\t\t<div class=\"elementor-element elementor-element-37c21d5 elementor-widget elementor-widget-text-editor\" data-id=\"37c21d5\" data-element_type=\"widget\" data-e-type=\"widget\" data-widget_type=\"text-editor.default\">\n\t\t\t\t<div class=\"elementor-widget-container\">\n\t\t\t\t\t\t\t\t\t<h4>Chopin<\/h4><ul><li><a href=\"https:\/\/sonido13.com\/wp-content\/uploads\/2020\/08\/4-Polonesa-6-Chopin.pdf\">Polonesa 6<\/a><\/li><li><a href=\"https:\/\/sonido13.com\/wp-content\/uploads\/2020\/08\/11-Estudio-3-Chopin.pdf\">Estudio 3<\/a><\/li><li><a href=\"https:\/\/sonido13.com\/wp-content\/uploads\/2020\/08\/14-II-Largueto-del-concierto-para-piano-II-Op-21-de-F.-Chopin.pdf\"><span style=\"font-size: 16px;\">II Largueto del concierto para piano II Op 21<\/span><\/a><\/li><li><a href=\"https:\/\/sonido13.com\/wp-content\/uploads\/2020\/08\/20a-Polonesa-Op.-40-Num-1-de-F.-Chopin.pdf\">Polonesa Op. 40 Num 1<\/a><\/li><li><a href=\"https:\/\/sonido13.com\/wp-content\/uploads\/2020\/08\/36-Fantasia-impromtu-Chopin.pdf\">Fantasia impromtu<\/a><\/li><\/ul>\t\t\t\t\t\t\t\t<\/div>\n\t\t\t\t<\/div>\n\t\t\t\t\t<\/div>\n\t\t<\/div>\n\t\t\t\t<div class=\"elementor-column elementor-col-50 elementor-top-column elementor-element elementor-element-beca5dc\" data-id=\"beca5dc\" data-element_type=\"column\" data-e-type=\"column\">\n\t\t\t<div class=\"elementor-widget-wrap elementor-element-populated\">\n\t\t\t\t\t\t<div class=\"elementor-element elementor-element-874949a elementor-widget elementor-widget-text-editor\" data-id=\"874949a\" data-element_type=\"widget\" data-e-type=\"widget\" data-widget_type=\"text-editor.default\">\n\t\t\t\t<div class=\"elementor-widget-container\">\n\t\t\t\t\t\t\t\t\t<h4>Beethoven<\/h4><ul><li><a href=\"https:\/\/sonido13.com\/wp-content\/uploads\/2020\/08\/15-Para-Elisa-de-L.-V.-Beethoven.pdf\">Para Elisa<\/a><\/li><li><a href=\"https:\/\/sonido13.com\/wp-content\/uploads\/2020\/08\/24-Sonata-op-13-L.-V.-Beethoven.pdf\">Sonata op 13<\/a><\/li><li><a href=\"https:\/\/sonido13.com\/wp-content\/uploads\/2020\/08\/33-Sonata-27-2-L.-V.-Beethoven.pdf\">Sonata 27-2<\/a><\/li><\/ul>\t\t\t\t\t\t\t\t<\/div>\n\t\t\t\t<\/div>\n\t\t\t\t\t<\/div>\n\t\t<\/div>\n\t\t\t\t\t<\/div>\n\t\t<\/section>\n\t\t\t\t<section class=\"elementor-section elementor-top-section elementor-element elementor-element-d2db061 elementor-section-boxed elementor-section-height-default elementor-section-height-default\" data-id=\"d2db061\" data-element_type=\"section\" data-e-type=\"section\">\n\t\t\t\t\t\t<div class=\"elementor-container elementor-column-gap-default\">\n\t\t\t\t\t<div class=\"elementor-column elementor-col-50 elementor-top-column elementor-element elementor-element-ffc813b\" data-id=\"ffc813b\" data-element_type=\"column\" data-e-type=\"column\">\n\t\t\t<div class=\"elementor-widget-wrap elementor-element-populated\">\n\t\t\t\t\t\t<div class=\"elementor-element elementor-element-67c2f39 elementor-widget elementor-widget-text-editor\" data-id=\"67c2f39\" data-element_type=\"widget\" data-e-type=\"widget\" data-widget_type=\"text-editor.default\">\n\t\t\t\t<div class=\"elementor-widget-container\">\n\t\t\t\t\t\t\t\t\t<h4>Diversos<\/h4><ul><li>\u00a0<a href=\"https:\/\/sonido13.com\/wp-content\/uploads\/2020\/08\/1-Mozart_sonata_para_piano_15.pdf\">Sonata para piano 15 <span style=\"font-size: 16px; font-style: normal; font-weight: 400;\">Mozart<\/span><\/a><\/li><li><a href=\"https:\/\/sonido13.com\/wp-content\/uploads\/2020\/08\/3-Liebestraume-3-Liszt.pdf\">Liebestraume 3 Liszt<\/a><\/li><li><a href=\"https:\/\/sonido13.com\/wp-content\/uploads\/2020\/08\/8-Momentos-musicales-Shubert.pdf\">Momentos musicales Shubert<\/a><\/li><li><a href=\"https:\/\/sonido13.com\/wp-content\/uploads\/2020\/08\/10-Danza-hungara-5-Brahms.pdf\">Danza hungara 5 Brahms<\/a><\/li><li><a href=\"https:\/\/sonido13.com\/wp-content\/uploads\/2020\/08\/22-Intermezzo-de-Manuel-M.-Ponce.pdf\">Intermezzo de Manuel M. Ponce<\/a><\/li><li><a href=\"https:\/\/sonido13.com\/wp-content\/uploads\/2020\/08\/23-Tango-de-I.-Albeniz.pdf\">Tango de I. Albeniz<\/a><\/li><li><a href=\"https:\/\/sonido13.com\/wp-content\/uploads\/2020\/08\/32-Estudio-12.pdf\">Estudio 12<\/a><\/li><li><a href=\"https:\/\/sonido13.com\/wp-content\/uploads\/2020\/08\/34-Beriot.pdf\">Beriot<\/a><\/li><li><a href=\"https:\/\/sonido13.com\/wp-content\/uploads\/2020\/08\/35-piezas-liricas.pdf\">Piezas l\u00edricas<\/a><\/li><li><a href=\"https:\/\/sonido13.com\/wp-content\/uploads\/2020\/08\/38-Jarabe.pdf\">Jarabe<\/a><\/li><\/ul>\t\t\t\t\t\t\t\t<\/div>\n\t\t\t\t<\/div>\n\t\t\t\t\t<\/div>\n\t\t<\/div>\n\t\t\t\t<div class=\"elementor-column elementor-col-50 elementor-top-column elementor-element elementor-element-510ba4f\" data-id=\"510ba4f\" data-element_type=\"column\" data-e-type=\"column\">\n\t\t\t<div class=\"elementor-widget-wrap elementor-element-populated\">\n\t\t\t\t\t\t<div class=\"elementor-element elementor-element-e10935c elementor-widget elementor-widget-text-editor\" data-id=\"e10935c\" data-element_type=\"widget\" data-e-type=\"widget\" data-widget_type=\"text-editor.default\">\n\t\t\t\t<div class=\"elementor-widget-container\">\n\t\t\t\t\t\t\t\t\t<h4>Populares<\/h4><ul><li><a href=\"https:\/\/sonido13.com\/wp-content\/uploads\/2020\/08\/al-final.pdf\">Al final<\/a><\/li><li><a href=\"https:\/\/sonido13.com\/wp-content\/uploads\/2020\/08\/Almohada.pdf\">Almohada<\/a><\/li><li><a href=\"https:\/\/sonido13.com\/wp-content\/uploads\/2020\/08\/Amar-y-querer.pdf\">Amar y querer<\/a><\/li><li><a href=\"https:\/\/sonido13.com\/wp-content\/uploads\/2020\/08\/Amor-mio.pdf\">Amor mio<\/a><\/li><li><a href=\"https:\/\/sonido13.com\/wp-content\/uploads\/2020\/08\/Ayudame-dios-mio.pdf\">Ayudame Dios mio<\/a><\/li><li><a href=\"https:\/\/sonido13.com\/wp-content\/uploads\/2020\/08\/Bonita.pdf\">Bonita<\/a><\/li><li><a href=\"https:\/\/sonido13.com\/wp-content\/uploads\/2020\/08\/Candilejas.pdf\">Candilejas<\/a><\/li><li><a href=\"https:\/\/sonido13.com\/wp-content\/uploads\/2020\/08\/Como.pdf\">Como<\/a><\/li><li><a href=\"https:\/\/sonido13.com\/wp-content\/uploads\/2020\/08\/contigo-aprendi.pdf\">Contigo aprend\u00ed<\/a><\/li><li><a href=\"https:\/\/sonido13.com\/wp-content\/uploads\/2020\/08\/Contigo-en-la-distancia.pdf\">Contigo en la distancia<\/a><\/li><\/ul>\t\t\t\t\t\t\t\t<\/div>\n\t\t\t\t<\/div>\n\t\t\t\t\t<\/div>\n\t\t<\/div>\n\t\t\t\t\t<\/div>\n\t\t<\/section>\n\t\t\t\t<\/div>\n\t\t","protected":false},"excerpt":{"rendered":"<p>El distinguido pianista mexicano, Maestro Arturo Soriano, despu\u00e9s de haber realizado una visita a esta p\u00e1gina, y convencido del fundamento en cuesti\u00f3n nos hace llegar esta valios\u00edsima aportaci\u00f3n musical de su autor\u00eda, para enriquecer con ello el programa de difusi\u00f3n de la obra musical de nuestro ilustre Maestro Juli\u00e1n Carrillo. La obra musical llamada Sonido [&hellip;]<\/p>\n","protected":false},"author":1,"featured_media":0,"parent":0,"menu_order":-6,"comment_status":"closed","ping_status":"closed","template":"","meta":{"ocean_post_layout":"","ocean_both_sidebars_style":"","ocean_both_sidebars_content_width":0,"ocean_both_sidebars_sidebars_width":0,"ocean_sidebar":"","ocean_second_sidebar":"","ocean_disable_margins":"enable","ocean_add_body_class":"","ocean_shortcode_before_top_bar":"","ocean_shortcode_after_top_bar":"","ocean_shortcode_before_header":"","ocean_shortcode_after_header":"","ocean_has_shortcode":"","ocean_shortcode_after_title":"","ocean_shortcode_before_footer_widgets":"","ocean_shortcode_after_footer_widgets":"","ocean_shortcode_before_footer_bottom":"","ocean_shortcode_after_footer_bottom":"","ocean_display_top_bar":"default","ocean_display_header":"default","ocean_header_style":"","ocean_center_header_left_menu":"","ocean_custom_header_template":"","ocean_custom_logo":0,"ocean_custom_retina_logo":0,"ocean_custom_logo_max_width":0,"ocean_custom_logo_tablet_max_width":0,"ocean_custom_logo_mobile_max_width":0,"ocean_custom_logo_max_height":0,"ocean_custom_logo_tablet_max_height":0,"ocean_custom_logo_mobile_max_height":0,"ocean_header_custom_menu":"","ocean_menu_typo_font_family":"","ocean_menu_typo_font_subset":"","ocean_menu_typo_font_size":0,"ocean_menu_typo_font_size_tablet":0,"ocean_menu_typo_font_size_mobile":0,"ocean_menu_typo_font_size_unit":"px","ocean_menu_typo_font_weight":"","ocean_menu_typo_font_weight_tablet":"","ocean_menu_typo_font_weight_mobile":"","ocean_menu_typo_transform":"","ocean_menu_typo_transform_tablet":"","ocean_menu_typo_transform_mobile":"","ocean_menu_typo_line_height":0,"ocean_menu_typo_line_height_tablet":0,"ocean_menu_typo_line_height_mobile":0,"ocean_menu_typo_line_height_unit":"","ocean_menu_typo_spacing":0,"ocean_menu_typo_spacing_tablet":0,"ocean_menu_typo_spacing_mobile":0,"ocean_menu_typo_spacing_unit":"","ocean_menu_link_color":"","ocean_menu_link_color_hover":"","ocean_menu_link_color_active":"","ocean_menu_link_background":"","ocean_menu_link_hover_background":"","ocean_menu_link_active_background":"","ocean_menu_social_links_bg":"","ocean_menu_social_hover_links_bg":"","ocean_menu_social_links_color":"","ocean_menu_social_hover_links_color":"","ocean_disable_title":"default","ocean_disable_heading":"default","ocean_post_title":"","ocean_post_subheading":"","ocean_post_title_style":"","ocean_post_title_background_color":"","ocean_post_title_background":0,"ocean_post_title_bg_image_position":"","ocean_post_title_bg_image_attachment":"","ocean_post_title_bg_image_repeat":"","ocean_post_title_bg_image_size":"","ocean_post_title_height":0,"ocean_post_title_bg_overlay":0.5,"ocean_post_title_bg_overlay_color":"","ocean_disable_breadcrumbs":"default","ocean_breadcrumbs_color":"","ocean_breadcrumbs_separator_color":"","ocean_breadcrumbs_links_color":"","ocean_breadcrumbs_links_hover_color":"","ocean_display_footer_widgets":"default","ocean_display_footer_bottom":"default","ocean_custom_footer_template":"","footnotes":""},"wf_page_folders":[],"class_list":["post-1166","page","type-page","status-publish","hentry","entry"],"_links":{"self":[{"href":"https:\/\/sonido13.com\/index.php\/wp-json\/wp\/v2\/pages\/1166","targetHints":{"allow":["GET"]}}],"collection":[{"href":"https:\/\/sonido13.com\/index.php\/wp-json\/wp\/v2\/pages"}],"about":[{"href":"https:\/\/sonido13.com\/index.php\/wp-json\/wp\/v2\/types\/page"}],"author":[{"embeddable":true,"href":"https:\/\/sonido13.com\/index.php\/wp-json\/wp\/v2\/users\/1"}],"replies":[{"embeddable":true,"href":"https:\/\/sonido13.com\/index.php\/wp-json\/wp\/v2\/comments?post=1166"}],"version-history":[{"count":134,"href":"https:\/\/sonido13.com\/index.php\/wp-json\/wp\/v2\/pages\/1166\/revisions"}],"predecessor-version":[{"id":3108,"href":"https:\/\/sonido13.com\/index.php\/wp-json\/wp\/v2\/pages\/1166\/revisions\/3108"}],"wp:attachment":[{"href":"https:\/\/sonido13.com\/index.php\/wp-json\/wp\/v2\/media?parent=1166"}],"wp:term":[{"taxonomy":"wf_page_folders","embeddable":true,"href":"https:\/\/sonido13.com\/index.php\/wp-json\/wp\/v2\/wf_page_folders?post=1166"}],"curies":[{"name":"wp","href":"https:\/\/api.w.org\/{rel}","templated":true}]}}